{"id":27234,"date":"2023-04-14T08:26:45","date_gmt":"2023-04-14T06:26:45","guid":{"rendered":"https:\/\/baltichouse.eu\/?page_id=27234"},"modified":"2025-02-20T08:03:30","modified_gmt":"2025-02-20T06:03:30","slug":"%d0%ba%d0%be%d0%bd%d1%82%d0%b0%d0%ba%d1%82%d1%8b","status":"publish","type":"page","link":"https:\/\/baltichouse.eu\/ru\/kontakty\/%d0%ba%d0%be%d0%bd%d1%82%d0%b0%d0%ba%d1%82%d1%8b\/","title":{"rendered":"\u041f\u0440\u0435\u0434\u0441\u0442\u0430\u0432\u0438\u0442\u0435\u043b\u044c\u0441\u0442\u0432\u0430"},"content":{"rendered":"\n<style type=\"text\/css\" data-created_by=\"avia_inline_auto\" id=\"style-css-av-6ir7je-50608c3f2881fadcfb68d4e7df31f900\">\n.flex_column.av-6ir7je-50608c3f2881fadcfb68d4e7df31f900{\nborder-radius:0px 0px 0px 0px;\npadding:0px 0px 0px 0px;\n}\n<\/style>\n<div  class='flex_column av-6ir7je-50608c3f2881fadcfb68d4e7df31f900 av_one_full  avia-builder-el-0  el_before_av_one_half  avia-builder-el-first  first flex_column_div av-zero-column-padding  '     ><style type=\"text\/css\" data-created_by=\"avia_inline_auto\" id=\"style-css-av-kc4q7knj-db0dc05d2558f18125ac977cde9272d3\">\n#top .av-special-heading.av-kc4q7knj-db0dc05d2558f18125ac977cde9272d3{\npadding-bottom:10px;\n}\nbody .av-special-heading.av-kc4q7knj-db0dc05d2558f18125ac977cde9272d3 .av-special-heading-tag .heading-char{\nfont-size:25px;\n}\n.av-special-heading.av-kc4q7knj-db0dc05d2558f18125ac977cde9272d3 .av-subheading{\nfont-size:15px;\n}\n<\/style>\n<div  class='av-special-heading av-kc4q7knj-db0dc05d2558f18125ac977cde9272d3 av-special-heading-h3  avia-builder-el-1  avia-builder-el-no-sibling '><h3 class='av-special-heading-tag '  itemprop=\"headline\"  >Baltichouse Production O\u00dc<\/h3><div class=\"special-heading-border\"><div class=\"special-heading-inner-border\"><\/div><\/div><\/div><\/div>\n\n<style type=\"text\/css\" data-created_by=\"avia_inline_auto\" id=\"style-css-av-690eoi-b589b99b6407e50ccf7770c4a1110946\">\n#top .flex_column.av-690eoi-b589b99b6407e50ccf7770c4a1110946{\nmargin-top:0px;\nmargin-bottom:0px;\n}\n.flex_column.av-690eoi-b589b99b6407e50ccf7770c4a1110946{\nborder-radius:0px 0px 0px 0px;\npadding:0px 0px 0px 0px;\n}\n.responsive #top #wrap_all .flex_column.av-690eoi-b589b99b6407e50ccf7770c4a1110946{\nmargin-top:0px;\nmargin-bottom:0px;\n}\n<\/style>\n<div  class='flex_column av-690eoi-b589b99b6407e50ccf7770c4a1110946 av_one_half  avia-builder-el-2  el_after_av_one_full  el_before_av_one_half  first flex_column_div av-zero-column-padding  column-top-margin'     ><p><section  class='av_textblock_section av-lpsdknfu-0104752997bfc5a65ed061b4acc2f0bf '   itemscope=\"itemscope\" itemtype=\"https:\/\/schema.org\/CreativeWork\" ><div class='avia_textblock'  itemprop=\"text\" ><p>\u0420\u0435\u0433\u0438\u0441\u0442\u0440\u0430\u0446\u0438\u043e\u043d\u043d\u044b\u0439 \u043d\u043e\u043c\u0435\u0440: 11669568<\/p>\n<p>KMKR: EE101615802<\/p>\n<\/div><\/section><br \/>\n<section  class='av_textblock_section av-60pr4y-32d876ad43b11d6c38499673276f9b94 '   itemscope=\"itemscope\" itemtype=\"https:\/\/schema.org\/CreativeWork\" ><div class='avia_textblock'  itemprop=\"text\" ><table style=\"border-collapse: collapse; width: 100%;\" border=\"0\">\n<tbody>\n<tr style=\"height: 23px;\">\n<td style=\"width: 50%; height: 23px;\">\n<style type=\"text\/css\" data-created_by=\"avia_inline_auto\" id=\"style-css-av-lad7u-7d8d4d635b876770e5dd0cf82fe5d14d\">\n.av_font_icon.av-lad7u-7d8d4d635b876770e5dd0cf82fe5d14d{\ncolor:#f96400;\nborder-color:#f96400;\n}\n.av_font_icon.av-lad7u-7d8d4d635b876770e5dd0cf82fe5d14d .av-icon-char{\nfont-size:40px;\nline-height:40px;\n}\n<\/style>\n<span  class='av_font_icon av-lad7u-7d8d4d635b876770e5dd0cf82fe5d14d avia_animate_when_visible av-icon-style- avia-icon-pos-center avia-icon-animate'><a href='tel:+372 53 456 476'   class='av-icon-char' aria-hidden='false' data-av_icon='\ue8ac' data-av_iconfont='entypo-fontello' data-avia-icon-tooltip=\"&lt;br \/&gt;\n\u041d\u0430\u0436\u043c\u0438\u0442\u0435 \u043d\u0430 \u0438\u043a\u043e\u043d\u043a\u0443, \u0447\u0442\u043e\u0431\u044b \u043f\u043e\u0437\u0432\u043e\u043d\u0438\u0442\u044c&lt;br \/&gt;\n\"><\/a><\/span><\/p>\n<p style=\"text-align: center;\">+372 53 456 476<\/p>\n<\/td>\n<td style=\"width: 50%; height: 23px;\">\n<style type=\"text\/css\" data-created_by=\"avia_inline_auto\" id=\"style-css-av-kh8lu-116b620ccfd72e539f2f80aafcd8a5c9\">\n.av_font_icon.av-kh8lu-116b620ccfd72e539f2f80aafcd8a5c9{\ncolor:#f96400;\nborder-color:#f96400;\n}\n.av_font_icon.av-kh8lu-116b620ccfd72e539f2f80aafcd8a5c9 .av-icon-char{\nfont-size:40px;\nline-height:40px;\n}\n<\/style>\n<span  class='av_font_icon av-kh8lu-116b620ccfd72e539f2f80aafcd8a5c9 avia_animate_when_visible av-icon-style- avia-icon-pos-center avia-icon-animate'><a href='mailto:myyk@baltichouse.eu'   class='av-icon-char' aria-hidden='false' data-av_icon='\ue805' data-av_iconfont='entypo-fontello' ><\/a><\/span><\/p>\n<p style=\"text-align: center;\">myyk@baltichouse.eu<\/p>\n<\/td>\n<\/tr>\n<\/tbody>\n<\/table>\n<\/div><\/section><br \/>\n<section  class='av_textblock_section av-kdehkr06-b41ebb956c9f689e40f2c13d414e395d '   itemscope=\"itemscope\" itemtype=\"https:\/\/schema.org\/CreativeWork\" ><div class='avia_textblock top-47'  itemprop=\"text\" ><p>\u041f\u043e\u0436\u0430\u043b\u0443\u0439\u0441\u0442\u0430, \u0434\u043e\u0433\u043e\u0432\u043e\u0440\u0438\u0442\u0435\u0441\u044c \u043e \u0432\u0440\u0435\u043c\u0435\u043d\u0438 \u043a\u043e\u043d\u0441\u0443\u043b\u044c\u0442\u0430\u0446\u0438\u0438 \u0437\u0430\u0440\u0430\u043d\u0435\u0435.<\/p>\n<\/div><\/section><br \/>\n<div  class='togglecontainer av-kdehfhre-872b6fa9e0c81c0d9d35dca1509dfe04  avia-builder-el-8  el_after_av_textblock  avia-builder-el-last  toggle_close_all' >\n<section class='av_toggle_section av-6d9khy7-64b0a3b84fed016afe7275bcf6bbd129'  itemscope=\"itemscope\" itemtype=\"https:\/\/schema.org\/CreativeWork\" ><div role=\"tablist\" class=\"single_toggle\" data-tags=\"{\u0412\u0441\u0435} \"  ><p id='toggle-toggle-id-1' data-fake-id='#toggle-id-1' class='toggler  av-title-above '  itemprop=\"headline\"  role='tab' tabindex='0' aria-controls='toggle-id-1' data-slide-speed=\"200\" data-title=\"\u0417\u0430\u0431\u0440\u043e\u043d\u0438\u0440\u0443\u0439\u0442\u0435 \u0432\u0440\u0435\u043c\u044f \u0438\u043b\u0438 \u0437\u0430\u0434\u0430\u0439\u0442\u0435 \u0432\u043e\u043f\u0440\u043e\u0441\" data-title-open=\"\" data-aria_collapsed=\"Click to expand: \u0417\u0430\u0431\u0440\u043e\u043d\u0438\u0440\u0443\u0439\u0442\u0435 \u0432\u0440\u0435\u043c\u044f \u0438\u043b\u0438 \u0437\u0430\u0434\u0430\u0439\u0442\u0435 \u0432\u043e\u043f\u0440\u043e\u0441\" data-aria_expanded=\"Click to collapse: \u0417\u0430\u0431\u0440\u043e\u043d\u0438\u0440\u0443\u0439\u0442\u0435 \u0432\u0440\u0435\u043c\u044f \u0438\u043b\u0438 \u0437\u0430\u0434\u0430\u0439\u0442\u0435 \u0432\u043e\u043f\u0440\u043e\u0441\">\u0417\u0430\u0431\u0440\u043e\u043d\u0438\u0440\u0443\u0439\u0442\u0435 \u0432\u0440\u0435\u043c\u044f \u0438\u043b\u0438 \u0437\u0430\u0434\u0430\u0439\u0442\u0435 \u0432\u043e\u043f\u0440\u043e\u0441<span class=\"toggle_icon\"><span class=\"vert_icon\"><\/span><span class=\"hor_icon\"><\/span><\/span><\/p><div id='toggle-id-1' aria-labelledby='toggle-toggle-id-1' role='region' class='toggle_wrap  av-title-above'  ><div class='toggle_content invers-color '  itemprop=\"text\" >\n<div class=\"wpcf7 no-js\" id=\"wpcf7-f6169-o1\" lang=\"et\" dir=\"ltr\" data-wpcf7-id=\"6169\">\n<div class=\"screen-reader-response\"><p role=\"status\" aria-live=\"polite\" aria-atomic=\"true\"><\/p> <ul><\/ul><\/div>\n<form action=\"\/ru\/wp-json\/wp\/v2\/pages\/27234#wpcf7-f6169-o1\" method=\"post\" class=\"wpcf7-form init\" aria-label=\"Contact form\" novalidate=\"novalidate\" data-status=\"init\">\n<fieldset class=\"hidden-fields-container\"><input type=\"hidden\" name=\"_wpcf7\" value=\"6169\" \/><input type=\"hidden\" name=\"_wpcf7_version\" value=\"6.1.5\" \/><input type=\"hidden\" name=\"_wpcf7_locale\" value=\"et\" \/><input type=\"hidden\" name=\"_wpcf7_unit_tag\" value=\"wpcf7-f6169-o1\" \/><input type=\"hidden\" name=\"_wpcf7_container_post\" value=\"0\" \/><input type=\"hidden\" name=\"_wpcf7_posted_data_hash\" value=\"\" \/>\n<\/fieldset>\n<div class=\"wpcf7-turnstile cf-turnstile\" data-sitekey=\"0x4AAAAAABXF_5hy_h_eZJ6v\" data-response-field-name=\"_wpcf7_turnstile_response\"><\/div>\n\n<h3>Infop\u00e4ring\n<\/h3>\n<p><span class=\"wpcf7-form-control-wrap\" data-name=\"your-name\"><input size=\"40\" maxlength=\"400\" class=\"wpcf7-form-control wpcf7-text wpcf7-validates-as-required\" aria-required=\"true\" aria-invalid=\"false\" placeholder=\"Nimi\" value=\"\" type=\"text\" name=\"your-name\" \/><\/span><br \/>\n<span class=\"wpcf7-form-control-wrap\" data-name=\"your-email\"><input size=\"40\" maxlength=\"400\" class=\"wpcf7-form-control wpcf7-email wpcf7-validates-as-required wpcf7-text wpcf7-validates-as-email\" aria-required=\"true\" aria-invalid=\"false\" placeholder=\"Email\" value=\"\" type=\"email\" name=\"your-email\" \/><\/span><br \/>\n<span class=\"wpcf7-form-control-wrap\" data-name=\"tel-440\"><input size=\"40\" maxlength=\"400\" class=\"wpcf7-form-control wpcf7-text\" aria-invalid=\"false\" placeholder=\"Telefon\" value=\"\" type=\"text\" name=\"tel-440\" \/><\/span><br \/>\n<span class=\"wpcf7-form-control-wrap\" data-name=\"kysimused\"><textarea cols=\"40\" rows=\"10\" maxlength=\"2000\" class=\"wpcf7-form-control wpcf7-textarea wpcf7-validates-as-required\" aria-required=\"true\" aria-invalid=\"false\" placeholder=\"K\u00fcsimused\" name=\"kysimused\"><\/textarea><\/span><br \/>\n<input class=\"wpcf7-form-control wpcf7-submit has-spinner\" type=\"submit\" value=\"Saada\" \/>\n<\/p><div class=\"wpcf7-response-output\" aria-hidden=\"true\"><\/div>\n<\/form>\n<\/div>\n\n<\/div><\/div><\/div><\/section>\n<\/div><\/p><\/div>\n\n<style type=\"text\/css\" data-created_by=\"avia_inline_auto\" id=\"style-css-av-5c9gju-d7fa6a2b69b47b76d17927c6f04a018d\">\n#top .flex_column.av-5c9gju-d7fa6a2b69b47b76d17927c6f04a018d{\nmargin-top:0px;\nmargin-bottom:0px;\n}\n.flex_column.av-5c9gju-d7fa6a2b69b47b76d17927c6f04a018d{\nborder-radius:0px 0px 0px 0px;\npadding:0px 0px 0px 0px;\n}\n.responsive #top #wrap_all .flex_column.av-5c9gju-d7fa6a2b69b47b76d17927c6f04a018d{\nmargin-top:0px;\nmargin-bottom:0px;\n}\n<\/style>\n<div  class='flex_column av-5c9gju-d7fa6a2b69b47b76d17927c6f04a018d av_one_half  avia-builder-el-9  el_after_av_one_half  el_before_av_one_full  flex_column_div av-zero-column-padding  column-top-margin'     ><div class='avia-data-table-wrap av-5749vu-a076896f77c53ce6ed642ae83b049bb2 avia_responsive_table avia-table-1'><table  class='avia-table avia-data-table avia_pricing_default  avia-builder-el-10  avia-builder-el-no-sibling '  itemscope=\"itemscope\" itemtype=\"https:\/\/schema.org\/Table\" ><tbody><tr class=''><td class=''>\u0422\u0430\u0440\u0442\u0443\u0441\u043a\u0438\u0439 \u043e\u0444\u0438\u0441:<\/td><td class=''>\u041a\u0430\u0441\u0441\u0438\u0441\u0438\u043b\u044c\u043c\u0430 6, \u0420\u044f\u043d\u0438 \u0430\u043b\u0435\u0432\u0438\u043a, \u0432\u043e\u043b\u043e\u0441\u0442\u044c \u0423\u043b\u0435\u043d\u0443\u0440\u043c\u0435, \u0422\u0430\u0440\u0442\u0443\u0443\u043c\u0430\u0430<br \/>\n<\/td><\/tr><tr class=''><td class=''>\u041f\u0440\u0435\u0434\u0441\u0442\u0430\u0432\u0438\u0442\u0435\u043b\u044c\u0441\u0442\u0432\u043e \u0432 \u0412\u0438\u043b\u044c\u044f\u043d\u0434\u0438:<\/td><td class=''>\u041b\u043e\u0441\u0441\u0438 42, \u0412\u0438\u043b\u044c\u044f\u043d\u0434\u0438, \u0412\u0438\u043b\u044c\u044f\u043d\u0434\u0438\u043c\u0430\u0430<\/td><\/tr><tr class=''><td class=''>\u0422\u0430\u043b\u043b\u0438\u043d\u043d\u0441\u043a\u0438\u0439 \u043e\u0444\u0438\u0441:<\/td><td class=''>Sepise 1, \u0422\u0430\u043b\u043b\u0438\u043d\u043d (\u00dclemiste), Harjumaa<\/td><\/tr><tr class=''><td class=''>\u0421\u0434\u0430\u0447\u0430 \u0434\u043e\u043c\u043e\u0432 \u0432 \u0430\u0440\u0435\u043d\u0434\u0443:<\/td><td class=''>\u0420\u0438\u0441\u0443 \u0442\u0435\u044d 2, \u041f\u0438\u0445\u0432\u0430 \u043a\u044e\u043b\u0430, 61407 \u0422\u0430\u0440\u0442\u0443\u0441\u043a\u0438\u0439 \u0443\u0435\u0437\u0434<br \/>\n\u041f\u043d-\u041f\u0442 8:00-14:30<\/td><\/tr><tr class=''><td class=''>\u041f\u0440\u0435\u0434\u0441\u0442\u0430\u0432\u0438\u0442\u0435\u043b\u044c \u041b\u0430\u0442\u0432\u0438\u0438:<\/td><td class=''>\u0100da\u017ei, \u0100da\u017eu pagasts, \u0100da\u017eu novads, \u041b\u0430\u0442\u0432\u0438\u044f<\/td><\/tr><\/tbody><\/table><\/div><\/div>\n\n<style type=\"text\/css\" data-created_by=\"avia_inline_auto\" id=\"style-css-av-y9hkq-88f31be3ee5f8c9d3f2b111c3f294955\">\n.flex_column.av-y9hkq-88f31be3ee5f8c9d3f2b111c3f294955{\nborder-radius:0px 0px 0px 0px;\npadding:0px 0px 0px 0px;\n}\n<\/style>\n<div  class='flex_column av-y9hkq-88f31be3ee5f8c9d3f2b111c3f294955 av_one_full  avia-builder-el-11  el_after_av_one_half  avia-builder-el-last  first flex_column_div av-zero-column-padding  column-top-margin'     ><\/div>\n","protected":false},"excerpt":{"rendered":"","protected":false},"author":1,"featured_media":0,"parent":13332,"menu_order":37,"comment_status":"closed","ping_status":"closed","template":"","meta":{"footnotes":""},"class_list":["post-27234","page","type-page","status-publish","hentry"],"_links":{"self":[{"href":"https:\/\/baltichouse.eu\/ru\/wp-json\/wp\/v2\/pages\/27234","targetHints":{"allow":["GET"]}}],"collection":[{"href":"https:\/\/baltichouse.eu\/ru\/wp-json\/wp\/v2\/pages"}],"about":[{"href":"https:\/\/baltichouse.eu\/ru\/wp-json\/wp\/v2\/types\/page"}],"author":[{"embeddable":true,"href":"https:\/\/baltichouse.eu\/ru\/wp-json\/wp\/v2\/users\/1"}],"replies":[{"embeddable":true,"href":"https:\/\/baltichouse.eu\/ru\/wp-json\/wp\/v2\/comments?post=27234"}],"version-history":[{"count":3,"href":"https:\/\/baltichouse.eu\/ru\/wp-json\/wp\/v2\/pages\/27234\/revisions"}],"predecessor-version":[{"id":43358,"href":"https:\/\/baltichouse.eu\/ru\/wp-json\/wp\/v2\/pages\/27234\/revisions\/43358"}],"up":[{"embeddable":true,"href":"https:\/\/baltichouse.eu\/ru\/wp-json\/wp\/v2\/pages\/13332"}],"wp:attachment":[{"href":"https:\/\/baltichouse.eu\/ru\/wp-json\/wp\/v2\/media?parent=27234"}],"curies":[{"name":"wp","href":"https:\/\/api.w.org\/{rel}","templated":true}]}}