{"id":5684,"date":"2014-09-26T17:23:42","date_gmt":"2014-09-26T17:23:42","guid":{"rendered":"https:\/\/baltichouse.eu\/arendus\/lv\/kontakti\/baltichouse\/"},"modified":"2026-04-06T14:51:37","modified_gmt":"2026-04-06T11:51:37","slug":"kontakti","status":"publish","type":"page","link":"https:\/\/baltichouse.eu\/lv\/kontakti\/","title":{"rendered":"Kontakti"},"content":{"rendered":"\n<style type=\"text\/css\" data-created_by=\"avia_inline_auto\" id=\"style-css-av-6ir7je-50608c3f2881fadcfb68d4e7df31f900\">\n.flex_column.av-6ir7je-50608c3f2881fadcfb68d4e7df31f900{\nborder-radius:0px 0px 0px 0px;\npadding:0px 0px 0px 0px;\n}\n<\/style>\n<div  class='flex_column av-6ir7je-50608c3f2881fadcfb68d4e7df31f900 av_one_full  avia-builder-el-0  el_before_av_one_fifth  avia-builder-el-first  first flex_column_div av-zero-column-padding  '     ><style type=\"text\/css\" data-created_by=\"avia_inline_auto\" id=\"style-css-av-6c8cai-b16d1a248cb753b6f86d71c7f144c148\">\n#top .av-special-heading.av-6c8cai-b16d1a248cb753b6f86d71c7f144c148{\npadding-bottom:10px;\n}\nbody .av-special-heading.av-6c8cai-b16d1a248cb753b6f86d71c7f144c148 .av-special-heading-tag .heading-char{\nfont-size:25px;\n}\n.av-special-heading.av-6c8cai-b16d1a248cb753b6f86d71c7f144c148 .av-subheading{\nfont-size:15px;\n}\n<\/style>\n<div  class='av-special-heading av-6c8cai-b16d1a248cb753b6f86d71c7f144c148 av-special-heading-h3  avia-builder-el-1  avia-builder-el-no-sibling '><h3 class='av-special-heading-tag '  itemprop=\"headline\"  >Baltichouse Production O\u00dc<\/h3><div class=\"special-heading-border\"><div class=\"special-heading-inner-border\"><\/div><\/div><\/div><\/div>\n\n<style type=\"text\/css\" data-created_by=\"avia_inline_auto\" id=\"style-css-av-3l597o-649a25ad02559753d47b480c7b0ee12d\">\n.flex_column.av-3l597o-649a25ad02559753d47b480c7b0ee12d{\nborder-radius:0px 0px 0px 0px;\npadding:0px 0px 0px 0px;\n}\n<\/style>\n<div  class='flex_column av-3l597o-649a25ad02559753d47b480c7b0ee12d av_one_fifth  avia-builder-el-2  el_after_av_one_full  el_before_av_one_third  first flex_column_div av-zero-column-padding  column-top-margin'     ><\/div>\n\n<style type=\"text\/css\" data-created_by=\"avia_inline_auto\" id=\"style-css-av-rq62-f504159166d615cd3126609aa9be29aa\">\n.flex_column.av-rq62-f504159166d615cd3126609aa9be29aa{\nborder-radius:0px 0px 0px 0px;\npadding:0px 0px 0px 0px;\n}\n<\/style>\n<div  class='flex_column av-rq62-f504159166d615cd3126609aa9be29aa av_one_third  avia-builder-el-3  el_after_av_one_fifth  el_before_av_one_third  flex_column_div av-zero-column-padding  column-top-margin'     ><section  class='avia-team-member av-kpe05fgl-5b9b3c83e11f0875cc40e5ad6634e35f  avia-builder-el-4  avia-builder-el-no-sibling  team-secondary'  itemscope=\"itemscope\" itemtype=\"https:\/\/schema.org\/Person\" ><div class=\"team-img-container\"><img decoding=\"async\" fetchpriority=\"high\" class='wp-image-23194 avia-img-lazy-loading-not-23194 avia_image avia_image_team' src=\"https:\/\/baltichouse.eu\/wp-content\/uploads\/2019\/05\/Gert-Kiilasp\u00e4-1.jpg?wsr\" alt='Gert Kiilasp\u00e4'  itemprop=\"image\"   height=\"800\" width=\"600\" srcset=\"https:\/\/baltichouse.eu\/wp-content\/uploads\/2019\/05\/Gert-Kiilasp\u00e4-1.jpg 600w, https:\/\/baltichouse.eu\/wp-content\/uploads\/2019\/05\/Gert-Kiilasp\u00e4-1-450x600.jpg 450w, https:\/\/baltichouse.eu\/wp-content\/uploads\/2019\/05\/Gert-Kiilasp\u00e4-1-150x200.jpg 150w, https:\/\/baltichouse.eu\/wp-content\/uploads\/2019\/05\/Gert-Kiilasp\u00e4-1-529x705.jpg 529w\" sizes=\"(max-width: 600px) 100vw, 600px\" \/><\/div><h3 class='team-member-name '  itemprop=\"name\" >Gert Kiilasp\u00e4<\/h3><div class='team-member-job-title '  itemprop=\"jobTitle\" >Elementu m\u0101ju, un d\u0101rza m\u0101ju p\u0101rdo\u0161ana<\/div><div class='team-member-description '  itemprop=\"description\" ><p>+371 29 505 020<\/p>\n<p><a href=\"mailto:gert@baltichouse.eu\">gert@baltichouse.eu<\/a><\/p>\n<\/div><span class='hidden team-member-affiliation'  itemprop=\"affiliation\" >BalticHouse<\/span><\/section><\/div>\n\n<style type=\"text\/css\" data-created_by=\"avia_inline_auto\" id=\"style-css-av-mnn4qsuf-286e79b8baf81cf2a0ccb2fe8b6ceb4d\">\n.flex_column.av-mnn4qsuf-286e79b8baf81cf2a0ccb2fe8b6ceb4d{\nborder-radius:0px 0px 0px 0px;\npadding:0px 0px 0px 0px;\n}\n<\/style>\n<div  class='flex_column av-mnn4qsuf-286e79b8baf81cf2a0ccb2fe8b6ceb4d av_one_third  avia-builder-el-5  el_after_av_one_third  el_before_av_hr  hidden flex_column_div av-zero-column-padding  column-top-margin'     ><section  class='avia-team-member av-23qvys-5b4c9eae4796a31078d322912ce3564c  avia-builder-el-6  avia-builder-el-no-sibling  team-secondary'  itemscope=\"itemscope\" itemtype=\"https:\/\/schema.org\/Person\" ><div class=\"team-img-container\"><img decoding=\"async\" fetchpriority=\"high\" class='wp-image-32160 avia-img-lazy-loading-not-32160 avia_image avia_image_team' src=\"https:\/\/baltichouse.eu\/wp-content\/uploads\/2021\/05\/Carmen_T-1.jpeg?wsr\" alt='Carmen Toomsalu'  itemprop=\"image\"   height=\"800\" width=\"600\" srcset=\"https:\/\/baltichouse.eu\/wp-content\/uploads\/2021\/05\/Carmen_T-1.jpeg 600w, https:\/\/baltichouse.eu\/wp-content\/uploads\/2021\/05\/Carmen_T-1-450x600.jpeg 450w, https:\/\/baltichouse.eu\/wp-content\/uploads\/2021\/05\/Carmen_T-1-165x220.jpeg 165w, https:\/\/baltichouse.eu\/wp-content\/uploads\/2021\/05\/Carmen_T-1-529x705.jpeg 529w\" sizes=\"(max-width: 600px) 100vw, 600px\" \/><\/div><h3 class='team-member-name '  itemprop=\"name\" >Carmen Toomsalu<\/h3><div class='team-member-job-title '  itemprop=\"jobTitle\" >D\u0101rza m\u0101ju, un pirts p\u0101rdo\u0161ana<\/div><div class='team-member-description '  itemprop=\"description\" ><p>+372 550 2900<\/p>\n<p><a href=\"mailto:carmen@baltichouse.eu\">carmen@baltichouse.eu<\/a><\/p>\n<\/div><span class='hidden team-member-affiliation'  itemprop=\"affiliation\" >BalticHouse<\/span><\/section><\/div>\n\n<style type=\"text\/css\" data-created_by=\"avia_inline_auto\" id=\"style-css-av-kcu7apda-3c788c89878665d1f3a93ee149e3f222\">\n#top .hr.av-kcu7apda-3c788c89878665d1f3a93ee149e3f222{\nmargin-top:20px;\nmargin-bottom:20px;\n}\n.hr.av-kcu7apda-3c788c89878665d1f3a93ee149e3f222 .hr-inner{\nwidth:80%;\nborder-color:#dddddd;\n}\n<\/style>\n<div  class='hr av-kcu7apda-3c788c89878665d1f3a93ee149e3f222 hr-custom  avia-builder-el-7  el_after_av_one_third  avia-builder-el-last  hr-center hr-icon-no'><span class='hr-inner inner-border-av-border-thin'><span class=\"hr-inner-style\"><\/span><\/span><\/div>\n","protected":false},"excerpt":{"rendered":"","protected":false},"author":1,"featured_media":0,"parent":0,"menu_order":31,"comment_status":"closed","ping_status":"closed","template":"","meta":{"footnotes":""},"class_list":["post-5684","page","type-page","status-publish","hentry"],"_links":{"self":[{"href":"https:\/\/baltichouse.eu\/lv\/wp-json\/wp\/v2\/pages\/5684","targetHints":{"allow":["GET"]}}],"collection":[{"href":"https:\/\/baltichouse.eu\/lv\/wp-json\/wp\/v2\/pages"}],"about":[{"href":"https:\/\/baltichouse.eu\/lv\/wp-json\/wp\/v2\/types\/page"}],"author":[{"embeddable":true,"href":"https:\/\/baltichouse.eu\/lv\/wp-json\/wp\/v2\/users\/1"}],"replies":[{"embeddable":true,"href":"https:\/\/baltichouse.eu\/lv\/wp-json\/wp\/v2\/comments?post=5684"}],"version-history":[{"count":26,"href":"https:\/\/baltichouse.eu\/lv\/wp-json\/wp\/v2\/pages\/5684\/revisions"}],"predecessor-version":[{"id":50274,"href":"https:\/\/baltichouse.eu\/lv\/wp-json\/wp\/v2\/pages\/5684\/revisions\/50274"}],"wp:attachment":[{"href":"https:\/\/baltichouse.eu\/lv\/wp-json\/wp\/v2\/media?parent=5684"}],"curies":[{"name":"wp","href":"https:\/\/api.w.org\/{rel}","templated":true}]}}