{"id":5459,"date":"2016-02-17T09:35:51","date_gmt":"2016-02-17T09:35:51","guid":{"rendered":"https:\/\/baltichouse.eu\/lv\/?page_id=5459"},"modified":"2026-03-23T15:42:02","modified_gmt":"2026-03-23T13:42:02","slug":"nosacijumi","status":"publish","type":"page","link":"https:\/\/baltichouse.eu\/lv\/rikojums\/nosacijumi\/","title":{"rendered":"Abon\u0113\u0161anas nosac\u012bjumi"},"content":{"rendered":"<h3>Visp\u0101r\u012bgie noteikumi un nosac\u012bjumi pas\u016bt\u012b\u0161anai un personas datu apstr\u0101dei Baltichouse Production e-veikal\u0101<\/h3>\n<p style=\"padding-left: 30px;\"><strong>01.02.2016<\/strong><\/p>\n<p>Baltichouse Production O\u00dc, re\u0123. kods 11669568, (turpm\u0101k tekst\u0101 - P\u0101rdev\u0113js) un pirc\u0113js, kur\u0161 veic pas\u016bt\u012bjumu P\u0101rdev\u0113ja e-veikal\u0101 un identific\u0113 sevi, pas\u016bt\u012bjum\u0101 nor\u0101dot savus personas datus (turpm\u0101k tekst\u0101 - Pirc\u0113js), nosl\u0113dza \u0161o e-veikala l\u012bgumu (turpm\u0101k tekst\u0101 - L\u012bgums).<\/p>\n<p><strong>1. E-POOD<\/strong><\/p>\n<p>1.1 Baltichouse Production e-veikals (turpm\u0101k tekst\u0101 - E-veikals) ir P\u0101rdev\u0113ja izveidots interneta veikals, kur\u0101 notiek pre\u010du p\u0101rdo\u0161ana Pirc\u0113jam.<\/p>\n<p><strong>2. P\u0100RSKATS<\/strong><\/p>\n<p>2.1. Regul\u0113jot savstarp\u0113j\u0101s attiec\u012bbas, l\u012bgumsl\u0113dz\u0113jas puses vad\u0101s no Saist\u012bbu ties\u012bbu likuma un citiem Igaunijas Republikas likumiem un citiem ties\u012bbu aktiem, k\u0101 ar\u012b no t\u0101, kas ir noteikts e-veikala l\u012bgum\u0101.<\/p>\n<p>2.2. P\u0101rdev\u0113js patur ties\u012bbas bez iepriek\u0161\u0113ja br\u012bdin\u0101juma veikt izmai\u0146as e-veikala pakalpojum\u0101 un pied\u0101v\u0101to pakalpojumu noteikumos un nosac\u012bjumos.<\/p>\n<p><strong>3. PRODUKTI UN PIRKUMA VEIK\u0160ANA<\/strong><\/p>\n<p>3.1 Interneta veikal\u0101 redzamie produkti parasti ir noliktav\u0101.<\/p>\n<p>3.2. Ja preces nav noliktav\u0101 un pas\u016bt\u012bjumu nav iesp\u0113jams izpild\u012bt, P\u0101rdev\u0113js sazin\u0101sies ar Pirc\u0113ju un pied\u0101v\u0101s iesp\u0113jamu jaunu pieg\u0101des laiku vai preces nomai\u0146u pret citu preci par t\u0101du pa\u0161u cenu un kvalit\u0101ti, vai samaks\u0101t\u0101s naudas atmaksu. Pirc\u0113jam nauda tiks atmaks\u0101ta nekav\u0113joties, bet ne v\u0113l\u0101k k\u0101 14 dienu laik\u0101 p\u0113c pas\u016bt\u012bjuma veik\u0161anas. <\/p>\n<p>3.3 Att\u0113lotie produktu att\u0113li ir ilustrat\u012bvi, un tie var at\u0161\u0137irties no faktisk\u0101 produkta.Produktu apraksti laikmet\u0101 var neb\u016bt izsme\u013co\u0161i, un tajos var b\u016bt net\u012b\u0161u k\u013c\u016bdu. <\/p>\n<p>3.5. Pirc\u0113js apliecina, ka ir vismaz 18 gadus vecs.<\/p>\n<p>3.6. Pirc\u0113js izv\u0113las v\u0113lamo produktu un ap\u0146emas ievad\u012bt inform\u0101ciju, kas nepiecie\u0161ama pas\u016bt\u012bjuma izpildei, un samaks\u0101t par produktiem ar interneta bankas p\u0101rskait\u012bjumu, kred\u012btkarti vai priek\u0161apmaksas r\u0113\u0137inu.<\/p>\n<p>3.7. Pirc\u0113js ap\u0146emas sniegt pareizu inform\u0101ciju, kas nepiecie\u0161ama pas\u016bt\u012bjuma izpildei. P\u0101rdev\u0113js nav atbild\u012bgs par pas\u016bt\u012bjuma neizpildi vai jebk\u0101d\u0101m no t\u0101 izrieto\u0161\u0101m sek\u0101m, kas radu\u0161\u0101s Pirc\u0113ja sniegtas nepareizas inform\u0101cijas d\u0113\u013c. <\/p>\n<p>3.8. P\u0101rdo\u0161ana notiek, kad Pirc\u0113js ir veicis pas\u016bt\u012bjumu e-veikala t\u012bmek\u013ca vietn\u0113 un ir samaks\u0101jis par pas\u016bt\u012bjumu.<\/p>\n<p><strong>4. CENAS<\/strong><\/p>\n<p>4.1. Visas tie\u0161saistes veikal\u0101 nor\u0101d\u012bt\u0101s cenas ir nor\u0101d\u012btas eiro un ietver PVN.<\/p>\n<p>4.2. P\u0101rdev\u0113js patur ties\u012bbas jebkur\u0101 laik\u0101 main\u012bt e-veikal\u0101 nor\u0101d\u012bt\u0101s cenas. Ja cenas e-veikal\u0101 ir main\u012btas p\u0113c tam, kad Pirc\u0113js ir veicis un apmaks\u0101jis pas\u016bt\u012bjumu, P\u0101rdev\u0113js ap\u0146emas pieg\u0101d\u0101t attiec\u012bgos produktus Lietot\u0101jam par cen\u0101m, kas bija sp\u0113k\u0101 pas\u016bt\u012bjuma veik\u0161anas br\u012bd\u012b. Pirc\u0113js nav ties\u012bgs piepras\u012bt kompens\u0101ciju par cenu starp\u012bbu.  <\/p>\n<p><strong>5. PIEG\u0100DES LAIKS UN PIEG\u0100DES NOTEIKUMI<\/strong><\/p>\n<p>5.1 Pirc\u0113js var izv\u0113l\u0113ties vienu no diviem pieg\u0101des veidiem:<\/p>\n<p style=\"padding-left: 40px;\">5.1.1 Preces tiek pieg\u0101d\u0101tas Pirc\u0113jam Igaunijas Republikas teritorij\u0101 ar P\u0101rdev\u0113ja organiz\u0113tu transportu.<\/p>\n<p style=\"padding-left: 40px;\">5.1.2. Pirc\u0113js Preci sa\u0146em person\u012bgi no P\u0101rdev\u0113ja noliktavas, kas atrodas Risu tee 2, Pihva ciems, Tartumaa.<\/p>\n<p>5.2 Par prec\u012bzu transport\u0113\u0161anas laiku Pirc\u0113js un P\u0101rdev\u0113js vienojas rakstiski. Gad\u012bjum\u0101, ja P\u0101rdev\u0113js izv\u0113las transportu, Pirc\u0113js par pakalpojumu samaks\u0101 p\u0113c transporta veik\u0161anas. P\u0101rdev\u0113js transportu veic 14 dienu laik\u0101, ja vien nav pan\u0101kta cita vieno\u0161an\u0101s.  <\/p>\n<p>5.3. Ja Pirc\u0113js Preces sa\u0146em pats, vi\u0146\u0161 tiks inform\u0113ts pa e-pastu vai t\u0101lruni, kad Preces b\u016bs gatavas nos\u016bt\u012b\u0161anai. Inform\u0101cija tiks nos\u016bt\u012bta p\u0113c iesp\u0113jas \u0101tr\u0101k, bet ne v\u0113l\u0101k k\u0101 5 darba dienu laik\u0101 p\u0113c maks\u0101juma ieskait\u012b\u0161anas P\u0101rdev\u0113ja kont\u0101. <\/p>\n<p>5.4. Pre\u010du pieg\u0101de uz Pirc\u0113ja transportu notiek no pirmdienas l\u012bdz piektdienai no plkst. 8.00 l\u012bdz 15.00. Pieg\u0101de tiks veikta saska\u0146otaj\u0101 datum\u0101, iev\u0113rojot dz\u012bv\u0101s rindas principu (laiks netiks rezerv\u0113ts). <\/p>\n<p>5.5 Preces tiek pieg\u0101d\u0101tas tikai tam Pirc\u0113jam, kas nor\u0101d\u012bts pas\u016bt\u012bjum\u0101, pamatojoties uz personu apliecino\u0161u dokumentu. Preces tiek pieg\u0101d\u0101tas tre\u0161aj\u0101m person\u0101m tikai p\u0113c iepriek\u0161\u0113jas Pirc\u0113ja vieno\u0161an\u0101s ar P\u0101rdev\u0113ju. <\/p>\n<p>5.6 Preces tiek iepakotas laikapst\u0101k\u013ciem dro\u0161\u0101 iepakojum\u0101. Pirc\u0113jam j\u0101\u0146em v\u0113r\u0101, ka pre\u010du iepakojums ir lielgabar\u012bta un smags: <\/p>\n<ul>\n<li>Izm\u0113ri: garums 3,0 - 6,3 m, augstums no 0,5 m.<\/li>\n<li>Svars: 0,5 - 2,5 tonnas (liel\u0101kas m\u0101jas var tikt sadal\u012btas vair\u0101kos iepakojumos).<\/li>\n<li>Prec\u012bza inform\u0101cija par iepakojumu ir nor\u0101d\u012bta katram produktam atsevi\u0161\u0137i.<\/li>\n<\/ul>\n<p>5.7. P\u0101rdev\u0113ja transporta pakalpojuma gad\u012bjum\u0101 Pirc\u0113js nodro\u0161ina transporta l\u012bdzeklim ar celtni neierobe\u017eotu un dro\u0161u piek\u013cuvi iekrau\u0161anas vietai. P\u0101rdev\u0113ja transporta pakalpojuma gad\u012bjum\u0101 Pirc\u0113js nodro\u0161ina, ka piebraucamie ce\u013ci un izkrau\u0161anas vieta ir piem\u0113rota kravas automa\u0161\u012bnai ar \u0161\u0101diem parametriem: <\/p>\n<ul>\n<li>Autokr\u0101na izm\u0113ri (garums x platums x augstums) 10 650 mm x 2 550 mm x 4000 mm<\/li>\n<li>Autokr\u0101na masa 21 000 kg - 32 000 kg<\/li>\n<\/ul>\n<p>5.8. Pirc\u0113js ir atbild\u012bgs par galam\u0113r\u0137\u012b (viet\u0101) valdo\u0161o apst\u0101k\u013cu piem\u0113rot\u012bbu. Gad\u012bjum\u0101, ja transportl\u012bdzeklis galam\u0113r\u0137\u012b k\u013c\u016bst iev\u0113rojami net\u012brs vai iestr\u0113gst nepiem\u0113rotu ce\u013ca apst\u0101k\u013cu d\u0113\u013c, Pirc\u0113js ap\u0146emas atl\u012bdzin\u0101t tie\u0161os izdevumus par ma\u0161\u012bnas t\u012br\u012b\u0161anu un\/vai vilk\u0161anu. <\/p>\n<p>5.9. Pirc\u0113js ir atbild\u012bgs par jebk\u0101diem transporta l\u012bdzek\u013ca boj\u0101jumiem, kas radu\u0161ies galam\u0113r\u0137a viet\u0101 valdo\u0161o apst\u0101k\u013cu vai Pirc\u0113ja nor\u0101d\u012bjumu d\u0113\u013c, manevr\u0113jot ar transporta l\u012bdzekli un\/vai izkraujot preces.<\/p>\n<p>5.10. Ja preci nevar pieg\u0101d\u0101t Pirc\u0113jam no Pirc\u0113ja atkar\u012bgu iemeslu d\u0113\u013c (piem\u0113ram, nav piek\u013cuves objektam, Pirc\u0113js neatrodas norun\u0101taj\u0101 galam\u0113r\u0137\u012b norun\u0101taj\u0101 laik\u0101, ce\u013ca apst\u0101k\u013ci ne\u013cauj manevr\u0113t u.c.), P\u0101rdev\u0113js ir ties\u012bgs iekas\u0113t no Pirc\u0113ja maksu par tuk\u0161o braucienu un papildu maksu par jaunu pieg\u0101di saska\u0146\u0101 ar sp\u0113k\u0101 eso\u0161o cenr\u0101di.<\/p>\n<p><strong>6. ATTEIK\u0160AN\u0100S NO L\u012aGUMA<\/strong><\/p>\n<p>6.1. Ja Pirc\u0113js v\u0113las atteikties no l\u012bguma p\u0113c tam, kad pas\u016bt\u012bjums ir iesniegts un pirms P\u0101rdev\u0113js to ir izpild\u012bjis, Pirc\u0113js ap\u0146emas par to p\u0113c iesp\u0113jas \u0101tr\u0101k rakstiski pazi\u0146ot P\u0101rdev\u0113jam. Rakstisks pazi\u0146ojums j\u0101nos\u016bta pa e-pastu uz adresi pood@baltichouse.eu . E-past\u0101 j\u0101nor\u0101da inform\u0101cija par pas\u016bt\u012bjumu (ieg\u0101d\u0101taj\u0101m prec\u0113m), no kura tiek l\u016bgts atteikties, un Pirc\u0113ja kontaktinform\u0101cija (v\u0101rds, uzv\u0101rds, pas\u016bt\u012bjuma datums, kontaktt\u0101lrunis).  <\/p>\n<p>6.2. Ja atteikuma piepras\u012bjums sasniedz P\u0101rdev\u0113ju p\u0113c tam, kad P\u0101rdev\u0113js ir izpild\u012bjis L\u012bgumu, atteikums no L\u012bguma tiek veikts saska\u0146\u0101 ar L\u012bguma noda\u013cu &#8220;Atteikuma ties\u012bbas&#8221;.<\/p>\n<p>6.3. Bezmaksas atteikuma ties\u012bbas attiecas uz produktu ieg\u0101di par parasto cenu. 6.4. Ja tiek atcelts pas\u016bt\u012bjums par produktiem ar atlaidi vai akcijas produktiem, ja pas\u016bt\u012bjums jau ir apmaks\u0101ts,<br \/>\nP\u0101rdev\u0113js ir ties\u012bgs iekas\u0113t no Pirc\u0113ja pas\u016bt\u012bjuma apstr\u0101des maksu 30% apm\u0113r\u0101 no pas\u016bt\u012bt\u0101 produkta v\u0113rt\u012bbas, ko P\u0101rdev\u0113js ietur no Pirc\u0113jam atmaks\u0101jamajiem l\u012bdzek\u013ciem. <\/p>\n<p>6.4. Ja P\u0101rdev\u0113jam jau ir radu\u0161ies papildu transporta izdevumi saist\u012bb\u0101 ar Pirc\u0113ja pas\u016bt\u012bjumu, piem\u0113ram, ja prece jau ir iekrauta transport\u0113\u0161anai vai nos\u016bt\u012bta Pirc\u0113jam, Pirc\u0113jam ir pien\u0101kums atl\u012bdzin\u0101t transporta izmaksas, par kur\u0101m puses vienoju\u0161\u0101s.<\/p>\n<p>6.5. P\u0101rdev\u0113js atmaks\u0101 Pirc\u0113jam samaks\u0101to summu bez nepamatotas kav\u0113\u0161an\u0101s, bet ne v\u0113l\u0101k k\u0101 14 dienu laik\u0101 p\u0113c pazi\u0146ojuma par atteikumu sa\u0146em\u0161anas.<\/p>\n<p>6.6 Nauda tiks p\u0101rskait\u012bta uz to pa\u0161u bankas kontu, no kura P\u0101rdev\u0113js to sa\u0146\u0113ma.<\/p>\n<p><strong>7. ATTEIKUMA TIES\u012aBAS<\/strong><\/p>\n<p>7.1 Uz e-veikal\u0101 nosl\u0113gtajiem l\u012bgumiem attiecas 14 dienu atteikuma ties\u012bbas, kas j\u0101iesniedz P\u0101rdev\u0113jam rakstisk\u0101, reproduc\u0113jam\u0101 veid\u0101. \u0160is termi\u0146\u0161 s\u0101kas dien\u0101, kad preces tiek pieg\u0101d\u0101tas Pirc\u0113jam. Ja Pirc\u0113js nolemj atteikties no l\u012bguma, vi\u0146am ir pien\u0101kums atdot preces P\u0101rdev\u0113jam.  <\/p>\n<p>7.2. Atgrie\u017eamajam produktam j\u0101b\u016bt neboj\u0101tam, komplekt\u0113tam, neatv\u0113rtam, ori\u0123in\u0101laj\u0101 iepakojum\u0101 un neizmantotam.<\/p>\n<p>7.3. Pre\u010du atgrie\u0161anas ties\u012bbas neattiecas uz prec\u0113m atv\u0113rt\u0101 iepakojum\u0101.<\/p>\n<p>7.4. Lai atgrieztu produktu, pa e-pastu uz pood@baltichouse.eu j\u0101nos\u016bta pazi\u0146ojums par atgrie\u0161anu.Pazi\u0146ojum\u0101 par atgrie\u0161anu j\u0101nor\u0101da \u0161\u0101da inform\u0101cija - pirc\u0113ja rekviz\u012bti (v\u0101rds, uzv\u0101rds, kontakti), pirkuma datums, pirkuma dokumenta (r\u0113\u0137ina) numurs, m\u0101jas iepakojuma numurs (atrodams uz iepakojuma eti\u0137etes vai kop\u0101 ar produktu pievienotaj\u0101 uzst\u0101d\u012b\u0161anas instrukcij\u0101), defekta atkl\u0101\u0161anas datums, atgrie\u0161anas iemesls\/pretenzijas apraksts, fotoatt\u0113li, kas pier\u0101da pretenziju.<\/p>\n<p>7.5. Atteikuma no l\u012bguma gad\u012bjum\u0101 pat\u0113r\u0113t\u0101jam nekav\u0113joties, bet ne v\u0113l\u0101k k\u0101 14 dienu laik\u0101 p\u0113c pazi\u0146ojuma par atteikumu, ir j\u0101atdod atpaka\u013c ieg\u0101d\u0101t\u0101s preces.<\/p>\n<p>7.6. Pirc\u0113js ap\u0146emas segt pre\u010du atgrie\u0161anas izdevumus, ja vien atgrie\u017eam\u0101s preces neatbilst pat\u0113r\u0113t\u0101ja pas\u016bt\u012bjumam.<\/p>\n<p>7.7. Ja p\u0113c pre\u010du atgrie\u0161anas tiek konstat\u0113ts, ka preces neatbilst L\u012bguma 7.1. - 7.4. punkt\u0101 noteiktajiem noteikumiem un nosac\u012bjumiem, nauda Pirc\u0113jam netiek atmaks\u0101ta, un atgriezt\u0101 prece paliek P\u0101rdev\u0113ja noliktav\u0101. Izmaksas, kas saist\u012btas ar produkta uzglab\u0101\u0161anu vai atgrie\u0161anu Pirc\u0113jam, sedz Pirc\u0113js. <\/p>\n<p><strong>8. S\u016aDZ\u012aBU PROCED\u016aRA<\/strong><\/p>\n<p>8.1. No e-veikala p\u0101rdotaj\u0101m prec\u0113m ir sp\u0113k\u0101 PVN likuma 218. panta 2. punkt\u0101 noteiktais 2 gadu termi\u0146\u0161 pretenzijas iesnieg\u0161anai, kura pirmajos 6 m\u0113ne\u0161os defekta izcelsmi nosaka P\u0101rdev\u0113js.<\/p>\n<p><strong>9. PERSONAS DATI UN TO IZMANTO\u0160ANA<\/strong><\/p>\n<p>9.1. Pirc\u0113js dod skaidru un apzin\u0101tu piekri\u0161anu P\u0101rdev\u0113jam apstr\u0101d\u0101t vi\u0146a\/vi\u0146as personas datus.<\/p>\n<p>9.2. Pirc\u0113ja personas dati, kurus Lietot\u0101js ievad\u012bjis, veicot Pas\u016bt\u012bjumu, un kuri k\u013cuvu\u0161i zin\u0101mi P\u0101rdev\u0113jam, tiek ievad\u012bti klientu re\u0123istr\u0101 un izmantoti p\u0101rdo\u0161anas pakalpojuma snieg\u0161anai un pre\u010du pied\u0101v\u0101\u0161anai Pirc\u0113jam.<\/p>\n<p>9.3. Pieprasot kartes datus, tiek izmantota dro\u0161a SSL datu p\u0101rraide un MasterCard SecureCode un Verified by Visa dro\u0161\u012bbas sist\u0113mas.<\/p>\n<p>9.4. Ievad\u012btie kartes dati P\u0101rdev\u0113jam neb\u016bs redzami. Kartes lietot\u0101js tiks novirz\u012bts uz dro\u0161u Kar\u0161u centra (Pankade Kaardikeskuse AS www.estcard.ee) vidi, lai veiktu dar\u012bjumu. Maks\u0101juma veik\u0161anas laik\u0101 Kartes lietot\u0101ja kartes datus Kartes lietot\u0101js ievada datub\u0101z\u0113, kas atrodas Kartes centra server\u012b, un tie ar\u012b tiek saglab\u0101ti Kartes centra server\u012b.  <\/p>\n<p>9.5. Personas datu avots ir klientu attiec\u012bbu nodibin\u0101\u0161ana, veicot pas\u016bt\u012bjumu e-veikal\u0101.<\/p>\n<p>9.6. Re\u0123istr\u0113jamie personas dati ir dati par Pirc\u0113ja pas\u016bt\u012bjumu - uzv\u0101rds, v\u0101rds(-i), iela, m\u0101jas, dz\u012bvok\u013ca numurs, pils\u0113ta vai pils\u0113ta, pasta indekss, t\u0101lru\u0146a numurs, adrese, pieg\u0101des veids, izmantotais maks\u0101juma veids, piekri\u0161ana E-veikala l\u012bgumam, piekri\u0161ana p\u0101rdo\u0161anas pied\u0101v\u0101jumu nos\u016bt\u012b\u0161anai, br\u012bvteksta koment\u0101ri uz e-pasta adresi.<\/p>\n<p>9.7. Personas datus apstr\u0101d\u0101 Baltichouse Production O\u00dc, re\u0123istr\u0101cijas kods 11669568, ar adresi T\u00f5rvandi alevik, \u00dclenurme Tehnopark, T\u00f6\u00f6\u00f6stuse tee 2.<\/p>\n<p>9.8. Pirc\u0113ja personas dati, kas nepiecie\u0161ami, lai Pirc\u0113jam starpniekotu pre\u010du pieg\u0101di, tiek nodoti uz\u0146\u0113mumam, kas sniedz transporta pakalpojumu.<\/p>\n<p>9.9. Personas datu aizsardz\u012bbu nodro\u0161ina visi juridiskie dro\u0161\u012bbas pas\u0101kumi.<\/p>\n<p>9.10 P\u0101rdev\u0113js ap\u0146emas neizpaust re\u0123istr\u0113tos personas datus nepiedero\u0161\u0101m person\u0101m.<\/p>\n<p>9.11. P\u0101rdev\u0113js patur ties\u012bbas nodot personas datus par Pirc\u0113ju person\u0101m, kur\u0101m ir likum\u012bgas ties\u012bbas to dar\u012bt un kuras apstr\u0101d\u0101 datus, lai izpild\u012btu juridisku pien\u0101kumu, un person\u0101m, kur\u0101m ir likum\u012bgas ties\u012bbas to dar\u012bt, un tas tiek dar\u012bts, lai aizsarg\u0101tu Pirc\u0113ja vai citas personas dz\u012bv\u012bbu, vesel\u012bbu vai br\u012bv\u012bbu.<\/p>\n<p>9.12. Pirc\u0113jam ir ties\u012bbas p\u0101rbaud\u012bt uz vi\u0146u attiecin\u0101mos personas datus, k\u0101 ar\u012b ties\u012bbas groz\u012bt \u0161os datus vai piepras\u012bt savu personas datu dz\u0113\u0161anu no re\u0123istra.<\/p>\n<p>9.13. Pirc\u0113js piekr\u012bt, ka P\u0101rdev\u0113js nos\u016bta pas\u016bt\u012bjuma apstiprin\u0101jumu uz pas\u016bt\u012bjuma iesnieg\u0161anas br\u012bd\u012b nor\u0101d\u012bto e-pasta adresi.<\/p>\n<p>9.14. Pirc\u0113js piekr\u012bt, ka P\u0101rdev\u0113js nos\u016bta p\u0101rdo\u0161anas pied\u0101v\u0101jumus uz e-pasta adresi, kas nor\u0101d\u012bta, veicot pas\u016bt\u012bjumu, ar nosac\u012bjumu, ka Pirc\u0113js ir nor\u0101d\u012bjis savu piekri\u0161anu visp\u0101r\u012bgajiem pas\u016bt\u012bjuma noteikumiem un nosac\u012bjumiem.<\/p>\n<p><strong>10.<\/strong><\/p>\n<p>10.1 P\u0101rdev\u0113js ir atbild\u012bgs par Preces p\u0101rdo\u0161anas cenu. P\u0101rdev\u0113js nav atbild\u012bgs par jebk\u0101diem zaud\u0113jumiem vai kait\u0113jumu, ko rad\u012bju\u0161i boj\u0101ti produkti, piem\u0113ram, \u012bpa\u0161uma boj\u0101jumiem, apgroz\u012bjuma zaud\u0113jumiem vai pe\u013c\u0146as zaud\u0113jumiem. <\/p>\n<p>10.2. Pirc\u0113js ap\u0146emas izmantot e-veikala pakalpojumu tikai saska\u0146\u0101 ar likumu un labu praksi.<\/p>\n<p>10.3. Pirc\u0113js ir atbild\u012bgs par vis\u0101m izmaks\u0101m, kas saist\u012btas ar visu lieto\u0161anai nepiecie\u0161amo iek\u0101rtu programmat\u016bras datu p\u0101rraides sist\u0113mu ieg\u0101di un uztur\u0113\u0161anu, k\u0101 ar\u012b par jebkur\u0101m cit\u0101m izmaks\u0101m, kas rodas, izmantojot e-veikala pakalpojumu.<\/p>\n<p>10.4. Pirc\u0113js ir piln\u012bb\u0101 atbild\u012bgs par zaud\u0113jumiem, kas P\u0101rdev\u0113jam, citiem Pirc\u0113jiem vai tre\u0161aj\u0101m person\u0101m radu\u0161ies, izmantojot E-veikalu, p\u0101rk\u0101pjot L\u012bguma noteikumus un nosac\u012bjumus vai p\u0101rk\u0101pjot ties\u012bbu aktus vai labas prakses normas.<\/p>\n<p><strong>11. DOMSTARP\u012aBAS<\/strong><\/p>\n<p>11.1 Jebk\u0101di str\u012bdi, kas rodas no L\u012bguma starp Pirc\u0113ju un P\u0101rdev\u0113ju, tiek risin\u0101ti saska\u0146\u0101 ar Igaunijas Republik\u0101 sp\u0113k\u0101 eso\u0161ajiem ties\u012bbu aktiem. Ja neizdodas pan\u0101kt vieno\u0161anos, domstarp\u012bbas tiek risin\u0101tas<br \/>\nTartu apgabalties\u0101. <\/p>\n<p><strong>12. LIETO\u0160ANAS NOSAC\u012aJUMI<\/strong><\/p>\n<p>12.1. Pirc\u0113jam ir pien\u0101kums iepaz\u012bties ar L\u012bguma noteikumiem un nosac\u012bjumiem.<\/p>\n<p>12.2. Iesniedzot Pas\u016bt\u012bjumu, Pirc\u0113js piekr\u012bt, ka ir iepazinies ar L\u012bgum\u0101 izkl\u0101st\u012btajiem noteikumiem un nosac\u012bjumiem<br \/>\n, un piekr\u012bt iev\u0113rot L\u012bgum\u0101 izkl\u0101st\u012btos noteikumus un nosac\u012bjumus, atz\u012bm\u0113jot attiec\u012bgo aili &#8220;Es piekr\u012btu visp\u0101r\u012bgajiem noteikumiem un nosac\u012bjumiem par personas datu pas\u016bt\u012b\u0161anu un apstr\u0101di&#8221;.<\/p>\n<p>&nbsp;<\/p>\n<p>Noteikumi un nosac\u012bjumi ir sp\u0113k\u0101 no 01.02.2016., un tie ir beztermi\u0146a. P\u0101rdev\u0113js patur ties\u012bbas jebkur\u0101 laik\u0101 vienpus\u0113ji groz\u012bt Noteikumus un nosac\u012bjumus, groz\u012bjumiem st\u0101joties sp\u0113k\u0101 no to public\u0113\u0161anas br\u012b\u017ea P\u0101rdev\u0113ja t\u012bmek\u013ca vietn\u0113. <\/p>\n<p>\u0160\u012b versija tika groz\u012bta un papildin\u0101ta 23.03.2026. gad\u0101.<\/p>\n<p>Baltichouse Production O\u00dc<\/p>\n<div style=\"display: none;\"><\/div>\n<div style=\"display: none;\"><\/div>\n<div style=\"display: none;\"><\/div>\n<div style=\"display: none;\"><\/div>\n<div id=\"spoon-plugin-kncgbdglledmjmpnikebkagnchfdehbm-2\" style=\"display: none;\"><\/div>\n","protected":false},"excerpt":{"rendered":"<p>Visp\u0101r\u012bgie noteikumi un nosac\u012bjumi pas\u016bt\u012b\u0161anai un personas datu apstr\u0101dei Baltichouse Production e-veikal\u0101 01.02.2016 Baltichouse Production O\u00dc, re\u0123. kods 11669568, (turpm\u0101k tekst\u0101 - P\u0101rdev\u0113js) un pirc\u0113js, kur\u0161 veic pas\u016bt\u012bjumu P\u0101rdev\u0113ja e-veikal\u0101 un identific\u0113 sevi, pas\u016bt\u012bjum\u0101 nor\u0101dot savus personas datus (turpm\u0101k tekst\u0101 - Pirc\u0113js), nosl\u0113dza \u0161o e-veikala l\u012bgumu (turpm\u0101k tekst\u0101 - L\u012bgums). 1. E-POOD 1.1 Baltichouse Production [&hellip;]<\/p>\n","protected":false},"author":1,"featured_media":0,"parent":5569,"menu_order":59,"comment_status":"closed","ping_status":"closed","template":"","meta":{"footnotes":""},"class_list":["post-5459","page","type-page","status-publish","hentry"],"_links":{"self":[{"href":"https:\/\/baltichouse.eu\/lv\/wp-json\/wp\/v2\/pages\/5459","targetHints":{"allow":["GET"]}}],"collection":[{"href":"https:\/\/baltichouse.eu\/lv\/wp-json\/wp\/v2\/pages"}],"about":[{"href":"https:\/\/baltichouse.eu\/lv\/wp-json\/wp\/v2\/types\/page"}],"author":[{"embeddable":true,"href":"https:\/\/baltichouse.eu\/lv\/wp-json\/wp\/v2\/users\/1"}],"replies":[{"embeddable":true,"href":"https:\/\/baltichouse.eu\/lv\/wp-json\/wp\/v2\/comments?post=5459"}],"version-history":[{"count":1,"href":"https:\/\/baltichouse.eu\/lv\/wp-json\/wp\/v2\/pages\/5459\/revisions"}],"predecessor-version":[{"id":50106,"href":"https:\/\/baltichouse.eu\/lv\/wp-json\/wp\/v2\/pages\/5459\/revisions\/50106"}],"up":[{"embeddable":true,"href":"https:\/\/baltichouse.eu\/lv\/wp-json\/wp\/v2\/pages\/5569"}],"wp:attachment":[{"href":"https:\/\/baltichouse.eu\/lv\/wp-json\/wp\/v2\/media?parent=5459"}],"curies":[{"name":"wp","href":"https:\/\/api.w.org\/{rel}","templated":true}]}}