{"id":4821,"date":"2016-02-03T10:07:03","date_gmt":"2016-02-03T10:07:03","guid":{"rendered":"https:\/\/baltichouse.eu\/lv\/?page_id=4821"},"modified":"2026-03-23T19:12:56","modified_gmt":"2026-03-23T17:12:56","slug":"par-mums","status":"publish","type":"page","link":"https:\/\/baltichouse.eu\/lv\/kontakti\/par-mums\/","title":{"rendered":"Par uz\u0146\u0113mumu"},"content":{"rendered":"\n<style type=\"text\/css\" data-created_by=\"avia_inline_auto\" id=\"style-css-av-eajrkg-683c3e38be17d5168ea2cf1df70dc949\">\n#top .av-special-heading.av-eajrkg-683c3e38be17d5168ea2cf1df70dc949{\npadding-bottom:10px;\nfont-size:26px;\n}\nbody .av-special-heading.av-eajrkg-683c3e38be17d5168ea2cf1df70dc949 .av-special-heading-tag .heading-char{\nfont-size:25px;\n}\n#top #wrap_all .av-special-heading.av-eajrkg-683c3e38be17d5168ea2cf1df70dc949 .av-special-heading-tag{\nfont-size:26px;\n}\n.av-special-heading.av-eajrkg-683c3e38be17d5168ea2cf1df70dc949 .av-subheading{\nfont-size:20px;\n}\n\n@media only screen and (min-width: 480px) and (max-width: 767px){ \n#top #wrap_all .av-special-heading.av-eajrkg-683c3e38be17d5168ea2cf1df70dc949 .av-special-heading-tag{\nfont-size:0.8em;\n}\n}\n\n@media only screen and (max-width: 479px){ \n#top #wrap_all .av-special-heading.av-eajrkg-683c3e38be17d5168ea2cf1df70dc949 .av-special-heading-tag{\nfont-size:0.8em;\n}\n}\n<\/style>\n<div  class='av-special-heading av-eajrkg-683c3e38be17d5168ea2cf1df70dc949 av-special-heading-h1 blockquote modern-quote  avia-builder-el-0  el_before_av_textblock  avia-builder-el-first  av-inherit-size'><h1 class='av-special-heading-tag '  itemprop=\"headline\"  >Baltichouse Production<\/h1><div class='av-subheading av-subheading_below'><p>pieredze kop\u0161 2005. gada<\/p>\n<\/div><div class=\"special-heading-border\"><div class=\"special-heading-inner-border\"><\/div><\/div><\/div>\n<section  class='av_textblock_section av-me8k2ao7-87193d095dd1cc583d90636d3980e396 '   itemscope=\"itemscope\" itemtype=\"https:\/\/schema.org\/CreativeWork\" ><div class='avia_textblock'  itemprop=\"text\" ><h4>Elementu m\u0101ju, d\u0101rza m\u0101ju un citu gu\u013cb\u016bvju ra\u017eo\u0161ana, p\u0101rdo\u0161ana un uzst\u0101d\u012b\u0161ana.<\/h4>\n<section class=\"av_textblock_section\">\n<div class=\"avia_textblock \">\n<p>Elementu m\u0101ju (dz\u012bvojamo m\u0101ju, vasarn\u012bcu, noliktavu, r\u016bpniecisko \u0113ku) ra\u017eo\u0161anu Baltichouse Production s\u0101ka 2012. gad\u0101, ta\u010du ar p\u0101rdo\u0161anu un uzst\u0101d\u012b\u0161anu nodarbojamies p\u0113d\u0113jos 9 gadus. M\u016bsu m\u0101ju apmierin\u0101tie klienti galvenok\u0101rt atrodas Igaunij\u0101, Latvij\u0101 un Somij\u0101. Protams, \u0161eit p\u0113c v\u0113l\u0113\u0161an\u0101s pied\u0101v\u0101jam pilnu servisu \u2013 visu lietu k\u0101rto\u0161anu, s\u0101kot no projekt\u0113\u0161anas un b\u016bvat\u013caujas sa\u0146em\u0161anas l\u012bdz pat \u201catsl\u0113gu rok\u0101s\u201d risin\u0101jumam.  <\/p>\n<p>Kop\u0161 2010. gada marta Baltichouse Production ir vien\u012bgais pilnvarotais Lasita Maja AS tirdzniec\u012bbas p\u0101rst\u0101vis Igaunij\u0101. M\u016bsu klientiem tas pirmk\u0101rt noz\u012bm\u0113 to, ka pieg\u0101des ir \u0101tras, eso\u0161ie noliktavas kr\u0101jumi ir iev\u0113rojami liel\u0101ki nek\u0101 visiem p\u0101r\u0113jiem konkurentiem un pied\u0101v\u0101to produktu kvalit\u0101te ir augsta \u2013 2007. gada beig\u0101s ra\u017eot\u0101jam ir izsniegts kvalit\u0101tes vad\u012bbas sertifik\u0101ts ISO 9001.  <\/p>\n<p>Liel\u0101k\u0101 da\u013ca m\u016bsu m\u0101jaslap\u0101 redzamo standarta m\u0101ju past\u0101v\u012bgi ir pieejamas noliktav\u0101; tas noz\u012bm\u0113, ka mums noliktav\u0101 past\u0101v\u012bgi j\u0101uztur vair\u0101k nek\u0101 t\u016bkstotis d\u0101rza m\u0101ju, ta\u010du m\u016bsu klientiem tas ir \u0113rt\u0101kais un lab\u0101kais risin\u0101jums.<\/p>\n<\/div>\n<\/section>\n<\/div><\/section>\n<section  class='av_textblock_section av-me8jx5gf-f61a24b61382efda12545a828783f3c2 '   itemscope=\"itemscope\" itemtype=\"https:\/\/schema.org\/CreativeWork\" ><div class='avia_textblock'  itemprop=\"text\" ><p><img loading=\"lazy\" decoding=\"async\" class=\"size-medium wp-image-38829 alignnone\" src=\"https:\/\/baltichouse.eu\/wp-content\/uploads\/2024\/03\/BHP_EEE_2018_2022-155x220.jpg\" alt=\"EEE sertifik\u0101ts Eng\" width=\"155\" height=\"220\" srcset=\"https:\/\/baltichouse.eu\/wp-content\/uploads\/2024\/03\/BHP_EEE_2018_2022-155x220.jpg 155w, https:\/\/baltichouse.eu\/wp-content\/uploads\/2024\/03\/BHP_EEE_2018_2022-450x637.jpg 450w, https:\/\/baltichouse.eu\/wp-content\/uploads\/2024\/03\/BHP_EEE_2018_2022-728x1030.jpg 728w, https:\/\/baltichouse.eu\/wp-content\/uploads\/2024\/03\/BHP_EEE_2018_2022-498x705.jpg 498w, https:\/\/baltichouse.eu\/wp-content\/uploads\/2024\/03\/BHP_EEE_2018_2022.jpg 848w\" sizes=\"auto, (max-width: 155px) 100vw, 155px\" \/> <img loading=\"lazy\" decoding=\"async\" class=\"size-medium wp-image-38825 alignnone\" src=\"https:\/\/baltichouse.eu\/wp-content\/uploads\/2024\/03\/BHP_EEE_2023-155x220.jpg\" alt=\"EEE sertifik\u0101ts\" width=\"155\" height=\"220\" srcset=\"https:\/\/baltichouse.eu\/wp-content\/uploads\/2024\/03\/BHP_EEE_2023-155x220.jpg 155w, https:\/\/baltichouse.eu\/wp-content\/uploads\/2024\/03\/BHP_EEE_2023-450x637.jpg 450w, https:\/\/baltichouse.eu\/wp-content\/uploads\/2024\/03\/BHP_EEE_2023-728x1030.jpg 728w, https:\/\/baltichouse.eu\/wp-content\/uploads\/2024\/03\/BHP_EEE_2023-498x705.jpg 498w, https:\/\/baltichouse.eu\/wp-content\/uploads\/2024\/03\/BHP_EEE_2023.jpg 848w\" sizes=\"auto, (max-width: 155px) 100vw, 155px\" \/> <img loading=\"lazy\" decoding=\"async\" class=\"size-medium wp-image-47033 alignnone\" src=\"https:\/\/baltichouse.eu\/wp-content\/uploads\/2025\/08\/baltichouse_reiting_sert_2024-156x220.jpg\" alt=\"Reitinga sertifik\u0101ts 2024\" width=\"156\" height=\"220\" srcset=\"https:\/\/baltichouse.eu\/wp-content\/uploads\/2025\/08\/baltichouse_reiting_sert_2024-156x220.jpg 156w, https:\/\/baltichouse.eu\/wp-content\/uploads\/2025\/08\/baltichouse_reiting_sert_2024-728x1030.jpg 728w, https:\/\/baltichouse.eu\/wp-content\/uploads\/2025\/08\/baltichouse_reiting_sert_2024-498x705.jpg 498w, https:\/\/baltichouse.eu\/wp-content\/uploads\/2025\/08\/baltichouse_reiting_sert_2024-450x636.jpg 450w, https:\/\/baltichouse.eu\/wp-content\/uploads\/2025\/08\/baltichouse_reiting_sert_2024-scaled.jpg 1810w\" sizes=\"auto, (max-width: 156px) 100vw, 156px\" \/><img loading=\"lazy\" decoding=\"async\" class=\"size-medium wp-image-47027 alignnone\" src=\"https:\/\/baltichouse.eu\/wp-content\/uploads\/2025\/08\/baltichouse_reiting_sert_2025-156x220.jpg\" alt=\"Reitinga sertifik\u0101ts 2025\" width=\"156\" height=\"220\" srcset=\"https:\/\/baltichouse.eu\/wp-content\/uploads\/2025\/08\/baltichouse_reiting_sert_2025-156x220.jpg 156w, https:\/\/baltichouse.eu\/wp-content\/uploads\/2025\/08\/baltichouse_reiting_sert_2025-728x1030.jpg 728w, https:\/\/baltichouse.eu\/wp-content\/uploads\/2025\/08\/baltichouse_reiting_sert_2025-498x705.jpg 498w, https:\/\/baltichouse.eu\/wp-content\/uploads\/2025\/08\/baltichouse_reiting_sert_2025-450x636.jpg 450w, https:\/\/baltichouse.eu\/wp-content\/uploads\/2025\/08\/baltichouse_reiting_sert_2025-scaled.jpg 1810w\" sizes=\"auto, (max-width: 156px) 100vw, 156px\" \/><\/p>\n<\/div><\/section>\n<section  class='av_textblock_section av-bjcy6o-1db852c3f00a0b9126bf09d70905c352 '   itemscope=\"itemscope\" itemtype=\"https:\/\/schema.org\/CreativeWork\" ><div class='avia_textblock'  itemprop=\"text\" ><h3 class=\"av-special-heading-tag\">Baltichouse Production kl\u0101st\u0101 ir daudz da\u017e\u0101du fr\u0113z\u0113tu brusu d\u0101rza m\u0101ju.<\/h3>\n<h4 class=\"av-special-heading-tag\">Ra\u017eoto sienu biezumi ir:<\/h4>\n<\/div><\/section>\n<div  class='avia-icon-list-container av-9pmwps-693fa643958aa60104b77fa2e49b10b3  avia-builder-el-4  el_after_av_textblock  el_before_av_textblock '><ul class='avia-icon-list avia_animate_when_almost_visible avia-icon-list-left av-iconlist-big av-9pmwps-693fa643958aa60104b77fa2e49b10b3 avia-iconlist-animate'>\n<li><div class='iconlist_icon av-85avgg-d8bd1d83dcc57993332e37f31bca508a avia-font-entypo-fontello'><span class='iconlist-char' aria-hidden='true' data-av_icon='\ue812' data-av_iconfont='entypo-fontello'><\/span><\/div><article class=\"article-icon-entry \"  itemscope=\"itemscope\" itemtype=\"https:\/\/schema.org\/CreativeWork\" ><div class=\"iconlist_content_wrap\"><header class=\"entry-content-header\" aria-label=\"Icon: \"><\/header><div class='iconlist_content '  itemprop=\"text\" ><p>19 mm, 28 mm, 34 mm, 40 mm, 44 mm, 50 mm, 70 mm, 92 mm un 94 mm<\/p>\n<\/div><\/div><footer class=\"entry-footer\"><\/footer><\/article><div class=\"iconlist-timeline\"><\/div><\/li>\n<li><div class='iconlist_icon av-59z3f4-681c0aac52923e9213b850320e7ae04c avia-font-entypo-fontello'><span class='iconlist-char' aria-hidden='true' data-av_icon='\ue812' data-av_iconfont='entypo-fontello'><\/span><\/div><article class=\"article-icon-entry \"  itemscope=\"itemscope\" itemtype=\"https:\/\/schema.org\/CreativeWork\" ><div class=\"iconlist_content_wrap\"><header class=\"entry-content-header\" aria-label=\"Icon: \"><\/header><div class='iconlist_content '  itemprop=\"text\" ><p>D\u0101rza m\u0101jas l\u012bdz 28 mm ir ar vienu rievu, s\u0101kot no 34 mm sienas biezuma, visas sienu brusas ir ar dubultu rievu, izmantotais materi\u0101ls ir egle.<\/p>\n<\/div><\/div><footer class=\"entry-footer\"><\/footer><\/article><div class=\"iconlist-timeline\"><\/div><\/li>\n<\/ul><\/div>\n<section  class='av_textblock_section av-3ac074-9b9cede6bbcd27c40ad50d49c4b96e66 '   itemscope=\"itemscope\" itemtype=\"https:\/\/schema.org\/CreativeWork\" ><div class='avia_textblock'  itemprop=\"text\" ><p>Ja gad\u0101s, ka m\u016bsu m\u0101jaslap\u0101 izvietotaj\u0101 kl\u0101st\u0101 nevarat atrast sev piem\u0113rot\u0101ko, dro\u0161i dariet zin\u0101mu savu v\u0113lmi \u2013 to noteikti ir iesp\u0113jams \u012bstenot k\u0101 pas\u016bt\u012bjumu p\u0113c individu\u0101la projekta. P\u0113c v\u0113l\u0113\u0161an\u0101s pied\u0101v\u0101jam ar\u012b transport\u0113\u0161anu un uzst\u0101d\u012b\u0161anu l\u012bdz pat \u201catsl\u0113gu rok\u0101s\u201d gatav\u012bbai. <\/p>\n<p>Uzst\u0101d\u012b\u0161anas cenas parasti nep\u0101rsniedz 25 % no d\u0101rza vai br\u012bvdienu m\u0101jas v\u0113rt\u012bbas, un liel\u0101ku m\u0101ju gad\u012bjum\u0101 t\u0101s bie\u017ei vien var b\u016bt pat zem 10 %, ta\u010du, lai sa\u0146emtu prec\u012bzu inform\u0101ciju, visvienk\u0101r\u0161\u0101k ir nos\u016bt\u012bt mums piepras\u012bjumu.<\/p>\n<\/div><\/section>\n","protected":false},"excerpt":{"rendered":"","protected":false},"author":1,"featured_media":38822,"parent":5684,"menu_order":42,"comment_status":"closed","ping_status":"closed","template":"","meta":{"footnotes":""},"class_list":["post-4821","page","type-page","status-publish","has-post-thumbnail","hentry"],"_links":{"self":[{"href":"https:\/\/baltichouse.eu\/lv\/wp-json\/wp\/v2\/pages\/4821","targetHints":{"allow":["GET"]}}],"collection":[{"href":"https:\/\/baltichouse.eu\/lv\/wp-json\/wp\/v2\/pages"}],"about":[{"href":"https:\/\/baltichouse.eu\/lv\/wp-json\/wp\/v2\/types\/page"}],"author":[{"embeddable":true,"href":"https:\/\/baltichouse.eu\/lv\/wp-json\/wp\/v2\/users\/1"}],"replies":[{"embeddable":true,"href":"https:\/\/baltichouse.eu\/lv\/wp-json\/wp\/v2\/comments?post=4821"}],"version-history":[{"count":9,"href":"https:\/\/baltichouse.eu\/lv\/wp-json\/wp\/v2\/pages\/4821\/revisions"}],"predecessor-version":[{"id":50135,"href":"https:\/\/baltichouse.eu\/lv\/wp-json\/wp\/v2\/pages\/4821\/revisions\/50135"}],"up":[{"embeddable":true,"href":"https:\/\/baltichouse.eu\/lv\/wp-json\/wp\/v2\/pages\/5684"}],"wp:featuredmedia":[{"embeddable":true,"href":"https:\/\/baltichouse.eu\/lv\/wp-json\/wp\/v2\/media\/38822"}],"wp:attachment":[{"href":"https:\/\/baltichouse.eu\/lv\/wp-json\/wp\/v2\/media?parent=4821"}],"curies":[{"name":"wp","href":"https:\/\/api.w.org\/{rel}","templated":true}]}}