{"id":34612,"date":"2022-12-01T14:37:54","date_gmt":"2022-12-01T12:37:54","guid":{"rendered":"https:\/\/baltichouse.eu\/rikojums\/privatuma-politika\/"},"modified":"2022-12-01T14:37:54","modified_gmt":"2022-12-01T12:37:54","slug":"privatuma-politika","status":"publish","type":"page","link":"https:\/\/baltichouse.eu\/lv\/rikojums\/privatuma-politika\/","title":{"rendered":"Priv\u0101tuma politika"},"content":{"rendered":"<h1>Baltichouse.eu priv\u0101tuma politika<\/h1>\n<p>\u0160aj\u0101 priv\u0101tuma politik\u0101 ietvert\u0101 inform\u0101cija attiecas uz fiziskas personas personas datiem, bet ne uz uz\u0146\u0113mumu vai citu juridisku personu vai iest\u0101\u017eu datiem. Inform\u0101cija attiecas ar\u012b uz visu fizisko personu, kas nodarbojas ar profesion\u0101lo un profesion\u0101lo darb\u012bbu (piem\u0113ram, uz\u0146\u0113muma vai organiz\u0101cijas darbinieku) personas datiem. Ja j\u016bs sazin\u0101ties ar mums k\u0101 ar Biznesa klientu saist\u012bta persona, m\u0113s ar\u012b re\u0123istr\u0113sim un izmantosim j\u016bsu personas datus.<\/p>\n<p>Savu darb\u012bbu laik\u0101 m\u0113s apkopojam un izmantojam personas datus par jums, lai sniegtu jums vislab\u0101ko servisu, padomu un risin\u0101jumus un izpild\u012btu ar jums nosl\u0113gtos l\u012bgumus.<\/p>\n<p>M\u0113s aizsarg\u0101jam j\u016bsu datus un priv\u0101tumu visos piem\u0113rojamos ties\u012bbu aktos noteiktajos veidos.<\/p>\n<p><strong>K\u0101diem nol\u016bkiem m\u0113s apstr\u0101d\u0101jam j\u016bsu personas datus?<\/strong><\/p>\n<p>Baltichouse Production apstr\u0101d\u0101 klienta personas datus saist\u012bb\u0101 ar l\u012bguma izpildi \u0161\u0101diem m\u0113r\u0137iem:<\/p>\n<ul>\n<li>Klienta identit\u0101tes identific\u0113\u0161ana l\u012bguma izpildes un garant\u0113\u0161anas nol\u016bk\u0101;<\/li>\n<li>Komunik\u0101cija ar klientu l\u012bguma izpildes un nodro\u0161in\u0101\u0161anas nol\u016bk\u0101;<\/li>\n<li>Atbild\u0113\u0161ana uz klientu piepras\u012bjumiem un piepras\u012bjumiem;<\/li>\n<li>R\u0113\u0137inu sagatavo\u0161ana un nos\u016bt\u012b\u0161ana klientam;<\/li>\n<li>Klientu b\u0101zes vad\u012b\u0161ana un anal\u012bze, lai uzlabotu pre\u010du un pakalpojumu pieejam\u012bbu, izv\u0113li, kvalit\u0101ti utt. un sniegtu klientiem lab\u0101kos pied\u0101v\u0101jumus;<\/li>\n<li>Juridiska pien\u0101kuma izpilde, piem\u0113ram, gr\u0101matved\u012bbas pien\u0101kuma izpilde;<\/li>\n<li>Cita veida apstr\u0101de, kas balst\u012bta uz Baltichouse Production le\u0123it\u012bmaj\u0101m interes\u0113m, ar nosac\u012bjumu, ka Baltichouse Production likum\u012bg\u0101s intereses neatsver datu subjekta ties\u012bbas.<\/li>\n<\/ul>\n<p><strong>K\u0101dus personas datus m\u0113s apstr\u0101d\u0101jam?<\/strong><\/p>\n<p>Ja j\u016bs sazin\u0101ties ar Baltichouse Production, lai sa\u0146emtu pakalpojumu vai ieg\u0101d\u0101tos preces, mums ir j\u0101apstr\u0101d\u0101 dati par jums, kas ietver ar\u012b personas datus. Personas dati, kurus m\u0113s apstr\u0101d\u0101jam par jums, ir atkar\u012bgi no konkr\u0113taj\u0101m l\u012bguma vai pirmsl\u012bguma attiec\u012bb\u0101m starp jums un Baltichouse Production. Personas dati, kurus m\u0113s apstr\u0101d\u0101jam par jums, var ietvert \u0161\u0101dus datus:<\/p>\n<ul>\n<li>V\u0101rds un uzv\u0101rds;<\/li>\n<li>Soci\u0101l\u0101s apdro\u0161in\u0101\u0161anas numurs vai dzim\u0161anas datums;<\/li>\n<li>Personu apliecino\u0161u dokumentu dati;<\/li>\n<li>Kontaktinform\u0101cija (adrese, e-pasts, t\u0101lru\u0146a numurs);<\/li>\n<li>Cita ar l\u012bgumu saist\u012bta inform\u0101cija (l\u012bguma izpildes laiks, cena, maks\u0101juma inform\u0101cija vai cita l\u012bgum\u0101 nor\u0101d\u012bt\u0101 inform\u0101cija).<\/li>\n<\/ul>\n<p>Baltichouse Production ir ties\u012bbas p\u0101rbaud\u012bt j\u016bsu public\u0113to personas datu pareiz\u012bbu un v\u0101kt par jums papildu datus no publiskiem avotiem. Baltichouse Production nek\u0101d\u0101 gad\u012bjum\u0101 neapkopo datus par jums no nepubliskiem avotiem.<\/p>\n<p><strong>Personas datu p\u0101rs\u016bt\u012b\u0161ana<\/strong><\/p>\n<p>Noteiktos gad\u012bjumos Baltichouse Production var nodot j\u016bsu personas datus tre\u0161aj\u0101m person\u0101m Eiropas Ekonomikas zon\u0101. Baltichouse Production var p\u0101rs\u016bt\u012bt j\u016bsu personas datus:<\/p>\n<ul>\n<li>Ja esat to l\u016bdzis;<\/li>\n<li>Ja to pieprasa likums;<\/li>\n<li>Ja esat devis iepriek\u0161\u0113ju piekri\u0161anu;<\/li>\n<li>Ja j\u016bs nepild\u012bsiet savas saist\u012bbas pret Baltichouse Production, m\u0113s varam izpaust j\u016bsu personas datus kred\u012btreitingu a\u0123ent\u016br\u0101m un re\u0123istriem;<\/li>\n<li>Ja nepiecie\u0161ams att\u012bst\u012bt, uztur\u0113t un nodro\u0161in\u0101t IT sist\u0113mu nep\u0101rtraukt\u012bbu;<\/li>\n<li>Baltichouse Production sadarb\u012bbas partneriem, kuriem datu nodo\u0161ana nepiecie\u0161ama, lai izpild\u012btu vai garant\u0113tu ar klientu nosl\u0113gto l\u012bgumu, piem\u0113ram, sadarb\u012bbas partneriem, kas nodarbojas ar b\u016bvniec\u012bbas pieteik\u0161anu un \u0123eob\u0101zi;<\/li>\n<li>Ja iesniedzat piepras\u012bjumu nosl\u0113gt nomaksas l\u012bgumu, Baltichouse Production var nodot j\u016bsu personas datus j\u016bsu izv\u0113l\u0113tiem nomaksas pakalpojumu sniedz\u0113jiem, ar kuriem v\u0113laties sl\u0113gt l\u012bgumu un kuri \u0161aj\u0101 gad\u012bjum\u0101 b\u016bs j\u016bsu personas datu p\u0101rzinis ar Jums nosl\u0113gt\u0101 l\u012bguma izpildes un garant\u0113\u0161anas m\u0113r\u0137is.<\/li>\n<\/ul>\n<p><strong>Personas datu uzglab\u0101\u0161ana<\/strong><\/p>\n<p>Baltichouse Production glab\u0101 personas datus t\u0101d\u0101 form\u0101, kas \u013cauj j\u016bs identific\u0113t tikai tik ilgi, cik tas ir sapr\u0101t\u012bgi nepiecie\u0161ams, pamatojoties uz personas datu v\u0101k\u0161anas m\u0113r\u0137i vai pamatots Baltichouse Production le\u0123it\u012bmo intere\u0161u d\u0113\u013c, ar nosac\u012bjumu, ka Baltichouse Production le\u0123it\u012bm\u0101s intereses un ties\u012bbu p\u0101rk\u0101pums. datu subjekta br\u012bv\u012bbas ir l\u012bdzsvarotas.<\/p>\n<p>Uzglab\u0101jot personas datus, m\u0113s iev\u0113rojam \u0161\u0101dus glab\u0101\u0161anas termi\u0146us:<\/p>\n<ul>\n<li>L\u012bguma nosl\u0113g\u0161anai sav\u0101ktos datus glab\u0101jam tik ilgi, cik tie ir nepiecie\u0161ami saist\u012bb\u0101 ar l\u012bguma izpildi l\u012bguma darb\u012bbas laik\u0101, l\u012bdz garantijas termi\u0146a beig\u0101m vai l\u012bdz 3 gadiem;<\/li>\n<li>Ar gr\u0101matved\u012bbu saist\u012btos dokumentu ori\u0123in\u0101lus glab\u0101jam 7 gadus;<\/li>\n<li>M\u0113s uzglab\u0101jam datus, kas sav\u0101kti, izmantojot t\u012bmek\u013ca vietnes piepras\u012bjumus, 1 gadu;<\/li>\n<li>Inform\u0101cija, kas ieg\u016bta, izmantojot t\u012bmek\u013ca vietnes s\u012bkdatnes, tiek glab\u0101ta 540 dienas.<\/li>\n<\/ul>\n<p>P\u0113c glab\u0101\u0161anas termi\u0146a iest\u0101\u0161an\u0101s pap\u012bra form\u0101 glab\u0101tie personas dati tiks izn\u012bcin\u0101ti un elektroniskie personas dati tiks dz\u0113sti. Ja v\u0113laties sa\u0146emt s\u012bk\u0101ku inform\u0101ciju par to, k\u0101di glab\u0101\u0161anas termi\u0146i tiek piem\u0113roti par jums glab\u0101tajiem personas datiem, l\u016bdzu, sazinieties ar mums, izmantojot sada\u013c\u0101 &#8220;Kontakti&#8221; nor\u0101d\u012bto kontaktinform\u0101ciju.<\/p>\n<p><strong>Citi noteikumi<\/strong><\/p>\n<p>Uz priv\u0101tuma nosac\u012bjumiem attiecas Igaunijas Republik\u0101 sp\u0113k\u0101 eso\u0161ie ties\u012bbu akti.<\/p>\n<p><strong>J\u016bsu ties\u012bbas<\/strong><\/p>\n<p><strong><em>J\u016bsu personas datu iepaz\u012b\u0161ana<\/em><\/strong><\/p>\n<p>J\u016bs varat iepaz\u012bties ar par jums sav\u0101ktajiem un izmantotajiem personas datiem, to avotiem un izmanto\u0161anas m\u0113r\u0137iem. J\u016bs varat ieg\u016bt inform\u0101ciju par to, cik ilgi un k\u0101dus datus par jums glab\u0101jam. J\u016bsu ties\u012bbas piek\u013c\u016bt j\u016bsu personas datiem var ierobe\u017eot piem\u0113rojamie ties\u012bbu akti, citu personu ties\u012bbas nodro\u0161in\u0101t savu priv\u0101tumu un m\u016bsu darb\u012bbas vajadz\u012bbas. M\u016bsu zin\u0101\u0161anas, komercnosl\u0113pumi, iek\u0161\u0113jie nov\u0113rt\u0113jumi un materi\u0101li var b\u016bt ar\u012b nepubliska inform\u0101cija.<\/p>\n<p><strong><em>Ties\u012bbas iebilst<\/em><\/strong><\/p>\n<p>Jums ir ties\u012bbas iebilst pret savu personas datu apstr\u0101di, tostarp, ja m\u0113s pa\u013caujamies uz m\u016bsu likum\u012bgaj\u0101m interes\u0113m datu apstr\u0101d\u0113. Jums ir ar\u012b ties\u012bbas aizliegt savu personas datu izmanto\u0161anu tie\u0161ajam m\u0101rketingam.<\/p>\n<p><strong><em>Datu labo\u0161ana vai dz\u0113\u0161ana<\/em><\/strong><\/p>\n<p>Ja J\u016bsu dati ir nepareizi, nepiln\u012bgi vai neatbilsto\u0161i, Jums ir ties\u012bbas piepras\u012bt datu labo\u0161anu vai dz\u0113\u0161anu, \u0146emot v\u0113r\u0101 ierobe\u017eojumus, kas izriet no sp\u0113k\u0101 eso\u0161ajiem ties\u012bbu aktiem un ar datu izmanto\u0161anu saist\u012bt\u0101s ties\u012bbas.<\/p>\n<p><strong><em>Datu izmanto\u0161anas ierobe\u017eojums<\/em><\/strong><\/p>\n<p>Ja atkl\u0101jat, ka m\u016bsu apkopotie dati par jums nav pareizi, vai ja esat iebildis pret datu izmanto\u0161anu, varat piepras\u012bt, lai m\u0113s ierobe\u017eotu \u0161o datu izmanto\u0161anu l\u012bdz tikai saglab\u0101\u0161anai. Izmanto\u0161ana ir ierobe\u017eota tikai ar glab\u0101\u0161anu l\u012bdz br\u012bdim, kad ir iesp\u0113jams noskaidrot datu pareiz\u012bbu vai p\u0101rbaud\u012bt, vai m\u016bsu likum\u012bg\u0101s intereses atsver j\u016bsu intereses.<\/p>\n<p>Ja jums ir ties\u012bbas piepras\u012bt datu dz\u0113\u0161anu, t\u0101 viet\u0101 varat piepras\u012bt, lai m\u0113s ierobe\u017eotu datu izmanto\u0161anu tikai l\u012bdz to glab\u0101\u0161anai. Ja par jums sav\u0101ktie dati mums ir nepiecie\u0161ami tikai juridisku pras\u012bbu izpildei vai aizst\u0101v\u0113\u0161anai, varat piepras\u012bt, lai dati netiktu izmantoti nek\u0101d\u0101 cit\u0101 veid\u0101, k\u0101 vien tos uzglab\u0101jot. Tom\u0113r mums var b\u016bt ties\u012bbas izmantot datus cit\u0101 veid\u0101, ja tas ir nepiecie\u0161ams pras\u012bbu izpildei vai ja esat devis savu piekri\u0161anu.<\/p>\n<p><strong><em>Piekri\u0161anas atsauk\u0161ana<\/em><\/strong><\/p>\n<p>Ja datu izmanto\u0161anai ir nepiecie\u0161ama j\u016bsu piekri\u0161ana, j\u016bs jebkur\u0101 laik\u0101 varat atsaukt \u0161o piekri\u0161anu. V\u0113r\u0161am j\u016bsu uzman\u012bbu uz to, ka, atsaucot savu piekri\u0161anu, m\u0113s, iesp\u0113jams, nevar\u0113sim jums pied\u0101v\u0101t noteiktus pakalpojumus. M\u0113s ar\u012b turpin\u0101sim izmantot j\u016bsu personas datus, piem\u0113ram, lai izpild\u012btu ar jums nosl\u0113gto l\u012bgumu vai pamatojoties uz pras\u012bb\u0101m, kas izriet no ties\u012bbu aktiem.<\/p>\n<p><strong><em>Datu p\u0101rnesam\u012bba<\/em><\/strong><\/p>\n<p>Ja m\u0113s izmantojam datus, pamatojoties uz J\u016bsu piekri\u0161anu vai l\u012bgumu un datu apstr\u0101de ir automatiz\u0113ta, Jums ir ties\u012bbas sa\u0146emt J\u016bsu sniegto datu kopiju elektroniski ma\u0161\u012bnlas\u0101m\u0101 form\u0101t\u0101.<\/p>\n<p><strong>KONTAKTI<\/strong><\/p>\n<p>Ja jums ir k\u0101di jaut\u0101jumi par \u0161o priv\u0101tuma politiku, jaut\u0101jumi par to, k\u0101 Baltichouse Production apstr\u0101d\u0101 j\u016bsu personas datus, vai ja v\u0113laties iesniegt piepras\u012bjumus saist\u012bb\u0101 ar personas datu apstr\u0101di, l\u016bdzu, sazinieties ar Baltichouse Production pa e-pastu, t\u0101lruni vai pastu uz zem\u0101k nor\u0101d\u012bto kontakti:<\/p>\n<p>Baltichouse Production O\u00dc<\/p>\n<p>Adrese: Lossi 42, 71007 Viljandi, Viljandi apri\u0146\u0137is, Igaunija<\/p>\n<p>T\u0101lrunis: 5502900<\/p>\n<p>E-pasts: <a href=\"mailto:info@baltichouse.eu\">info@baltichouse.eu<\/a><\/p>\n","protected":false},"excerpt":{"rendered":"<p>Baltichouse.eu priv\u0101tuma politika \u0160aj\u0101 priv\u0101tuma politik\u0101 ietvert\u0101 inform\u0101cija attiecas uz fiziskas personas personas datiem, bet ne uz uz\u0146\u0113mumu vai citu juridisku personu vai iest\u0101\u017eu datiem. Inform\u0101cija attiecas ar\u012b uz visu fizisko personu, kas nodarbojas ar profesion\u0101lo un profesion\u0101lo darb\u012bbu (piem\u0113ram, uz\u0146\u0113muma vai organiz\u0101cijas darbinieku) personas datiem. Ja j\u016bs sazin\u0101ties ar mums k\u0101 ar Biznesa klientu [&hellip;]<\/p>\n","protected":false},"author":1,"featured_media":0,"parent":5569,"menu_order":64,"comment_status":"closed","ping_status":"closed","template":"","meta":{"footnotes":""},"class_list":["post-34612","page","type-page","status-publish","hentry"],"_links":{"self":[{"href":"https:\/\/baltichouse.eu\/lv\/wp-json\/wp\/v2\/pages\/34612","targetHints":{"allow":["GET"]}}],"collection":[{"href":"https:\/\/baltichouse.eu\/lv\/wp-json\/wp\/v2\/pages"}],"about":[{"href":"https:\/\/baltichouse.eu\/lv\/wp-json\/wp\/v2\/types\/page"}],"author":[{"embeddable":true,"href":"https:\/\/baltichouse.eu\/lv\/wp-json\/wp\/v2\/users\/1"}],"replies":[{"embeddable":true,"href":"https:\/\/baltichouse.eu\/lv\/wp-json\/wp\/v2\/comments?post=34612"}],"version-history":[{"count":0,"href":"https:\/\/baltichouse.eu\/lv\/wp-json\/wp\/v2\/pages\/34612\/revisions"}],"up":[{"embeddable":true,"href":"https:\/\/baltichouse.eu\/lv\/wp-json\/wp\/v2\/pages\/5569"}],"wp:attachment":[{"href":"https:\/\/baltichouse.eu\/lv\/wp-json\/wp\/v2\/media?parent=34612"}],"curies":[{"name":"wp","href":"https:\/\/api.w.org\/{rel}","templated":true}]}}