{"id":17716,"date":"2018-01-16T15:35:14","date_gmt":"2018-01-16T13:35:14","guid":{"rendered":"https:\/\/baltichouse.eu\/?page_id=17716"},"modified":"2018-01-18T12:36:30","modified_gmt":"2018-01-18T10:36:30","slug":"produkcijas-garantija-panelu-majam-un-vasarnicam","status":"publish","type":"page","link":"https:\/\/baltichouse.eu\/lv\/produkcija\/produkcijas-garantija-panelu-majam-un-vasarnicam\/","title":{"rendered":"Produkcijas garantija pane\u013cu m\u0101j\u0101m"},"content":{"rendered":"\n<style type=\"text\/css\" data-created_by=\"avia_inline_auto\" id=\"style-css-av-av_one_full-6126cab7d8fab8d08143dd2dacdf673c\">\n.flex_column.av-av_one_full-6126cab7d8fab8d08143dd2dacdf673c{\nborder-radius:0px 0px 0px 0px;\npadding:0px 0px 0px 0px;\n}\n<\/style>\n<div  class='flex_column av-av_one_full-6126cab7d8fab8d08143dd2dacdf673c av_one_full  avia-builder-el-0  el_before_av_textblock  avia-builder-el-first  first flex_column_div av-zero-column-padding  '     ><style type=\"text\/css\" data-created_by=\"avia_inline_auto\" id=\"style-css-av-av_heading-47e86c285eeb2b4385f60320c993932d\">\n#top .av-special-heading.av-av_heading-47e86c285eeb2b4385f60320c993932d{\npadding-bottom:10px;\n}\nbody .av-special-heading.av-av_heading-47e86c285eeb2b4385f60320c993932d .av-special-heading-tag .heading-char{\nfont-size:25px;\n}\n.av-special-heading.av-av_heading-47e86c285eeb2b4385f60320c993932d .av-subheading{\nfont-size:15px;\n}\n<\/style>\n<div  class='av-special-heading av-av_heading-47e86c285eeb2b4385f60320c993932d av-special-heading-h3  avia-builder-el-1  avia-builder-el-no-sibling '><h3 class='av-special-heading-tag '  itemprop=\"headline\"  >Produkcijas garantija pane\u013cu m\u0101j\u0101m un vasarn\u012bc\u0101m<\/h3><div class=\"special-heading-border\"><div class=\"special-heading-inner-border\"><\/div><\/div><\/div><\/div><section  class='av_textblock_section av-av_textblock-396ddf1f42196ca838231e61a4602801 '   itemscope=\"itemscope\" itemtype=\"https:\/\/schema.org\/CreativeWork\" ><div class='avia_textblock'  itemprop=\"text\" ><p>J\u016bsu pane\u013cu m\u0101jas (turpm\u0101k: Produkcijas) konstrukcijas savienojumu deta\u013c\u0101m tiek dota\u00a0 <strong>10-gadu garantija<\/strong>, p\u0101r\u0113j\u0101m m\u0101jas deta\u013c\u0101m tiek dota <strong>2-gadu garantija<\/strong>. Prec\u012bz\u0101ki garantijas nosac\u012bjumi ir aprakt\u012bti turpm\u0101k. Produkcijas labo\u0161ana vai deta\u013cu aizvieto\u0161ana garantijas laik\u0101, nepagarina eso\u0161o garantijas laiku un nedod jaunu garantijas laiku. Produkcijas garantijas laik\u0101 aizvietoto vai laboto deta\u013cu garantija beidzas reiz\u0113 ar Produkcijas s\u0101kotneji doto garant\u012bjas laiku.<\/p>\n<ol>\n<li><strong>Garantijas visp\u0101r\u0113jie nosac\u012bjumi<\/strong>:\n<ul>\n<li>Produkcijai j\u0101b\u016bt ieg\u0101d\u0101tai no Ra\u017eot\u0101ja vai Ra\u017eot\u0101ja ofici\u0101l\u0101 p\u0101rst\u0101vja (turpm\u0101k: P\u0101rdev\u0113ja) un produkcijas galapat\u0113r\u0113t\u0101js (turpm\u0101k: Pirc\u0113js) ieg\u016bst Produkcijas garantiju no br\u012b\u017ea, kad veikta gal\u012bga apmaksa par Produkciju p\u0113c piest\u0101d\u012bt\u0101 r\u0113\u0137ina.<\/li>\n<li>Pirc\u0113jam j\u0101b\u016bt p\u0101rliecin\u0101tam, ka Produkcija ir izv\u0113l\u0113ta m\u0113r\u0137tiec\u012bgi un atbilst uzst\u0101d\u012b\u0161anai iepl\u0101not\u0101 viet\u0101.<\/li>\n<li>Garantijas periods s\u0101kas ar Produkcijas nodo\u0161anu Pirc\u0113jam, p\u0113c pavaddokumentu parakst\u012b\u0161anas. Garantijas esam\u012bbas priek\u0161nosac\u012bjums ir uzst\u0101d\u012b\u0161nas apraksta prec\u012bza iev\u0113ro\u0161ana. Produkcijai vai t\u0101s deta\u013c\u0101m veikt\u0101s izmai\u0146as ir j\u0101b\u016bt s\u0101kotn\u0113ji sasko\u0146otas ar P\u0101rdev\u0113ju.<\/li>\n<li>Garantijas gad\u012bjum\u0101 izskata iesp\u0113jam\u0101s Produkcijas konstrukciju k\u013c\u016bdas, komponentu defektus un\/vai iztr\u016bkumus, kuru uzskait\u012bjums garantijas gad\u012bjumam nav izteikts 2.punkt\u0101.<\/li>\n<li>Garantijas laik\u0101 par atkl\u0101to Produkcijas tr\u016bkumu, nekav\u0113joties j\u0101inform\u0113 P\u0101rdev\u0113js, bet ne v\u0113l\u0101k, k\u0101 piecu dienu laik\u0101 no tr\u016bkuma atkl\u0101\u0161anas. S\u016bdz\u012bbu iesnieg\u0161anas pamat\u0101 ir j\u0101b\u016bt foto, tr\u016bkuma aprakstam, l\u012bguma, Produkcijas artikula un nodo\u0161anas akta numuram.<\/li>\n<li>Garantijas atbild\u012bba attiecas tikai uz garantijas gad\u012bjum\u0101 nomain\u012bt\u0101s defekt\u0101s deta\u013cas. Pirc\u0113js un P\u0101rdev\u0113js vienojas par iesp\u0113jami \u0101tr\u0101ko pieg\u0101des laiku un vietu. Garantijas atbild\u012bba neattiecas uz transporta, uzst\u0101d\u012b\u0161anas, laika un sakaru izdevumiem, kas ir radu\u0161ies defekta atkl\u0101\u0161an\u0101 un uzst\u0101d\u012b\u0161an\u0101. P\u0101rdev\u0113js neatbild par Pirc\u0113ja ne ar\u012b tre\u0161o personu izdar\u012btajiem Produkcijas zaud\u0113jumiem, kas radu\u0161ies no jebk\u0101diem blakus vai tie\u0161ajiem darbiem.<\/li>\n<\/ul>\n<\/li>\n<\/ol>\n<p>1.7. \u00a0 P\u0101rdev\u0113js patur sev ties\u012bbas, aizdomu br\u012bd\u012b, gad\u012bjumu izskat\u012bt ilg\u0101k k\u0101 14 dienas, piesaistot p\u0113c savas izv\u0113les ekspertus, lai izv\u0113rt\u0113tu sekojo\u0161o :<\/p>\n<ul>\n<li>vai Produkcija ir uzst\u0101d\u012bta p\u0113c dot\u0101s uzst\u0101d\u012b\u0161anas instrukcijas;<\/li>\n<li>vai piest\u0101d\u012bt\u0101s garantijas gad\u012bjumu rad\u012bju\u0161i apst\u0101k\u013ci, kas aprakst\u012bti 2.punkt\u0101.<\/li>\n<\/ul>\n<p>1.8. \u00a0 P\u0101rdev\u0113jam ir ties\u012bbas no Pirc\u0113ja piepras\u012bt izdevumu atl\u012bdz\u012bbu, nepamatotas reklam\u0101cijas gad\u012bjum\u0101.<\/p>\n<p>1.9.\u00a0 Garantija ir sp\u0113k\u0101 tikai P\u0101rdev\u0113ja ra\u017eotajai vai uzst\u0101d\u012btajai Produkcijai un to deta\u013c\u0101m.<\/p>\n<ol start=\"2\">\n<li><strong>Garantija neattiecas:<\/strong><\/li>\n<\/ol>\n<p>2.1. \u00a0 Ja Produkcijas uzst\u0101d\u012b\u0161anu un\/vai transport\u0113\u0161anu nav veicis P\u0101rdev\u0113js, tad Produkcijas nepareizas izkrau\u0161anas un uzglab\u0101\u0161anas d\u0113\u013c radu\u0161os zaud\u0113jumu gad\u012bjum\u0101, p\u0113c Produkcijas nodo\u0161anas Pirc\u0113jam (uzglab\u0101\u0161ana laika apst\u0101k\u013ciem nepiem\u0113rot\u0101 veid\u0101, saskarsm\u0113 ar zemi, apkurin\u0101m\u0101s telp\u0101s), transport\u0113\u0161an\u0101 un uzst\u0101d\u012b\u0161an\u0101 radu\u0161os zaud\u0113jumu gad\u012bjum\u0101. Transport\u0113\u0161anas laik\u0101 radu\u0161os zaud\u0113jumus (gad\u012bjumos, kad Produkcija tiek nog\u0101d\u0101ta Pirc\u0113jam), ko iesp\u0113jams atkl\u0101t pirms Produkcijas nodo\u0161anas (pirms izkrau\u0161anas), nepiecie\u0161ams fiks\u0113t ar foto un to piest\u0101d\u012bt P\u0101rdev\u0113jam.<\/p>\n<p>2.2. \u00a0 Produkcijas durvis un logi ir kusto\u0161as deta\u013cas, kuras nepiecie\u0161ams laiku pa laikam noregul\u0113t. \u0160o deta\u013cu noregul\u0113\u0161ana neietilpst garant\u012bj\u0101.<\/p>\n<p>2.3.\u00a0 Ja J\u016bsu m\u0101jai ir uzst\u0101d\u012bti atbalsta koka stabi zem jumta, terases, nojumes u.t.t., izmantojot v\u012bt\u0146u stie\u0146a regul\u0113\u0161anas principu, tad v\u0113l\u0101ka stabu (+\/-) regul\u0113\u0161ana neietilpst garant\u012bj\u0101.<\/p>\n<p>2.4.\u00a0 Nepietiekamas ventil\u0101cijas vai citas kokam nelabv\u0113l\u012bgas ietekmes rad\u012bt\u0101s probl\u0113mas.<\/p>\n<p>2.5.\u00a0 Ja garant\u012bjas gad\u012bjuma izrais\u012bto situ\u0101ciju piln\u012bgi vai da\u013c\u0113ji var\u0113tu nov\u0113rt no Pirc\u0113ja puses.<\/p>\n<p>2.6. \u00a0 Koksnes \u012bpatn\u012bbas, k\u0101 dab\u012bgam materi\u0101lam:<\/p>\n<ul>\n<li>brie\u0161ana, sarau\u0161an\u0101s (platum\u0101 vai biezum\u0101 zem 5%), k\u0101 ar\u012b to\u0146u ats\u0137ir\u012bbas un deta\u013cu lieg\u0161an\u0101s, kas netrauc\u0113 uzst\u0101d\u012b\u0161anai;<\/li>\n<li>Produkcijas deta\u013c\u0101s eso\u0161ie veselie \/ ieaugu\u0161ie zari, kas neietekm\u0113 Produkcijas stabilit\u0101ti;<\/li>\n<li>gr\u012bdas un jumtu d\u0113\u013ciem eso\u0161\u0101 ne\u0113vel\u0113t\u0101 virsma, bomkante un zaru vietas, j\u0101cen\u0161as izmantot t\u0101, lai min\u0113tie defekti pie gal\u012bg\u0101s apdares tiktu pasl\u0113pti (piem\u0113ram, apgrie\u017eot d\u0113\u013cus);<\/li>\n<li>Produkcijas deta\u013c\u0101m var b\u016bt l\u012bdz 20 mm diametr\u0101 izkritu\u0161ie zari, gad\u012bjumos, ja tie atrodas deta\u013cu mal\u0101s, bet pie gal\u0113j\u0101s apdares iesp\u0113jams tos pasl\u0113pt konstrukcij\u0101;<\/li>\n<li>Produkcijas deta\u013c\u0101m (\u017e\u016b\u0161anas d\u0113\u013c) rodas mazas plaisas, kas nav caurejo\u0161as un b\u012bstamas Produkcijas konstrukcijas stabilit\u0101tei;<\/li>\n<li>Produkcijas deta\u013c\u0101m iesp\u0113jamas sve\u0137u vietas.<\/li>\n<\/ul>\n<p>2.7. \u00a0 Produkcijas dab\u012bg\u0101 nodiluma rezult\u0101t\u0101 radu\u0161ies zaud\u0113jumi (gr\u012bdas d\u0113\u013cu vai durvju sliek\u0161\u0146a nodilums).<\/p>\n<p>2.8. \u00a0 Stikla paketei \/ stikla r\u016btij, kas no Pirc\u0113ja puses ir meh\u0101niski boj\u0101ta, sapl\u0113sta vai termiski sadal\u012bjusies (stikla termisk\u0101 sadal\u012b\u0161an\u0101s iesp\u0113jama, kad temperat\u016bra stiklam un segtajai da\u013cai p\u0101rsniedz pie\u013cauto kritisko normu).<\/p>\n<p>2.9. \u00a0 Gad\u012bjumiem, kas ir saist\u012bti ar norm\u0101l\u0101m fizik\u0101l\u0101m par\u0101d\u012bb\u0101m (piem\u0113ram, kondens\u0101ta veido\u0161an\u0101s uz stikla).<\/p>\n<p>2.10.Produkcijas durvju un logu v\u0113rt\u0146u koka sv\u0101rst\u012bbas, kuras sv\u0101rst\u0101s ra\u017eot\u0101ja ai\u013cu tolorances robe\u017e\u0101s.<\/p>\n<p>2.11.\u00a0\u00a0\u00a0\u00a0\u00a0\u00a0 Produkcijas boj\u0101\u0161anai neparedz\u0113tos gad\u012bjumos (piem\u0113ram, vand\u0101lisms, pl\u016bdi, zibens vai virpu\u013cv\u0113tra).<\/p>\n<p>2.12.Ja Produkcijas koka fas\u0101de no ra\u017eot\u0101ja puses ir nogrunt\u0113ta un nokr\u0101sota vienu reizi, tad svar\u012bgi, lai t\u0101 t\u0101 tiktu v\u0113lreiz nokr\u0101sota 6 m\u0113ne\u0161u laik\u0101 no Pirc\u0113ja puses. Kr\u0101sas k\u0101rtas notur\u012bbu j\u0101p\u0101rbauda vismaz vienu reizi gad\u0101 un p\u0113c nepiecie\u0161am\u012bbas, atk\u0101rtot apstr\u0101di.<\/p>\n<p><strong>Pirc\u0113js zaud\u0113 ties\u012bbas uz produkcijas garantiju, ja :<\/strong><\/p>\n<ul>\n<li>Pirc\u0113js nav p\u0101rbaud\u012bjis Produkciju, to deta\u013cu daudzumu, komplekt\u0101ciju, k\u0101 ar\u012b kvalit\u0101ti t\u0101s sa\u0146em\u0161anas br\u012bdi, pie\u0146emam\u0101 laika period\u0101, p\u0113c Produkcijas sa\u0146em\u0161nas un noteikti pirms Produkcijas uzst\u0101d\u012b\u0161anas.<\/li>\n<li>Boj\u0101t\u0101s deta\u013cas vai m\u0101jas da\u013cas jau ir uzst\u0101d\u012btas vai nokr\u0101sotas, kad tas b\u016btu bijis iesp\u0113jams atkl\u0101t pirms min\u0113t\u0101. Atkl\u0101tie tr\u016bkumi nav j\u0101fiks\u0113ti atbilsto\u0161i 1.5. punkt\u0101 aprakst\u012btajam.<\/li>\n<li>Pirc\u0113js ir iesniedzis P\u0101rdev\u0113jam Produkcijas vai ar garantijas gad\u012bjumu saist\u012btus nepatiesus datus vai nepietiekamu defekta aprakstu vai tr\u016bkst pirkuma apstiprino\u0161u dokumentu.<\/li>\n<\/ul>\n<\/div><\/section><\/p>\n","protected":false},"excerpt":{"rendered":"","protected":false},"author":1,"featured_media":0,"parent":4377,"menu_order":48,"comment_status":"closed","ping_status":"closed","template":"","meta":{"footnotes":""},"class_list":["post-17716","page","type-page","status-publish","hentry"],"_links":{"self":[{"href":"https:\/\/baltichouse.eu\/lv\/wp-json\/wp\/v2\/pages\/17716","targetHints":{"allow":["GET"]}}],"collection":[{"href":"https:\/\/baltichouse.eu\/lv\/wp-json\/wp\/v2\/pages"}],"about":[{"href":"https:\/\/baltichouse.eu\/lv\/wp-json\/wp\/v2\/types\/page"}],"author":[{"embeddable":true,"href":"https:\/\/baltichouse.eu\/lv\/wp-json\/wp\/v2\/users\/1"}],"replies":[{"embeddable":true,"href":"https:\/\/baltichouse.eu\/lv\/wp-json\/wp\/v2\/comments?post=17716"}],"version-history":[{"count":0,"href":"https:\/\/baltichouse.eu\/lv\/wp-json\/wp\/v2\/pages\/17716\/revisions"}],"up":[{"embeddable":true,"href":"https:\/\/baltichouse.eu\/lv\/wp-json\/wp\/v2\/pages\/4377"}],"wp:attachment":[{"href":"https:\/\/baltichouse.eu\/lv\/wp-json\/wp\/v2\/media?parent=17716"}],"curies":[{"name":"wp","href":"https:\/\/api.w.org\/{rel}","templated":true}]}}