{"id":17715,"date":"2018-01-16T14:53:50","date_gmt":"2018-01-16T12:53:50","guid":{"rendered":"https:\/\/baltichouse.eu\/?page_id=17715"},"modified":"2019-06-21T14:22:49","modified_gmt":"2019-06-21T12:22:49","slug":"produkcijas-garantija-darza-majam","status":"publish","type":"page","link":"https:\/\/baltichouse.eu\/lv\/produkcija\/produkcijas-garantija-darza-majam\/","title":{"rendered":"Produkcijas garantija d\u0101rza m\u0101j\u0101m"},"content":{"rendered":"\n<style type=\"text\/css\" data-created_by=\"avia_inline_auto\" id=\"style-css-av-av_heading-c43f54b0bacc4dd1805226bfceba97c2\">\n#top .av-special-heading.av-av_heading-c43f54b0bacc4dd1805226bfceba97c2{\npadding-bottom:10px;\n}\nbody .av-special-heading.av-av_heading-c43f54b0bacc4dd1805226bfceba97c2 .av-special-heading-tag .heading-char{\nfont-size:25px;\n}\n.av-special-heading.av-av_heading-c43f54b0bacc4dd1805226bfceba97c2 .av-subheading{\nfont-size:15px;\n}\n<\/style>\n<div  class='av-special-heading av-av_heading-c43f54b0bacc4dd1805226bfceba97c2 av-special-heading-h3  avia-builder-el-0  el_before_av_textblock  avia-builder-el-first '><h3 class='av-special-heading-tag '  itemprop=\"headline\"  >Produkcijas garantija d\u0101rza m\u0101j\u0101m un pirt\u012bm<\/h3><div class=\"special-heading-border\"><div class=\"special-heading-inner-border\"><\/div><\/div><\/div>\n<section  class='av_textblock_section av-av_textblock-2de302bf1aa3cf4c9157dbe6f50ac7eb '   itemscope=\"itemscope\" itemtype=\"https:\/\/schema.org\/CreativeWork\" ><div class='avia_textblock'  itemprop=\"text\" ><p>J\u016bsu d\u0101rza m\u0101jas koka deta\u013c\u0101m tiek dota\u00a0 <strong>5-gadu garantija<\/strong>, p\u0101r\u0113j\u0101m deta\u013c\u0101m tiek dota 2-gadu garantija. Prec\u012bz\u0101ki garantijas nosac\u012bjumi ir aprakt\u012bti turpm\u0101k. Produkcijas labo\u0161ana vai deta\u013cu aizvieto\u0161ana garantijas laik\u0101, nepagarina eso\u0161o garantijas laiku un nedod jaunu garantijas laiku. Produkcijas garantijas laik\u0101 aizvietoto vai laboto deta\u013cu garantija beidzas reiz\u0113 ar produkcijas s\u0101kotneji doto garant\u012bjas laiku.<\/p>\n<ol>\n<li><strong>Garantijas visp\u0101r\u0113jie nosac\u012bjumi<\/strong>:\n<ul>\n<li>Produkcijai j\u0101b\u016bt ieg\u0101d\u0101tai no Ra\u017eot\u0101ja vai Ra\u017eot\u0101ja ofici\u0101l\u0101 p\u0101rst\u0101vja (turpm\u0101k: P\u0101rdev\u0113ja) un produkcijas galapat\u0113r\u0113t\u0101js (turpm\u0101k: Pirc\u0113js) ieg\u016bst produkcijas garantiju no br\u012b\u017ea, kad veikta gal\u012bga apmaksa par produkciju p\u0113c piest\u0101d\u012bt\u0101 r\u0113\u0137ina.<\/li>\n<li>Pirc\u0113jam j\u0101b\u016bt p\u0101rliecin\u0101tam, ka produkcija ir izv\u0113l\u0113ta m\u0113r\u0137tiec\u012bgi un atbilst uzst\u0101d\u012b\u0161anai iepl\u0101not\u0101 viet\u0101 ( piem\u0113ram, izmanto\u0161nai gadu garum\u0101 biroja vajadz\u012bb\u0101m).<\/li>\n<li>Garantijas periods s\u0101kas ar produkcijas nodo\u0161anu Pirc\u0113jam, p\u0113c pavaddokumentu parakst\u012b\u0161anas. Garantijas esam\u012bbas priek\u0161nosac\u012bjums ir uzst\u0101d\u012b\u0161nas apraksta prec\u012bza iev\u0113ro\u0161ana. Produkcijai vai t\u0101s deta\u013c\u0101m veikt\u0101s izmai\u0146as ir j\u0101b\u016bt s\u0101kotn\u0113ji sasko\u0146otas ar P\u0101rdev\u0113ju.<\/li>\n<li>Garantijas gad\u012bjum\u0101 izskata iesp\u0113jam\u0101s produkcijas konstrukciju k\u013c\u016bdas, komponentu defektus un\/vai iztr\u016bkumus, kuru uzskait\u012bjums garantijas gad\u012bjumam nav izteikts 2.punkt\u0101.<\/li>\n<li>Garantijas laik\u0101 par atkl\u0101to produkcijas tr\u016bkumu, nekav\u0113joties j\u0101inform\u0113 P\u0101rdev\u0113js, bet ne v\u0113l\u0101k, k\u0101 piecu dienu laik\u0101 no tr\u016bkuma atkl\u0101\u0161anas. S\u016bdz\u012bbu iesnieg\u0161anas pamat\u0101 ir j\u0101b\u016bt foto, tr\u016bkuma aprakstam, produkcijas artikula numuram un ra\u017eot\u0101ja s\u0113rijas numuram (numurs ir atz\u012bm\u0113ts uz kontroles lapas un uz iepakojuma eso\u0161\u0101s \u0161iltes).<\/li>\n<li>Garantijas atbild\u012bba attiecas tikai uz garantijas gad\u012bjum\u0101 nomain\u012bt\u0101s defekt\u0101s deta\u013cas. Pirc\u0113js un P\u0101rdev\u0113js vienojas par iesp\u0113jami \u0101tr\u0101ko pieg\u0101des laiku un vietu. Garantijas atbild\u012bba neattiecas uz transporta, uzst\u0101d\u012b\u0161anas, laika un sakaru izdevumiem, kas ir radu\u0161ies defekta atkl\u0101\u0161an\u0101 un uzst\u0101d\u012b\u0161an\u0101. P\u0101rdev\u0113js neatbild par Pirc\u0113ja ne ar\u012b tre\u0161o personu izdar\u012btajiem produkcijas zaud\u0113jumiem, kas radu\u0161ies no jebk\u0101diem blakus vai tie\u0161ajiem darbiem.<\/li>\n<\/ul>\n<\/li>\n<\/ol>\n<p>1.7. \u00a0 P\u0101rdev\u0113js patur sev ties\u012bbas, aizdomu br\u012bd\u012b, gad\u012bjumu izskat\u012bt ilg\u0101k k\u0101 14 dienas, piesaistot p\u0113c savas izv\u0113les ekspertus, lai izv\u0113rt\u0113tu sekojo\u0161o :<\/p>\n<ul>\n<li>vai produkcija ir uzst\u0101d\u012bta p\u0113c dot\u0101s uzst\u0101d\u012b\u0161anas instrukcijas;<\/li>\n<li>vai piest\u0101d\u012bt\u0101s garantijas gad\u012bjumu rad\u012bju\u0161i apst\u0101k\u013ci, kas aprakst\u012bti 2.punkt\u0101.<\/li>\n<\/ul>\n<p>1.8. \u00a0 P\u0101rdev\u0113jam ir ties\u012bbas no Pirc\u0113ja piepras\u012bt izdevumu atl\u012bdz\u012bbu, nepamatotas reklam\u0101cijas gad\u012bjum\u0101.<\/p>\n<p>1.9.\u00a0 Garantija ir sp\u0113k\u0101 tikai P\u0101rdev\u0113ja ra\u017eotajai vai uzst\u0101d\u012btajai produkcijai un to deta\u013c\u0101m.<\/p>\n<ol start=\"2\">\n<li><strong>Garantija neattiecas:<\/strong><\/li>\n<\/ol>\n<p>2.1. \u00a0 Produkcijas nepareizas uzglab\u0101\u0161anas d\u0113\u013c radu\u0161os zaud\u0113jumu gad\u012bjum\u0101, p\u0113c produkcijas nodo\u0161anas Pirc\u0113jam (uzglab\u0101\u0161ana laika apst\u0101k\u013ciem nepiem\u0113rot\u0101 veid\u0101, saskarsm\u0113 ar zemi, apkurin\u0101m\u0101s telp\u0101s), transport\u0113\u0161an\u0101 un uzst\u0101d\u012b\u0161an\u0101 radu\u0161os zaud\u0113jumu gad\u012bjum\u0101. Transport\u0113\u0161anas laik\u0101 radu\u0161os zaud\u0113jumus (gad\u012bjumos, kad produkcija tiek nog\u0101d\u0101ta Pirc\u0113jam), ko iesp\u0113jams atkl\u0101t pirms produkcijas nodo\u0161anas (pirms izkrau\u0161anas), nepiecie\u0161ams fiks\u0113t ar foto un to piest\u0101d\u012bt P\u0101rdev\u0113jam.<\/p>\n<p>2.2. \u00a0 Produkcijas uzst\u0101d\u012b\u0161an\u0101 radu\u0161\u0101s k\u013c\u016bd\u0101m:<\/p>\n<ul>\n<li>pie uzst\u0101d\u012b\u0161anas nav iev\u0113rota uzst\u0101d\u012b\u0161anas instrukcija;<\/li>\n<li>pie uzst\u0101d\u012b\u0161anas darbiem nav iev\u0113roti atbilsto\u0161i laika apst\u0101k\u013ci (sp\u0113c\u012bgs v\u0113j\u0161, sniegs, ledus, lietus), kas var kait\u0113t produkcijai;<\/li>\n<li>no fundamenta aug\u0161malas vai no m\u0101jas zem\u0101k\u0101s sienas deta\u013cas un zemes, starpa ir maz\u0101ka par 45 mm;<\/li>\n<li>apak\u0161\u0113j\u0101s sienas pamatnes \u0101r\u0113j\u0101 mala nav novietota p\u0101r fundamenta \u0101r\u0113jo malu (j\u0101b\u016bt 5mm);<\/li>\n<li>pamatnes r\u0101mis nav l\u012bmen\u012b un taisn\u0101 le\u0146\u0137\u012b;<\/li>\n<li>starp fundamentu un konstrukciju nav izmantots mitruma aizsargmateri\u0101ls;<\/li>\n<li>produkcijai p\u0113c uzst\u0101d\u012b\u0161anas nav veikta visp\u0101r\u0113j\u0101 apdare ar koka aizsardz\u012bbas l\u012bdzekli, ar\u012b durvis un logi, b\u016btu j\u0101apstr\u0101d\u0101 no \u0101rpuses un iek\u0161puses (nepie\u013caujot sienu zil\u0113jumu, \u0161\u0137ob\u012b\u0161anos, uzbrie\u0161anu). Koku aizsardz\u012bbas l\u012bdzek\u013cu izmanto\u0161anai konsult\u0113ties ar speci\u0101listu \/ aizsargl\u012bdek\u013cu tirgot\u0101ju;<\/li>\n<li>produkcijas saglab\u0101\u0161anai nav pietieko\u0161i veikta t\u0101s aizsardz\u012bba no laika apst\u0101k\u013ciem, k\u0101 jumta seguma un nostiprin\u0101juma l\u012bstu, stiprin\u0101jumu, v\u0113tras nostiprin\u0101jumu vai citu atbilsto\u0161u materi\u0101lu pielieto\u0161an\u0101, ar\u012b gad\u012bjumos, kad min\u0113t\u0101s lietas nav iek\u013cautas m\u0101jas komplekt\u0101;<\/li>\n<li>uz sien\u0101m ir piestiprin\u0101ti neatbilsto\u0161i priek\u0161meti, kas trauc\u0113 m\u0101jas norm\u0101lu \u017e\u016b\u0161anu, elpo\u0161anu, pie\u013caujamo sienu kust\u012bbu vai brie\u0161anu (tas j\u0101\u0146em v\u0113r\u0101 ar\u012b v\u0113tras aizsardz\u012bbas l\u012bstes uzgrie\u017e\u0146a fiks\u0101cij\u0101);<\/li>\n<li>jumta d\u0113\u013cu uzkl\u0101\u0161an\u0101 nav iev\u0113rota brie\u0161anas atstarpe (j\u0101b\u016bt 1-2 mm);<\/li>\n<li>jumta bitumsegumam (ja tas ir m\u0101jas komplekt\u0101), kas izmantojams k\u0101 apak\u0161kl\u0101js jumata virs\u0113jam segumam.<\/li>\n<\/ul>\n<p>2.3. \u00a0 Koksnes \u012bpatn\u012bbas, k\u0101 dab\u012bgam materi\u0101lam:<\/p>\n<ul>\n<li>brie\u0161ana, sarau\u0161an\u0101s (platum\u0101 vai biezum\u0101 zem 5%), k\u0101 ar\u012b to\u0146u ats\u0137ir\u012bbas un deta\u013cu lieg\u0161an\u0101s, kas netrauc\u0113 uzst\u0101d\u012b\u0161anai;<\/li>\n<li>produkcijas deta\u013c\u0101s eso\u0161ie veselie \/ ieaugu\u0161ie zari, kas neietekm\u0113 produkcijas stabilit\u0101ti;<\/li>\n<li>gr\u012bdas un jumtu d\u0113\u013ciem eso\u0161\u0101 ne\u0113vel\u0113t\u0101 virsma, bomkante un zaru vietas, j\u0101cen\u0161as izmantot t\u0101, lai min\u0113tie defekti pie gal\u012bg\u0101s apdares tiktu pasl\u0113pti (piem\u0113ram, apgrie\u017eot d\u0113\u013cus);<\/li>\n<li>produkcijas deta\u013c\u0101m var b\u016bt l\u012bdz 20 mm diametr\u0101 izkritu\u0161ie zari, gad\u012bjumos, ja tie atrodas deta\u013cu mal\u0101s, bet pie gal\u0113j\u0101s apdares iesp\u0113jams tos pasl\u0113pt konstrukcij\u0101;<\/li>\n<li>produkcijas deta\u013c\u0101m (\u017e\u016b\u0161anas d\u0113\u013c) rodas mazas plaisas, kas nav caurejo\u0161as un b\u012bstamas produkcijas konstrukcijas stabilit\u0101tei;<\/li>\n<li>produkcijas deta\u013c\u0101m iesp\u0113jamas sve\u0137u vietas.<\/li>\n<\/ul>\n<p>2.4. \u00a0 Saaudz\u0113tu koka deta\u013cu iesp\u0113jam\u012bba produkcij\u0101.<\/p>\n<p>2.5. \u00a0 Produkcijas dab\u012bg\u0101 nodiluma rezult\u0101t\u0101 radu\u0161ies zaud\u0113jumi (gr\u012bdas d\u0113\u013cu vai durvju sliek\u0161\u0146a nodilums).<\/p>\n<p>2.6. \u00a0 Stikla paketei \/ stikla r\u016btij, kas no Pirc\u0113ja puses ir meh\u0101niski boj\u0101ta, sapl\u0113sta vai termiski sadal\u012bjusies (stikla termisk\u0101 sadal\u012b\u0161an\u0101s iesp\u0113jama, kad temperat\u016bra stiklam un segtajai da\u013cai p\u0101rsniedz pie\u013cauto kritisko normu).<\/p>\n<p>2.7. \u00a0 Gad\u012bjumiem, kas ir saist\u012bti ar norm\u0101l\u0101m fizik\u0101l\u0101m par\u0101d\u012bb\u0101m (piem\u0113ram, kondens\u0101ta veido\u0161an\u0101s uz stikla).<\/p>\n<p>2.8. \u00a0 Produkcijas boj\u0101\u0161anai neparedz\u0113tos gad\u012bjumos (piem\u0113ram, vand\u0101lisms, pl\u016bdi, zibens vai virpu\u013cv\u0113tra).<\/p>\n<p><strong>Pirc\u0113js zaud\u0113 ties\u012bbas uz produkcijas garantiju, ja :<\/strong><\/p>\n<ul>\n<li>Pirc\u0113js nav p\u0101rbaud\u012bjis produkciju un to deta\u013cu daudzumu, komplekt\u0101ciju, k\u0101 ar\u012b kvalit\u0101ti t\u0101s sa\u0146em\u0161anas br\u012bdi un pie\u0146emam\u0101 laika period\u0101, p\u0113c produkcijas sa\u0146em\u0161nas un noteikti pirms produkcijas uzst\u0101d\u012b\u0161anas.<\/li>\n<li>Boj\u0101t\u0101s deta\u013cas jau ir uzst\u0101d\u012btas vai nokr\u0101sotas, kad tas b\u016btu bijis iesp\u0113jams atkl\u0101t pirms min\u0113t\u0101. Atkl\u0101tos tr\u016bkumus ir j\u0101fiks\u0113 atbilsto\u0161i 1.5. punkt\u0101 aprakst\u012btajam.<\/li>\n<li>Pirc\u0113js ir iesniedzis P\u0101rdev\u0113jam produkcijas vai ar garantijas gad\u012bjumu saist\u012btus nepatiesus datus vai nepietiekamu defekta aprakstu vai tr\u016bkst pirkuma apstiprino\u0161u dokumentu.<\/li>\n<\/ul>\n<\/div><\/section>\n","protected":false},"excerpt":{"rendered":"","protected":false},"author":1,"featured_media":0,"parent":4377,"menu_order":24,"comment_status":"closed","ping_status":"closed","template":"","meta":{"footnotes":""},"class_list":["post-17715","page","type-page","status-publish","hentry"],"_links":{"self":[{"href":"https:\/\/baltichouse.eu\/lv\/wp-json\/wp\/v2\/pages\/17715","targetHints":{"allow":["GET"]}}],"collection":[{"href":"https:\/\/baltichouse.eu\/lv\/wp-json\/wp\/v2\/pages"}],"about":[{"href":"https:\/\/baltichouse.eu\/lv\/wp-json\/wp\/v2\/types\/page"}],"author":[{"embeddable":true,"href":"https:\/\/baltichouse.eu\/lv\/wp-json\/wp\/v2\/users\/1"}],"replies":[{"embeddable":true,"href":"https:\/\/baltichouse.eu\/lv\/wp-json\/wp\/v2\/comments?post=17715"}],"version-history":[{"count":0,"href":"https:\/\/baltichouse.eu\/lv\/wp-json\/wp\/v2\/pages\/17715\/revisions"}],"up":[{"embeddable":true,"href":"https:\/\/baltichouse.eu\/lv\/wp-json\/wp\/v2\/pages\/4377"}],"wp:attachment":[{"href":"https:\/\/baltichouse.eu\/lv\/wp-json\/wp\/v2\/media?parent=17715"}],"curies":[{"name":"wp","href":"https:\/\/api.w.org\/{rel}","templated":true}]}}