{"id":40323,"date":"2025-02-17T09:00:05","date_gmt":"2025-02-17T07:00:05","guid":{"rendered":"https:\/\/baltichouse.eu\/tilaaminen\/tietosuojakaytanto\/"},"modified":"2025-02-17T09:00:05","modified_gmt":"2025-02-17T07:00:05","slug":"tietosuojakaytanto","status":"publish","type":"page","link":"https:\/\/baltichouse.eu\/fi\/tilaaminen\/tietosuojakaytanto\/","title":{"rendered":"Tietosuojak\u00e4yt\u00e4nt\u00f6"},"content":{"rendered":"<h1>Baltichouse.eu tietosuojak\u00e4yt\u00e4nt\u00f6<\/h1>\n<p>T\u00e4m\u00e4n tietosuojak\u00e4yt\u00e4nn\u00f6n sis\u00e4lt\u00e4m\u00e4t tiedot koskevat yksityishenkil\u00f6iden henkil\u00f6tietoja, mutta eiv\u00e4t yritysten tai muiden oikeushenkil\u00f6iden tai elinten tietoja. Sit\u00e4 sovelletaan my\u00f6s sellaisten luonnollisten henkil\u00f6iden (esim. yrityksen tai organisaation ty\u00f6ntekij\u00e4n) henkil\u00f6tietoihin, jotka harjoittavat ammatillista tai ammatillista toimintaa. Jos olet kanssamme vuorovaikutuksessa liiketoimintayhteisty\u00f6kumppanina, tallennamme ja k\u00e4yt\u00e4mme my\u00f6s sinua koskevia henkil\u00f6tietoja.  <\/p>\n<p>Ker\u00e4\u00e4mme ja k\u00e4yt\u00e4mme sinua koskevia henkil\u00f6tietoja liiketoimintamme aikana tarjotaksemme sinulle parasta palvelua, neuvoja ja ratkaisuja sek\u00e4 t\u00e4ytt\u00e4\u00e4kseen kanssasi tekem\u00e4mme sopimukset.<\/p>\n<p>Suojaamme tietojasi ja yksityisyytt\u00e4si kaikin sovellettavan lain sallimin tavoin.<\/p>\n<p><strong>Mihin tarkoituksiin k\u00e4sittelemme henkil\u00f6tietojasi?<\/strong><\/p>\n<p>Baltichouse Production k\u00e4sittelee asiakkaan henkil\u00f6tietoja sopimuksen toteuttamisen yhteydess\u00e4 seuraaviin tarkoituksiin:<\/p>\n<ul>\n<li>Asiakkaan tunnistaminen sopimuksen toteuttamista ja turvaamista varten;<\/li>\n<li>Yhteydenpito asiakkaan kanssa sopimuksen toteuttamiseksi ja varmistamiseksi;<\/li>\n<li>Asiakkaiden tiedusteluihin ja pyynt\u00f6ihin vastaaminen;<\/li>\n<li>Laskujen laatiminen ja l\u00e4hett\u00e4minen asiakkaille;<\/li>\n<li>Asiakaskunnan hallinta ja analysointi tavaroiden ja palvelujen saatavuuden, valikoiman, laadun jne. parantamiseksi ja parhaiden tarjousten tekemiseksi asiakkaille;<\/li>\n<li>Lakis\u00e4\u00e4teisen velvoitteen, kuten kirjanpitovelvoitteen, t\u00e4ytt\u00e4minen;<\/li>\n<li>muu Baltichouse Productionin oikeutettuun etuun perustuva k\u00e4sittely, edellytt\u00e4en, ett\u00e4 Baltichouse Productionin oikeutettu etu ei syrj\u00e4yt\u00e4 rekister\u00f6idyn oikeuksia.<\/li>\n<\/ul>\n<p><strong>Mit\u00e4 henkil\u00f6tietoja k\u00e4sittelemme?<\/strong><\/p>\n<p>Kun otat yhteytt\u00e4 Baltichouse Productioniin palvelua tai tavaroita ostaaksesi, meid\u00e4n on k\u00e4sitelt\u00e4v\u00e4 sinua koskevia tietoja, mukaan lukien henkil\u00f6tiedot. Se, mit\u00e4 henkil\u00f6tietoja k\u00e4sittelemme sinusta, riippuu sinun ja Baltichouse Productionin v\u00e4lisest\u00e4 sopimussuhteesta tai sopimusta edelt\u00e4v\u00e4st\u00e4 suhteesta. K\u00e4sittelem\u00e4mme henkil\u00f6tiedot voivat sis\u00e4lt\u00e4\u00e4 seuraavia tietoja:  <\/p>\n<ul>\n<li>Etu- ja sukunimi;<\/li>\n<li>Henkil\u00f6tunnus tai syntym\u00e4aika;<\/li>\n<li>Henkil\u00f6llisyystodistuksen tiedot;<\/li>\n<li>Yhteystiedot (osoite, s\u00e4hk\u00f6postiosoite, puhelinnumero);<\/li>\n<li>Muut sopimukseen liittyv\u00e4t tiedot (sopimuksen seulonta-aika, hinta, maksutiedot tai muut sopimuksessa olevat tiedot).<\/li>\n<\/ul>\n<p>Baltichouse Productionilla on oikeus tarkistaa antamiesi henkil\u00f6tietojen paikkansapit\u00e4vyys ja ker\u00e4t\u00e4 sinusta lis\u00e4tietoja julkisista l\u00e4hteist\u00e4. Baltichouse Production ei koskaan ker\u00e4\u00e4 tietoja sinusta muista kuin julkisista l\u00e4hteist\u00e4. <\/p>\n<p><strong>Henkil\u00f6tietojen toimittaminen<\/strong><\/p>\n<p>Baltichouse Production voi tietyiss\u00e4 tapauksissa siirt\u00e4\u00e4 henkil\u00f6tietojasi kolmansille osapuolille Euroopan talousalueella. Baltichouse Production voi siirt\u00e4\u00e4 henkil\u00f6tietojasi seuraaville tahoille: <\/p>\n<ul>\n<li>Jos olet pyyt\u00e4nyt meit\u00e4 tekem\u00e4\u00e4n niin;<\/li>\n<li>Jos laki niin vaatii;<\/li>\n<li>Jos olet antanut ennakkosuostumuksesi;<\/li>\n<li>Jos et noudata velvollisuuksiasi Baltichouse Productionia kohtaan, voimme luovuttaa henkil\u00f6tietojasi luottoluokituslaitoksille ja rekistereille;<\/li>\n<li>jos se on tarpeen tietoj\u00e4rjestelmien kehitt\u00e4misen, yll\u00e4pidon ja jatkuvuuden kannalta;<\/li>\n<li>Baltichouse Productionin yhteisty\u00f6kumppanit, joille tietojen siirto on tarpeen asiakkaan kanssa tehdyn sopimuksen toteuttamiseksi tai varmistamiseksi, kuten rakennuslupia ja geoperusteita k\u00e4sittelev\u00e4t kumppanit;<\/li>\n<li>Kun haet osamaksusopimusta, Baltichouse Production voi siirt\u00e4\u00e4 henkil\u00f6tietojasi valitsemillesi osamaksun tarjoajille, joiden kanssa haluat tehd\u00e4 sopimuksen ja jotka ovat henkil\u00f6tietojesi rekisterinpit\u00e4ji\u00e4 sinun kanssasi tehdyn sopimuksen toteuttamiseksi ja varmistamiseksi.<\/li>\n<\/ul>\n<p><strong>Henkil\u00f6tietojen s\u00e4ilytt\u00e4minen<\/strong><\/p>\n<p>Baltichouse Production s\u00e4ilytt\u00e4\u00e4 henkil\u00f6tiedot sellaisessa muodossa, ett\u00e4 sinut voidaan tunnistaa vain niin kauan kuin on kohtuudella tarpeen niiden tarkoitusten kannalta, joita varten henkil\u00f6tiedot ker\u00e4ttiin, tai kuin on kohtuudella tarpeen Baltichouse Productionin oikeutettujen etujen kannalta, edellytt\u00e4en, ett\u00e4 Baltichouse Productionin oikeutetut edut ovat tasapainossa rekister\u00f6idyn oikeuksiin ja vapauksiin puuttumista vastaan.<\/p>\n<p>Noudatamme seuraavia s\u00e4ilytysaikoja henkil\u00f6tietoja tallentaessamme:<\/p>\n<ul>\n<li>S\u00e4ilyt\u00e4mme sopimusta varten ker\u00e4ttyj\u00e4 tietoja niin kauan kuin niit\u00e4 tarvitaan sopimuksen t\u00e4ytt\u00e4miseksi sopimuskauden aikana, takuuaika p\u00e4\u00e4ttyy tai enint\u00e4\u00e4n 3 vuotta;<\/li>\n<li>S\u00e4ilyt\u00e4mme alkuper\u00e4iset kirjanpitoasiakirjat 7 vuotta;<\/li>\n<li>Verkkosivuston kautta tehtyjen kyselyjen kautta ker\u00e4ttyj\u00e4 tietoja s\u00e4ilytet\u00e4\u00e4n 1 vuoden ajan;<\/li>\n<li>Verkkosivuston ev\u00e4steiden avulla saatuja tietoja s\u00e4ilytet\u00e4\u00e4n 540 p\u00e4iv\u00e4n ajan.<\/li>\n<\/ul>\n<p>S\u00e4ilytysajan p\u00e4\u00e4tytty\u00e4 paperilla tallennetut henkil\u00f6tiedot tuhotaan ja s\u00e4hk\u00f6isess\u00e4 muodossa tallennetut henkil\u00f6tiedot poistetaan. Jos haluat lis\u00e4tietoja sinusta tallennettuihin henkil\u00f6tietoihin sovellettavista s\u00e4ilytysajoista, ota meihin yhteytt\u00e4 &#8221;Yhteystiedot&#8221;-osiossa olevien yhteystietojen avulla. <\/p>\n<p><strong>Muut s\u00e4\u00e4nn\u00f6kset<\/strong><\/p>\n<p>Tietosuojak\u00e4yt\u00e4nt\u00f6\u00f6n sovelletaan Viron tasavallassa voimassa olevaa lains\u00e4\u00e4d\u00e4nt\u00f6\u00e4.<\/p>\n<p><strong>Sinun oikeutesi<\/strong><\/p>\n<p><strong><em>P\u00e4\u00e4sy henkil\u00f6tietoihin<\/em><\/strong><\/p>\n<p>Voit tutustua sinusta ker\u00e4ttyihin ja k\u00e4ytettyihin henkil\u00f6tietoihin, n\u00e4iden tietojen l\u00e4hteisiin ja k\u00e4ytt\u00f6tarkoituksiin. Saat tiet\u00e4\u00e4, kuinka kauan ja mit\u00e4 tietoja s\u00e4ilyt\u00e4mme sinusta. Sovellettava laki, muiden yksityisyydensuojaa koskevat oikeudet ja liiketoimintamme tarpeet voivat rajoittaa oikeuttasi tutustua henkil\u00f6tietoihisi. Tietotaitomme, liikesalaisuutemme, sis\u00e4piirin arviot ja aineistomme voivat sis\u00e4lt\u00e4\u00e4 my\u00f6s tietoa, joka ei ole saatavilla.<\/p>\n<p><strong><em>Oikeus vastustaa<\/em><\/strong><\/p>\n<p>Sinulla on oikeus vastustaa sinua koskevien henkil\u00f6tietojen k\u00e4sittely\u00e4, my\u00f6s silloin, kun vedomme oikeutettuun etuumme tietojen k\u00e4sittelyss\u00e4. Sinulla on my\u00f6s oikeus kielt\u00e4\u00e4 henkil\u00f6tietojesi k\u00e4ytt\u00f6 suoramarkkinointiin.<\/p>\n<p><strong><em>Tietojen korjaaminen tai poistaminen<\/em><\/strong><\/p>\n<p>Jos tietosi ovat ep\u00e4tarkkoja, ep\u00e4t\u00e4ydellisi\u00e4 tai sopimattomia, sinulla on oikeus pyyt\u00e4\u00e4 niiden korjaamista tai poistamista, jollei sovellettavasta lains\u00e4\u00e4d\u00e4nn\u00f6st\u00e4 johtuvista rajoituksista ja tietojenk\u00e4sittelyoikeuksista muuta johdu.<\/p>\n<p><strong><em>Tietojen k\u00e4yt\u00f6n rajoittaminen<\/em><\/strong><\/p>\n<p>Jos olet sit\u00e4 mielt\u00e4, ett\u00e4 sinusta ker\u00e4\u00e4m\u00e4mme tiedot eiv\u00e4t pid\u00e4 paikkaansa, tai jos olet vastustanut tietojen k\u00e4ytt\u00f6\u00e4, voit pyyt\u00e4\u00e4, ett\u00e4 rajoitamme tietojen k\u00e4yt\u00f6n niiden s\u00e4ilytt\u00e4miseen. K\u00e4ytt\u00f6 on rajoitettu s\u00e4ilytykseen vain siihen asti, kunnes tietojen oikeellisuus voidaan varmistaa tai voidaan varmistaa, ett\u00e4 oikeutetut etumme ovat t\u00e4rke\u00e4mpi\u00e4 kuin sinun oikeutetut etusi.<\/p>\n<p>Jos sinulla on oikeus pyyt\u00e4\u00e4 tietojesi poistamista, voit sen sijaan pyyt\u00e4\u00e4, ett\u00e4 rajoitamme tietojesi k\u00e4yt\u00f6n niiden s\u00e4ilytt\u00e4miseen. Jos tarvitsemme sinusta ker\u00e4\u00e4mi\u00e4mme tietoja vain oikeudellisten vaatimusten t\u00e4yt\u00e4nt\u00f6\u00f6npanoon tai puolustamiseen, voit pyyt\u00e4\u00e4, ett\u00e4 tietoja ei k\u00e4ytet\u00e4 muuhun tarkoitukseen kuin niiden s\u00e4ilytt\u00e4miseen. Meill\u00e4 voi kuitenkin olla oikeus k\u00e4ytt\u00e4\u00e4 tietoja muulla tavoin, jos se on tarpeen vaateiden t\u00e4yt\u00e4nt\u00f6\u00f6npanemiseksi tai jos olet antanut siihen suostumuksesi.<\/p>\n<p><strong><em>Suostumuksen peruuttaminen<\/em><\/strong><\/p>\n<p>Jos tietojesi k\u00e4ytt\u00f6 edellytt\u00e4\u00e4 suostumustasi, voit peruuttaa suostumuksesi milloin tahansa. Huomaa, ett\u00e4 jos peruutat suostumuksesi, emme ehk\u00e4 voi tarjota sinulle tiettyj\u00e4 palveluja. K\u00e4yt\u00e4mme henkil\u00f6tietojasi my\u00f6s edelleen esimerkiksi kanssasi tehdyn sopimuksen t\u00e4ytt\u00e4miseen tai lakis\u00e4\u00e4teisten vaatimusten noudattamiseen.<\/p>\n<p><strong><em>Tietojen siirrett\u00e4vyys<\/em><\/strong><\/p>\n<p>Jos k\u00e4yt\u00e4mme tietoja suostumuksesi tai suostumuksesi perusteella ja k\u00e4sittely on automatisoitua, sinulla on oikeus saada kopio antamistasi tiedoista s\u00e4hk\u00f6isess\u00e4, koneellisesti luettavassa muodossa.<\/p>\n<hr>\n<p><strong>YHTEYSTIEDOT<\/strong><\/p>\n<p>Jos sinulla on kysytt\u00e4v\u00e4\u00e4 t\u00e4st\u00e4 tietosuojak\u00e4yt\u00e4nn\u00f6st\u00e4, kysymyksi\u00e4 siit\u00e4, miten Baltichouse Production k\u00e4sittelee henkil\u00f6tietojasi, tai jos haluat esitt\u00e4\u00e4 henkil\u00f6tietojesi k\u00e4sittely\u00e4 koskevan pyynn\u00f6n, ota yhteytt\u00e4 Baltichouse Productioniin s\u00e4hk\u00f6postitse, puhelimitse tai postitse seuraavilla yhteystiedoilla:<\/p>\n<p>Baltichouse Production O\u00dc<\/p>\n<p>Osoite: Lossi 42, 71007 Viljandi, Viljandimaa, Viro.<\/p>\n<p>Puhelin: 5502900<\/p>\n<p>S\u00e4hk\u00f6posti: <a href=\"mailto:info@baltichouse.eu\">info@baltichouse.eu<\/a><\/p>\n","protected":false},"excerpt":{"rendered":"<p>Baltichouse.eu tietosuojak\u00e4yt\u00e4nt\u00f6 T\u00e4m\u00e4n tietosuojak\u00e4yt\u00e4nn\u00f6n sis\u00e4lt\u00e4m\u00e4t tiedot koskevat yksityishenkil\u00f6iden henkil\u00f6tietoja, mutta eiv\u00e4t yritysten tai muiden oikeushenkil\u00f6iden tai elinten tietoja. Sit\u00e4 sovelletaan my\u00f6s sellaisten luonnollisten henkil\u00f6iden (esim. yrityksen tai organisaation ty\u00f6ntekij\u00e4n) henkil\u00f6tietoihin, jotka harjoittavat ammatillista tai ammatillista toimintaa. Jos olet kanssamme vuorovaikutuksessa liiketoimintayhteisty\u00f6kumppanina, tallennamme ja k\u00e4yt\u00e4mme my\u00f6s sinua koskevia henkil\u00f6tietoja. Ker\u00e4\u00e4mme ja k\u00e4yt\u00e4mme sinua koskevia henkil\u00f6tietoja liiketoimintamme [&hellip;]<\/p>\n","protected":false},"author":1,"featured_media":0,"parent":40188,"menu_order":57,"comment_status":"closed","ping_status":"closed","template":"","meta":{"footnotes":""},"class_list":["post-40323","page","type-page","status-publish","hentry"],"_links":{"self":[{"href":"https:\/\/baltichouse.eu\/fi\/wp-json\/wp\/v2\/pages\/40323","targetHints":{"allow":["GET"]}}],"collection":[{"href":"https:\/\/baltichouse.eu\/fi\/wp-json\/wp\/v2\/pages"}],"about":[{"href":"https:\/\/baltichouse.eu\/fi\/wp-json\/wp\/v2\/types\/page"}],"author":[{"embeddable":true,"href":"https:\/\/baltichouse.eu\/fi\/wp-json\/wp\/v2\/users\/1"}],"replies":[{"embeddable":true,"href":"https:\/\/baltichouse.eu\/fi\/wp-json\/wp\/v2\/comments?post=40323"}],"version-history":[{"count":0,"href":"https:\/\/baltichouse.eu\/fi\/wp-json\/wp\/v2\/pages\/40323\/revisions"}],"up":[{"embeddable":true,"href":"https:\/\/baltichouse.eu\/fi\/wp-json\/wp\/v2\/pages\/40188"}],"wp:attachment":[{"href":"https:\/\/baltichouse.eu\/fi\/wp-json\/wp\/v2\/media?parent=40323"}],"curies":[{"name":"wp","href":"https:\/\/api.w.org\/{rel}","templated":true}]}}