{"id":40316,"date":"2025-02-17T08:59:51","date_gmt":"2025-02-17T06:59:51","guid":{"rendered":"https:\/\/baltichouse.eu\/elementtitalon-tuotetakuu\/"},"modified":"2025-02-17T08:59:57","modified_gmt":"2025-02-17T06:59:57","slug":"elementtitalon-tuotetakuu","status":"publish","type":"page","link":"https:\/\/baltichouse.eu\/fi\/tuotteet\/elementtitalon-tuotetakuu\/","title":{"rendered":"Elementtitalon tuotetakuu"},"content":{"rendered":"\n<style type=\"text\/css\" data-created_by=\"avia_inline_auto\" id=\"style-css-av-1lw6dws-5c2d56f1f450f237a66a190c586bab0f\">\n.flex_column.av-1lw6dws-5c2d56f1f450f237a66a190c586bab0f{\nborder-radius:0px 0px 0px 0px;\npadding:0px 0px 0px 0px;\n}\n<\/style>\n<div  class='flex_column av-1lw6dws-5c2d56f1f450f237a66a190c586bab0f av_one_full  avia-builder-el-0  el_before_av_textblock  avia-builder-el-first  first flex_column_div av-zero-column-padding  '     ><style type=\"text\/css\" data-created_by=\"avia_inline_auto\" id=\"style-css-av-12erm4s-689ddde09f2026479759812362c41303\">\n#top .av-special-heading.av-12erm4s-689ddde09f2026479759812362c41303{\npadding-bottom:10px;\n}\nbody .av-special-heading.av-12erm4s-689ddde09f2026479759812362c41303 .av-special-heading-tag .heading-char{\nfont-size:25px;\n}\n.av-special-heading.av-12erm4s-689ddde09f2026479759812362c41303 .av-subheading{\nfont-size:15px;\n}\n<\/style>\n<div  class='av-special-heading av-12erm4s-689ddde09f2026479759812362c41303 av-special-heading-h3  avia-builder-el-1  avia-builder-el-no-sibling '><h3 class='av-special-heading-tag '  itemprop=\"headline\"  >Element house -tuotetakuu<\/h3><div class=\"special-heading-border\"><div class=\"special-heading-inner-border\"><\/div><\/div><\/div><\/div><section  class='av_textblock_section av-il9qrw-7b25bbfd56baef652efab87ba17369c7 '   itemscope=\"itemscope\" itemtype=\"https:\/\/schema.org\/CreativeWork\" ><div class='avia_textblock'  itemprop=\"text\" ><p>Elementtitalollesi (j\u00e4ljemp\u00e4n\u00e4: tuote) my\u00f6nnet\u00e4\u00e4n 10 vuoden takuu rakenteellisille liitoksille ja 2 vuoden takuu talon osille. Tarkemmat takuuehdot on kuvattu j\u00e4ljemp\u00e4n\u00e4. Tuotteen korjaaminen tai vaihtaminen takuuaikana ei johda takuuajan pident\u00e4miseen tai uuden takuuajan my\u00f6nt\u00e4miseen. Tuotteen takuuaikana vaihdetut tai korjatut osat mit\u00e4t\u00f6iv\u00e4t takuun, kun koko tuotteen takuuaika p\u00e4\u00e4ttyy.   <\/p>\n<ol>\n<li><strong>Takauksen yleiset ehdot:<\/strong>\n<ul>\n<li>Tuote on ostettu valmistajalta tai valmistajan viralliselta j\u00e4lleenmyyj\u00e4lt\u00e4 (j\u00e4ljemp\u00e4n\u00e4 &#8217;myyj\u00e4&#8217;) ja tuotteen loppuk\u00e4ytt\u00e4j\u00e4n (j\u00e4ljemp\u00e4n\u00e4 &#8217;ostaja&#8217;) on t\u00e4ytynyt maksaa tuotteesta esitetyt laskut takuuvaatimuksen syntymisajankohtana.<\/li>\n<li>Ostajan on varmistettava, ett\u00e4 tuote on valittu aiottuun k\u00e4ytt\u00f6tarkoitukseen ja ett\u00e4 se soveltuu asennettavaksi aiottuun paikkaan.<\/li>\n<li>Takuuaika alkaa siit\u00e4, kun tuote on toimitettu ostajalle sen j\u00e4lkeen, kun l\u00e4hetysasiakirjat on allekirjoitettu tai tuote on hyv\u00e4ksytty. Takuun voimassaolon edellytyksen\u00e4 on, ett\u00e4 k\u00e4ytt\u00f6ohjeita noudatetaan tarkasti. Tuotteeseen tai sen osiin teht\u00e4vist\u00e4 muutoksista on sovittava etuk\u00e4teen myyj\u00e4n kanssa.  <\/li>\n<li>Takuuvaatimuksena pidet\u00e4\u00e4n tuotteen rakenteessa mahdollisesti esiintyv\u00e4\u00e4 vikaa, vikaa ja\/tai komponenttien puuttumista, joita ei ole suljettu pois takuuvaatimuksina kohdan 2 mukaisesti.<\/li>\n<li>Myyj\u00e4lle on ilmoitettava v\u00e4litt\u00f6m\u00e4sti ja viimeist\u00e4\u00e4n viiden ty\u00f6p\u00e4iv\u00e4n kuluessa vian havaitsemisesta kaikista tuotteessa ilmenevist\u00e4 vioista, jotka ilmenev\u00e4t takuuaikana. Reklamaation perustana on oltava valokuva(t), vian kuvaus, sopimusnumero ja toimitusasiakirjan numero. <\/li>\n<li>Takuuvahinko kattaa vain sen viallisen osan, joka vaihdetaan takuun puitteissa. Ostaja ja myyj\u00e4 sopivat l\u00e4himm\u00e4st\u00e4 mahdollisesta toimitusajasta ja -paikasta. Takuu ei kata kuljetus-, asennus-, aika- tai viestint\u00e4kustannuksia, jotka aiheutuvat vian tunnistamisesta ja asentamisesta. Myyj\u00e4 ei ole vastuussa ostajalle tai kolmannelle osapuolelle mist\u00e4\u00e4n satunnaisista tai v\u00e4lillisist\u00e4 vahingoista, jotka johtuvat tuotteen viasta.   <\/li>\n<\/ul>\n<\/li>\n<\/ol>\n<p>1.7 Ep\u00e4selviss\u00e4 tapauksissa Myyj\u00e4 pid\u00e4tt\u00e4\u00e4 itsell\u00e4\u00e4n oikeuden k\u00e4sitell\u00e4 asiaa yli 14 ty\u00f6p\u00e4iv\u00e4n ajan ja ottaa mukaan valitsemiaan asiantuntijoita asian selvitt\u00e4miseksi: <\/p>\n<ul>\n<li>onko tuote asennettu toimitettujen ohjeiden mukaisesti;<\/li>\n<li>onko olemassa olosuhteita, jotka sulkevat pois 2 kohdassa kuvatun takuun mukaisen vastuun.<\/li>\n<\/ul>\n<p>1.8 Myyj\u00e4ll\u00e4 on oikeus vaatia ostajalta takaisin perusteettoman reklamaation k\u00e4sittelyst\u00e4 aiheutuneet kulut. <\/p>\n<p>1.9 Takuu koskee vain Myyj\u00e4n valmistamia tai asentamia tuotteita ja niiden osia. <\/p>\n<ol start=\"2\">\n<li><strong>Ei takuuta:<\/strong><\/li>\n<\/ol>\n<p>2.1 Jos Myyj\u00e4 ei ole suorittanut pystytyst\u00e4 ja\/tai kuljetusta, vahinkoja, jotka ovat aiheutuneet tuotteen virheellisest\u00e4 s\u00e4ilytyksest\u00e4 sen j\u00e4lkeen, kun tuote on toimitettu Ostajalle (varastointi alttiina s\u00e4\u00e4olosuhteille, kosketuksissa maahan jne.) tai kuljetuksen ja pystytyksen aikana aiheutuneista vahingoista. Kuljetuksen aikana tapahtuneet vauriot (jos tuote toimitetaan ostajan asuin- tai liikepaikkaan), jotka voidaan tunnistaa ennen tavaran haltuunottoa (ennen kuorma-autosta purkamista), on kirjattava valokuvalla ja ilmoitettava myyj\u00e4lle.  <\/p>\n<p>2.2 Tuotteen ovet ja ikkunat ovat liikkuvia osia, joita on aika ajoin s\u00e4\u00e4dett\u00e4v\u00e4. S\u00e4\u00e4t\u00f6 ei kuulu takuun piiriin. <\/p>\n<p>2.3 Jos talosi on varustettu katto-, terassi-, markiisi- tms. katteen alla olevilla ulokkeilla kastelemalla ulokkeita, pulttien my\u00f6hempi +\/- s\u00e4\u00e4t\u00f6 ei kuulu takuun piiriin. <\/p>\n<p>2.4. Huonon ilmanvaihdon tai muiden huonoon sis\u00e4ilmastoon liittyvien tekij\u00f6iden aiheuttamat ongelmat. <\/p>\n<p>2.5. takuutapahtuman aiheuttamat lis\u00e4vahingot, jos ostaja olisi voinut v\u00e4ltt\u00e4\u00e4 lis\u00e4vahingon kokonaan tai olennaisesti. <\/p>\n<p>2.5. Puun ominaisuudet luonnonmateriaalina: <\/p>\n<ul>\n<li>turvotus, kutistuminen (alle 5 % leveydess\u00e4 tai paksuudessa), s\u00e4vyerot ja osien v\u00e4\u00e4ntyminen, jotka eiv\u00e4t est\u00e4 asennusta;<\/li>\n<li>tuotteen osissa on ehji\u00e4 \/ sis\u00e4\u00e4n kasvaneita oksia, jotka eiv\u00e4t vaikuta tuotteen vakauteen;<\/li>\n<li>lattia- ja kattolautojen h\u00f6yl\u00e4\u00e4m\u00e4tt\u00f6m\u00e4t pinnat, v\u00e4\u00e4ntym\u00e4t ja oksat, jos laudat on mahdollista asentaa siten, ett\u00e4 n\u00e4m\u00e4 puutteet j\u00e4\u00e4v\u00e4t lopullisen pinnan alle (esim. k\u00e4\u00e4nt\u00e4m\u00e4ll\u00e4 laudat yl\u00f6salaisin);<\/li>\n<li>halkaisijaltaan enint\u00e4\u00e4n 20 mm:n suuruiset oksat tuotteen osissa, my\u00f6s silloin, kun niit\u00e4 esiintyy tuotteen osien reunoilla, mutta ne j\u00e4\u00e4v\u00e4t rakenteen lopullisen viimeistelyn peittoon;<\/li>\n<li>tuotteen osien pienet aukot tai halkeamat (kuivumisen vuoksi), jotka eiv\u00e4t ole l\u00e4p\u00e4isevi\u00e4 ja jotka eiv\u00e4t vaaranna tuotteen rakenteellista vakautta;<\/li>\n<li>hartsitaskujen esiintyminen tuotteen osissa.<\/li>\n<\/ul>\n<p>2.6 Tuotteen luonnollisen kulumisen aiheuttamat vauriot (esim. lattialautojen tai kynnysten kuluminen). <\/p>\n<p>2.7. Lasipakkaus\/lasi, joka on mekaanisesti vaurioitunut, rikkoutunut tai jonka ostaja on pirstonut termisesti (lasin terminen pirstoutuminen voi tapahtua, jos lasin tai lasipakkauksen keskipisteen ja peitetyn reunan v\u00e4linen l\u00e4mp\u00f6tilaero ylitt\u00e4\u00e4 kriittisen rajan). <\/p>\n<p>2.8. Normaaleihin fysikaalisiin ilmi\u00f6ihin liittyv\u00e4t syyt (esim. ikkunoiden kondensoituminen). <\/p>\n<p>2.9 Ovien ja ikkunoiden kaarevuudet valmistajan toleranssien puitteissa. <\/p>\n<p>2.9. Tuotteen vahingoittuminen odottamattomissa olosuhteissa (kuten ilkivalta, tulva, salama tai tornado). <\/p>\n<p>2.10. Tuotteen julkisivu on pohjamaalattu ja maalattu kerran, joten on t\u00e4rke\u00e4\u00e4, ett\u00e4 koko tuote maalataan uudelleen kerran 6 kuukauden aikana. Maalikerroksen kunto on tarkistettava v\u00e4hint\u00e4\u00e4n kerran vuodessa ja pintak\u00e4sittely on tarvittaessa uusittava.  <\/p>\n<p><strong>Ostaja menett\u00e4\u00e4 oikeutensa tuotetakuuseen, jos:<\/strong><\/p>\n<ul>\n<li>Ostaja ei ole tarkastanut tuotteen ja sen osien m\u00e4\u00e4r\u00e4\u00e4, t\u00e4ydellisyytt\u00e4 ja laatua vastaanotettaessa kohtuullisen ajan kuluessa tuotteen vastaanottamisesta ja varmasti ennen asennuksen aloittamista.<\/li>\n<li>Vialliset osat tai m\u0101jan osat on jo asennettu tai maalattu, mutta vika olisi ollut havaittavissa tarkastuksessa. Vika on korjattava 1.5 kohdassa kuvatulla tavalla. <\/li>\n<li>Ostaja on antanut Myyj\u00e4lle v\u00e4\u00e4ri\u00e4 tai riitt\u00e4m\u00e4tt\u00f6mi\u00e4 tietoja tai puuttuvia ostotositteita tuotteeseen tai takuuvaatimukseen liittyen.<\/li>\n<\/ul>\n<\/div><\/section><\/p>\n","protected":false},"excerpt":{"rendered":"","protected":false},"author":1,"featured_media":0,"parent":40317,"menu_order":19,"comment_status":"closed","ping_status":"closed","template":"","meta":{"footnotes":""},"class_list":["post-40316","page","type-page","status-publish","hentry"],"_links":{"self":[{"href":"https:\/\/baltichouse.eu\/fi\/wp-json\/wp\/v2\/pages\/40316","targetHints":{"allow":["GET"]}}],"collection":[{"href":"https:\/\/baltichouse.eu\/fi\/wp-json\/wp\/v2\/pages"}],"about":[{"href":"https:\/\/baltichouse.eu\/fi\/wp-json\/wp\/v2\/types\/page"}],"author":[{"embeddable":true,"href":"https:\/\/baltichouse.eu\/fi\/wp-json\/wp\/v2\/users\/1"}],"replies":[{"embeddable":true,"href":"https:\/\/baltichouse.eu\/fi\/wp-json\/wp\/v2\/comments?post=40316"}],"version-history":[{"count":2,"href":"https:\/\/baltichouse.eu\/fi\/wp-json\/wp\/v2\/pages\/40316\/revisions"}],"predecessor-version":[{"id":40321,"href":"https:\/\/baltichouse.eu\/fi\/wp-json\/wp\/v2\/pages\/40316\/revisions\/40321"}],"up":[{"embeddable":true,"href":"https:\/\/baltichouse.eu\/fi\/wp-json\/wp\/v2\/pages\/40317"}],"wp:attachment":[{"href":"https:\/\/baltichouse.eu\/fi\/wp-json\/wp\/v2\/media?parent=40316"}],"curies":[{"name":"wp","href":"https:\/\/api.w.org\/{rel}","templated":true}]}}