{"id":40311,"date":"2025-02-17T08:59:44","date_gmt":"2025-02-17T06:59:44","guid":{"rendered":"https:\/\/baltichouse.eu\/puutarharakennusten-myynti\/"},"modified":"2025-03-13T14:10:43","modified_gmt":"2025-03-13T12:10:43","slug":"pihamokkien-myynti","status":"publish","type":"page","link":"https:\/\/baltichouse.eu\/fi\/","title":{"rendered":"Piham\u00f6kkien myynti"},"content":{"rendered":"\n<style type=\"text\/css\" data-created_by=\"avia_inline_auto\" id=\"style-css-av-1ct4sd1-268cfa4aa363c7d7daa46c3517bd49be\">\n.avia-section.av-1ct4sd1-268cfa4aa363c7d7daa46c3517bd49be{\nbackground-color:#cadbde;\nbackground-image:url(https:\/\/baltichouse.eu\/wp-content\/uploads\/2025\/02\/aiamajade-taust.webp?wsr);\nbackground-repeat:no-repeat;\nbackground-position:0% 0%;\nbackground-attachment:fixed;\n}\n.avia-section.av-1ct4sd1-268cfa4aa363c7d7daa46c3517bd49be .av-section-color-overlay{\nopacity:0.2;\n}\n<\/style>\n<div id='av_section_1'  class='avia-section av-1ct4sd1-268cfa4aa363c7d7daa46c3517bd49be main_color avia-section-default avia-no-shadow  avia-builder-el-0  avia-builder-el-no-sibling  home-bg-section avia-full-stretch avia-bg-style-fixed av-section-color-overlay-active container_wrap sidebar_right'  data-section-bg-repeat='stretch'><div class=\"av-section-color-overlay-wrap\"><div class=\"av-section-color-overlay\"><\/div><div class='container av-section-cont-open' ><main  role=\"main\" itemprop=\"mainContentOfPage\"  class='template-page content  av-content-small alpha units'><div class='post-entry post-entry-type-page post-entry-40311'><div class='entry-content-wrapper clearfix'>\n\n<style type=\"text\/css\" data-created_by=\"avia_inline_auto\" id=\"style-css-av-1bu3uud-ed447564510f6b7eb53979285f176733\">\n.flex_column.av-1bu3uud-ed447564510f6b7eb53979285f176733{\nborder-radius:0px 0px 0px 0px;\npadding:0px 0px 0px 0px;\n}\n<\/style>\n<div  class='flex_column av-1bu3uud-ed447564510f6b7eb53979285f176733 av_one_half  avia-builder-el-1  el_before_av_one_half  avia-builder-el-first  home-slogan-block first flex_column_div av-zero-column-padding  '     ><style type=\"text\/css\" data-created_by=\"avia_inline_auto\" id=\"style-css-av-19a1tad-2138b26e23701427a8398235266d3252\">\n#top .av-special-heading.av-19a1tad-2138b26e23701427a8398235266d3252{\npadding-bottom:0;\ncolor:#ffffff;\nfont-size:50px;\n}\nbody .av-special-heading.av-19a1tad-2138b26e23701427a8398235266d3252 .av-special-heading-tag .heading-char{\nfont-size:25px;\n}\n#top #wrap_all .av-special-heading.av-19a1tad-2138b26e23701427a8398235266d3252 .av-special-heading-tag{\nfont-size:50px;\n}\n.av-special-heading.av-19a1tad-2138b26e23701427a8398235266d3252 .special-heading-inner-border{\nborder-color:#ffffff;\n}\n.av-special-heading.av-19a1tad-2138b26e23701427a8398235266d3252 .av-subheading{\nfont-size:26px;\n}\n\n@media only screen and (min-width: 480px) and (max-width: 767px){ \n#top #wrap_all .av-special-heading.av-19a1tad-2138b26e23701427a8398235266d3252 .av-special-heading-tag{\nfont-size:0.8em;\n}\n}\n\n@media only screen and (max-width: 479px){ \n#top #wrap_all .av-special-heading.av-19a1tad-2138b26e23701427a8398235266d3252 .av-special-heading-tag{\nfont-size:0.8em;\n}\n}\n<\/style>\n<div  class='av-special-heading av-19a1tad-2138b26e23701427a8398235266d3252 av-special-heading-h1 custom-color-heading blockquote modern-quote  avia-builder-el-2  avia-builder-el-no-sibling  av-inherit-size'><h1 class='av-special-heading-tag '  itemprop=\"headline\"  >Piham\u00f6kit suoraan varastosta<\/h1><div class='av_custom_color av-subheading av-subheading_below'><p>Avaimet k\u00e4teen nyt, ei odottelua!<\/p>\n<\/div><div class=\"special-heading-border\"><div class=\"special-heading-inner-border\"><\/div><\/div><\/div><\/div>\n<style type=\"text\/css\" data-created_by=\"avia_inline_auto\" id=\"style-css-av-18in0lh-7befe6ce7ef99e41ef96fb9adf0c7fcf\">\n.flex_column.av-18in0lh-7befe6ce7ef99e41ef96fb9adf0c7fcf{\nborder-radius:0px 0px 0px 0px;\npadding:16px 16px 16px 16px;\nbackground-color:#ffffff;\n}\n<\/style>\n<div  class='flex_column av-18in0lh-7befe6ce7ef99e41ef96fb9adf0c7fcf av_one_half  avia-builder-el-3  el_after_av_one_half  el_before_av_one_fourth  home-sales-block flex_column_div  '     ><section  id=\"soodus-block\"  class='av_textblock_section av-12fifed-590deb1a12e68fdfaee68f39ae78068e '   itemscope=\"itemscope\" itemtype=\"https:\/\/schema.org\/CreativeWork\" ><div class='avia_textblock'  itemprop=\"text\" ><h2><a href=\"https:\/\/baltichouse.eu\/fi\/talot\/pihamokit\/pihamokit-tarjous\/\"><img loading=\"lazy\" decoding=\"async\" class=\"alignright wp-image-32063\" src=\"https:\/\/baltichouse.eu\/wp-content\/uploads\/2021\/05\/310-Soodus-T.jpg\" alt=\"Soodsad aiamajad\" width=\"250\" height=\"167\" srcset=\"https:\/\/baltichouse.eu\/wp-content\/uploads\/2021\/05\/310-Soodus-T.jpg 310w, https:\/\/baltichouse.eu\/wp-content\/uploads\/2021\/05\/310-Soodus-T-180x120.jpg 180w, https:\/\/baltichouse.eu\/wp-content\/uploads\/2021\/05\/310-Soodus-T-300x200.jpg 300w\" sizes=\"auto, (max-width: 250px) 100vw, 250px\" \/><\/a><a class=\"sales\" href=\"https:\/\/baltichouse.eu\/fi\/talot\/pihamokit\/pihamokit-tarjous\/\">Tarjoukset<\/a><\/h2>\n<p>Kymmeni\u00e4 edullisia piham\u00f6kkej\u00e4.<\/p>\n<p>L\u00e4hes kaikki m\u00f6kit heti varastosta saatavilla.<\/p>\n<p>Kest\u00e4v\u00e4sti tuotettu \u2013 laatu aina standardin mukainen.<\/p>\n<\/div><\/section><\/div>\n<style type=\"text\/css\" data-created_by=\"avia_inline_auto\" id=\"style-css-av-159ru9h-849a0de010534a1b1e4a2382aaf9bff7\">\n.flex_column.av-159ru9h-849a0de010534a1b1e4a2382aaf9bff7{\nborder-width:1px;\nborder-color:#aaaaaa;\nborder-style:solid;\nborder-radius:4px 4px 4px 4px;\npadding:10px 10px 10px 10px;\nbackground-color:#ffffff;\n}\n<\/style>\n<div  class='flex_column av-159ru9h-849a0de010534a1b1e4a2382aaf9bff7 av_one_fourth  avia-builder-el-5  el_after_av_one_half  el_before_av_one_fourth  first flex_column_div  column-top-margin'     ><section  class='av_textblock_section av-koctpy6f-88c030f88f92d7a072f78f6b7dd75e62 '   itemscope=\"itemscope\" itemtype=\"https:\/\/schema.org\/CreativeWork\" ><div class='avia_textblock'  itemprop=\"text\" ><h2><a href=\"https:\/\/baltichouse.eu\/fi\/talot\/pihamokit\/pihamokit-modern\/\">Piham\u00f6kit Modern<\/a><\/h2>\n<p><a href=\"https:\/\/baltichouse.eu\/fi\/talot\/pihamokit\/pihamokit-modern\/\"><img loading=\"lazy\" decoding=\"async\" class=\"aligncenter wp-image-32055 size-full\" src=\"https:\/\/baltichouse.eu\/wp-content\/uploads\/2021\/05\/310-Modern-T.jpg\" alt=\"\" width=\"310\" height=\"207\" srcset=\"https:\/\/baltichouse.eu\/wp-content\/uploads\/2021\/05\/310-Modern-T.jpg 310w, https:\/\/baltichouse.eu\/wp-content\/uploads\/2021\/05\/310-Modern-T-180x120.jpg 180w, https:\/\/baltichouse.eu\/wp-content\/uploads\/2021\/05\/310-Modern-T-300x200.jpg 300w\" sizes=\"auto, (max-width: 310px) 100vw, 310px\" \/><\/a><\/p>\n<p style=\"text-align: center;\">Tyylikk\u00e4\u00e4t piham\u00f6kit lasipaketeilla<\/p>\n<\/div><\/section><\/div>\n<style type=\"text\/css\" data-created_by=\"avia_inline_auto\" id=\"style-css-av-yym445-7821862cb088d4752ae3b1b1ca4d20dc\">\n.flex_column.av-yym445-7821862cb088d4752ae3b1b1ca4d20dc{\nborder-width:1px;\nborder-color:#aaaaaa;\nborder-style:solid;\nborder-radius:4px 4px 4px 4px;\npadding:10px 10px 10px 10px;\nbackground-color:#ffffff;\n}\n<\/style>\n<div  class='flex_column av-yym445-7821862cb088d4752ae3b1b1ca4d20dc av_one_fourth  avia-builder-el-7  el_after_av_one_fourth  el_before_av_one_fourth  flex_column_div  column-top-margin'     ><section  class='av_textblock_section av-xypoc5-7319c67a841ff51fa9fd7f2127042642 '   itemscope=\"itemscope\" itemtype=\"https:\/\/schema.org\/CreativeWork\" ><div class='avia_textblock'  itemprop=\"text\" ><h2><a href=\"https:\/\/baltichouse.eu\/fi\/talot\/pihamokit\/\/aiamajad-classic-seeria\">Piham\u00f6kit Classic<\/a><\/h2>\n<p><a href=\"https:\/\/baltichouse.eu\/fi\/talot\/pihamokit\/pihamokit-classic\/\"><img loading=\"lazy\" decoding=\"async\" class=\"aligncenter size-full wp-image-32047\" src=\"https:\/\/baltichouse.eu\/wp-content\/uploads\/2021\/05\/310-Classic-K.jpg\" alt=\"\" width=\"310\" height=\"207\" srcset=\"https:\/\/baltichouse.eu\/wp-content\/uploads\/2021\/05\/310-Classic-K.jpg 310w, https:\/\/baltichouse.eu\/wp-content\/uploads\/2021\/05\/310-Classic-K-180x120.jpg 180w, https:\/\/baltichouse.eu\/wp-content\/uploads\/2021\/05\/310-Classic-K-300x200.jpg 300w\" sizes=\"auto, (max-width: 310px) 100vw, 310px\" \/><\/a><\/p>\n<p style=\"text-align: center;\">Laadukkaat piham\u00f6kit, sein\u00e4 28-34 mm<\/p>\n<\/div><\/section><\/div>\n<style type=\"text\/css\" data-created_by=\"avia_inline_auto\" id=\"style-css-av-urpsud-35b36d47609bcad29cc9d73ce93cdc0a\">\n.flex_column.av-urpsud-35b36d47609bcad29cc9d73ce93cdc0a{\nborder-width:1px;\nborder-color:#aaaaaa;\nborder-style:solid;\nborder-radius:4px 4px 4px 4px;\npadding:10px 10px 10px 10px;\nbackground-color:#ffffff;\n}\n<\/style>\n<div  class='flex_column av-urpsud-35b36d47609bcad29cc9d73ce93cdc0a av_one_fourth  avia-builder-el-9  el_after_av_one_fourth  el_before_av_one_fourth  flex_column_div  column-top-margin'     ><section  class='av_textblock_section av-sb72md-4f92f787424cbec36a31a1187dedb72d '   itemscope=\"itemscope\" itemtype=\"https:\/\/schema.org\/CreativeWork\" ><div class='avia_textblock'  itemprop=\"text\" ><h2><a href=\"https:\/\/baltichouse.eu\/fi\/talot\/pihamokit\/\/aiamajad-premium-seeria\">Piham\u00f6kit Premium<\/a><\/h2>\n<p><a href=\"https:\/\/baltichouse.eu\/fi\/talot\/pihamokit\/pihamokit-premium\/\"><img loading=\"lazy\" decoding=\"async\" class=\"aligncenter size-full wp-image-32059\" src=\"https:\/\/baltichouse.eu\/wp-content\/uploads\/2021\/05\/310-Premium-T.jpg\" alt=\"\" width=\"310\" height=\"207\" srcset=\"https:\/\/baltichouse.eu\/wp-content\/uploads\/2021\/05\/310-Premium-T.jpg 310w, https:\/\/baltichouse.eu\/wp-content\/uploads\/2021\/05\/310-Premium-T-180x120.jpg 180w, https:\/\/baltichouse.eu\/wp-content\/uploads\/2021\/05\/310-Premium-T-300x200.jpg 300w\" sizes=\"auto, (max-width: 310px) 100vw, 310px\" \/><\/a><\/p>\n<p style=\"text-align: center;\">V\u00e4ljemm\u00e4t piham\u00f6kit 40\u201344 mm seinill\u00e4<\/p>\n<\/div><\/section><\/div>\n<style type=\"text\/css\" data-created_by=\"avia_inline_auto\" id=\"style-css-av-p84g05-41233a23dad17622f1eeb35626735731\">\n.flex_column.av-p84g05-41233a23dad17622f1eeb35626735731{\nborder-width:1px;\nborder-color:#aaaaaa;\nborder-style:solid;\nborder-radius:4px 4px 4px 4px;\npadding:10px 10px 10px 10px;\nbackground-color:#ffffff;\n}\n<\/style>\n<div  class='flex_column av-p84g05-41233a23dad17622f1eeb35626735731 av_one_fourth  avia-builder-el-11  el_after_av_one_fourth  el_before_av_one_fourth  flex_column_div  column-top-margin'     ><section  class='av_textblock_section av-nz0uxh-4234ce95e9334c9f8b203620d8b52b4e '   itemscope=\"itemscope\" itemtype=\"https:\/\/schema.org\/CreativeWork\" ><div class='avia_textblock'  itemprop=\"text\" ><h2><a href=\"https:\/\/baltichouse.eu\/fi\/talot\/pihamokit\/\/aiamajad-lux-seeria\">Piham\u00f6kit Lux<\/a><\/h2>\n<p><a href=\"https:\/\/baltichouse.eu\/fi\/talot\/pihamokit\/pihamokit-lux\/\"><img loading=\"lazy\" decoding=\"async\" class=\"aligncenter size-full wp-image-32051\" src=\"https:\/\/baltichouse.eu\/wp-content\/uploads\/2021\/05\/310-Lux-K.jpg\" alt=\"\" width=\"310\" height=\"207\" srcset=\"https:\/\/baltichouse.eu\/wp-content\/uploads\/2021\/05\/310-Lux-K.jpg 310w, https:\/\/baltichouse.eu\/wp-content\/uploads\/2021\/05\/310-Lux-K-180x120.jpg 180w, https:\/\/baltichouse.eu\/wp-content\/uploads\/2021\/05\/310-Lux-K-300x200.jpg 300w\" sizes=\"auto, (max-width: 310px) 100vw, 310px\" \/><\/a><\/p>\n<p style=\"text-align: center;\">M\u00f6kit paketti-ikkunoilla, sein\u00e4 44\u201370 mm<\/p>\n<\/div><\/section><\/div>\n<style type=\"text\/css\" data-created_by=\"avia_inline_auto\" id=\"style-css-av-ld3ath-8d65d456a4ca978596d02715be8d959f\">\n.flex_column.av-ld3ath-8d65d456a4ca978596d02715be8d959f{\nborder-width:1px;\nborder-color:#aaaaaa;\nborder-style:solid;\nborder-radius:4px 4px 4px 4px;\npadding:10px 10px 10px 10px;\nbackground-color:#ffffff;\n}\n<\/style>\n<div  class='flex_column av-ld3ath-8d65d456a4ca978596d02715be8d959f av_one_fourth  avia-builder-el-13  el_after_av_one_fourth  el_before_av_one_fourth  first flex_column_div  column-top-margin'     ><section  class='av_textblock_section av-id574l-85fa8f595f7183b24afd5f9d7f56e746 '   itemscope=\"itemscope\" itemtype=\"https:\/\/schema.org\/CreativeWork\" ><div class='avia_textblock'  itemprop=\"text\" ><h3><a href=\"https:\/\/baltichouse.eu\/fi\/talot\/kesamokit\/\">Kes\u00e4m\u00f6kit<\/a><\/h3>\n<p><a href=\"https:\/\/baltichouse.eu\/fi\/talot\/kesamokit\/\"><img loading=\"lazy\" decoding=\"async\" class=\"wp-image-8278 size-full aligncenter\" title=\"Suvemajad\" src=\"https:\/\/baltichouse.eu\/wp-content\/uploads\/2015\/11\/suvemajad-3.jpg\" alt=\"suvemajad\" width=\"300\" height=\"200\" srcset=\"https:\/\/baltichouse.eu\/wp-content\/uploads\/2015\/11\/suvemajad-3.jpg 300w, https:\/\/baltichouse.eu\/wp-content\/uploads\/2015\/11\/suvemajad-3-210x140.jpg 210w\" sizes=\"auto, (max-width: 300px) 100vw, 300px\" \/><\/a><\/p>\n<p style=\"text-align: center;\">Kes\u00e4m\u00f6kit sein\u00e4paksuudella 50\u201394 mm<br \/>\nMalleja my\u00f6s ymp\u00e4rivuotiseen k\u00e4ytt\u00f6\u00f6n<\/p>\n<\/div><\/section><\/div>\n<style type=\"text\/css\" data-created_by=\"avia_inline_auto\" id=\"style-css-av-fgr9mt-58af9f224f6a7d006d31fc3f468adba4\">\n.flex_column.av-fgr9mt-58af9f224f6a7d006d31fc3f468adba4{\nborder-width:1px;\nborder-color:#aaaaaa;\nborder-style:solid;\nborder-radius:4px 4px 4px 4px;\npadding:10px 10px 10px 10px;\nbackground-color:#ffffff;\n}\n<\/style>\n<div  class='flex_column av-fgr9mt-58af9f224f6a7d006d31fc3f468adba4 av_one_fourth  avia-builder-el-15  el_after_av_one_fourth  el_before_av_one_fourth  flex_column_div  column-top-margin'     ><section  class='av_textblock_section av-emmazp-038d3ce1000d28c57650284bf33804a9 '   itemscope=\"itemscope\" itemtype=\"https:\/\/schema.org\/CreativeWork\" ><div class='avia_textblock'  itemprop=\"text\" ><h3><a href=\"https:\/\/baltichouse.eu\/fi\/talot\/elementtitalot\/\">Elementtitalot<\/a><\/h3>\n<p><a href=\"https:\/\/baltichouse.eu\/fi\/talot\/elementtitalot\/\"><img loading=\"lazy\" decoding=\"async\" class=\"wp-image-8026 size-shop_catalog aligncenter\" src=\"https:\/\/baltichouse.eu\/wp-content\/uploads\/2015\/11\/Elementmajad-300x200.jpg\" alt=\"elementmajad\" width=\"300\" height=\"200\" srcset=\"https:\/\/baltichouse.eu\/wp-content\/uploads\/2015\/11\/Elementmajad-300x200.jpg 300w, https:\/\/baltichouse.eu\/wp-content\/uploads\/2015\/11\/Elementmajad-210x140.jpg 210w, https:\/\/baltichouse.eu\/wp-content\/uploads\/2015\/11\/Elementmajad-450x300.jpg 450w\" sizes=\"auto, (max-width: 300px) 100vw, 300px\" \/><\/a><\/p>\n<p style=\"text-align: center;\">Kodikkaat asuinrakennukset, vakiomallit ja r\u00e4\u00e4t\u00e4l\u00f6idyt ratkaisut, jopa &#8221;avaimet k\u00e4teen&#8221;<\/p>\n<\/div><\/section><\/div>\n<style type=\"text\/css\" data-created_by=\"avia_inline_auto\" id=\"style-css-av-12ui7p-2c808019eb303c7843959fb8f592b015\">\n.flex_column.av-12ui7p-2c808019eb303c7843959fb8f592b015{\nborder-width:1px;\nborder-color:#aaaaaa;\nborder-style:solid;\nborder-radius:4px 4px 4px 4px;\npadding:10px 10px 10px 10px;\nbackground-color:#ffffff;\n}\n<\/style>\n<div  class='flex_column av-12ui7p-2c808019eb303c7843959fb8f592b015 av_one_fourth  avia-builder-el-17  el_after_av_one_fourth  el_before_av_one_fourth  flex_column_div  column-top-margin'     ><section  class='av_textblock_section av-919px1-321ab7a0dc875083d69eaf229ae5c3f7 '   itemscope=\"itemscope\" itemtype=\"https:\/\/schema.org\/CreativeWork\" ><div class='avia_textblock'  itemprop=\"text\" ><h3><a href=\"https:\/\/baltichouse.eu\/fi\/talot\/pihasaunat\/\">Pihasaunat<\/a><\/h3>\n<p><a href=\"https:\/\/baltichouse.eu\/fi\/talot\/pihasaunat\/\"><img loading=\"lazy\" decoding=\"async\" class=\"aligncenter wp-image-8043 size-full\" src=\"https:\/\/baltichouse.eu\/wp-content\/uploads\/2015\/11\/Valmissaunad.jpg\" alt=\"pihasaunat\" width=\"548\" height=\"365\" srcset=\"https:\/\/baltichouse.eu\/wp-content\/uploads\/2015\/11\/Valmissaunad.jpg 548w, https:\/\/baltichouse.eu\/wp-content\/uploads\/2015\/11\/Valmissaunad-450x300.jpg 450w, https:\/\/baltichouse.eu\/wp-content\/uploads\/2015\/11\/Valmissaunad-210x140.jpg 210w, https:\/\/baltichouse.eu\/wp-content\/uploads\/2015\/11\/Valmissaunad-300x200.jpg 300w\" sizes=\"auto, (max-width: 548px) 100vw, 548px\" \/><\/a><\/p>\n<p style=\"text-align: center;\">Nopeasti ja ymp\u00e4ri vuoden asennettavat t\u00e4ysin varustellut saunam\u00f6kit<\/p>\n<\/div><\/section><\/div>\n<style type=\"text\/css\" data-created_by=\"avia_inline_auto\" id=\"style-css-av-5wfv2d-f50948883ab29fbaa326e45891cc4f5f\">\n.flex_column.av-5wfv2d-f50948883ab29fbaa326e45891cc4f5f{\nborder-width:1px;\nborder-color:#aaaaaa;\nborder-style:solid;\nborder-radius:4px 4px 4px 4px;\npadding:10px 10px 10px 10px;\nbackground-color:#ffffff;\n}\n<\/style>\n<div  class='flex_column av-5wfv2d-f50948883ab29fbaa326e45891cc4f5f av_one_fourth  avia-builder-el-19  el_after_av_one_fourth  avia-builder-el-last  flex_column_div  column-top-margin'     ><section  class='av_textblock_section av-4te1hx-bd086a0aca70661555b66415c5c64b8a '   itemscope=\"itemscope\" itemtype=\"https:\/\/schema.org\/CreativeWork\" ><div class='avia_textblock'  itemprop=\"text\" ><h3><a href=\"https:\/\/baltichouse.eu\/fi\/talot\/autotallit\/\">Autotallit<\/a><\/h3>\n<p><a href=\"https:\/\/baltichouse.eu\/fi\/talot\/autotallit\/\"><img loading=\"lazy\" decoding=\"async\" class=\"size-full wp-image-8290 aligncenter\" src=\"https:\/\/baltichouse.eu\/wp-content\/uploads\/2015\/11\/Garaazhid.jpg\" alt=\"garaa\u017eid\" width=\"300\" height=\"200\" srcset=\"https:\/\/baltichouse.eu\/wp-content\/uploads\/2015\/11\/Garaazhid.jpg 300w, https:\/\/baltichouse.eu\/wp-content\/uploads\/2015\/11\/Garaazhid-210x140.jpg 210w\" sizes=\"auto, (max-width: 300px) 100vw, 300px\" \/><\/a><\/p>\n<p style=\"text-align: center;\">Autokatokset ja autotallit<\/p>\n<\/div><\/section><\/div><\/div><\/div><\/main><!-- close content main element --><\/div><\/div><\/div><div id='after_section_1'  class='main_color av_default_container_wrap container_wrap sidebar_right'  ><div class='container av-section-cont-open' ><div class='template-page content  av-content-small alpha units'><div class='post-entry post-entry-type-page post-entry-40311'><div class='entry-content-wrapper clearfix'>\n","protected":false},"excerpt":{"rendered":"","protected":false},"author":1,"featured_media":0,"parent":0,"menu_order":5,"comment_status":"closed","ping_status":"closed","template":"","meta":{"footnotes":""},"class_list":["post-40311","page","type-page","status-publish","hentry"],"_links":{"self":[{"href":"https:\/\/baltichouse.eu\/fi\/wp-json\/wp\/v2\/pages\/40311","targetHints":{"allow":["GET"]}}],"collection":[{"href":"https:\/\/baltichouse.eu\/fi\/wp-json\/wp\/v2\/pages"}],"about":[{"href":"https:\/\/baltichouse.eu\/fi\/wp-json\/wp\/v2\/types\/page"}],"author":[{"embeddable":true,"href":"https:\/\/baltichouse.eu\/fi\/wp-json\/wp\/v2\/users\/1"}],"replies":[{"embeddable":true,"href":"https:\/\/baltichouse.eu\/fi\/wp-json\/wp\/v2\/comments?post=40311"}],"version-history":[{"count":8,"href":"https:\/\/baltichouse.eu\/fi\/wp-json\/wp\/v2\/pages\/40311\/revisions"}],"predecessor-version":[{"id":43562,"href":"https:\/\/baltichouse.eu\/fi\/wp-json\/wp\/v2\/pages\/40311\/revisions\/43562"}],"wp:attachment":[{"href":"https:\/\/baltichouse.eu\/fi\/wp-json\/wp\/v2\/media?parent=40311"}],"curies":[{"name":"wp","href":"https:\/\/api.w.org\/{rel}","templated":true}]}}