{"id":40304,"date":"2025-02-17T08:59:38","date_gmt":"2025-02-17T06:59:38","guid":{"rendered":"https:\/\/baltichouse.eu\/tuotetakuu\/"},"modified":"2025-02-17T08:59:55","modified_gmt":"2025-02-17T06:59:55","slug":"tuotetakuu","status":"publish","type":"page","link":"https:\/\/baltichouse.eu\/fi\/tuotteet\/tuotetakuu\/","title":{"rendered":"Tuotetakuu"},"content":{"rendered":"\n<style type=\"text\/css\" data-created_by=\"avia_inline_auto\" id=\"style-css-av-kc8oppfe-c62715b1544624765326bffe6368356c\">\n#top .av-special-heading.av-kc8oppfe-c62715b1544624765326bffe6368356c{\npadding-bottom:10px;\n}\nbody .av-special-heading.av-kc8oppfe-c62715b1544624765326bffe6368356c .av-special-heading-tag .heading-char{\nfont-size:25px;\n}\n.av-special-heading.av-kc8oppfe-c62715b1544624765326bffe6368356c .av-subheading{\nfont-size:15px;\n}\n<\/style>\n<div  class='av-special-heading av-kc8oppfe-c62715b1544624765326bffe6368356c av-special-heading-h1  avia-builder-el-0  el_before_av_textblock  avia-builder-el-first '><h1 class='av-special-heading-tag '  itemprop=\"headline\"  >Takuu puutarhaviljelytuotteille<\/h1><div class=\"special-heading-border\"><div class=\"special-heading-inner-border\"><\/div><\/div><\/div>\n<section  class='av_textblock_section av-1x61tc-6b459e3dfe65b92b82f38269295ad205 '   itemscope=\"itemscope\" itemtype=\"https:\/\/schema.org\/CreativeWork\" ><div class='avia_textblock'  itemprop=\"text\" ><p>Puutarhavajalla on 5 vuoden takuu puuosille ja 2 vuoden tuotetakuu osille. Tarkemmat takuuehdot on kuvattu alla. Tuotteen korjaaminen tai vaihtaminen takuuaikana ei pidenn\u00e4 takuuaikaa eik\u00e4 anna uutta takuuaikaa. Tuotteen takuuaikana vaihdetut tai korjatut osat mit\u00e4t\u00f6iv\u00e4t takuun, kun koko tuotteen takuuaika p\u00e4\u00e4ttyy.   <\/p>\n<ol>\n<li><strong>Takauksen yleiset ehdot:<\/strong>\n<ul>\n<li>Tuote on ostettu valmistajalta tai valmistajan viralliselta j\u00e4lleenmyyj\u00e4lt\u00e4 (j\u00e4ljemp\u00e4n\u00e4 &#8217;myyj\u00e4&#8217;) ja tuotteen loppuk\u00e4ytt\u00e4j\u00e4n (j\u00e4ljemp\u00e4n\u00e4 &#8217;ostaja&#8217;) on maksanut tuotteen laskun takuuvaatimuksen syntyhetkell\u00e4.<\/li>\n<li>Ostajan on varmistettava, ett\u00e4 tuote on valittu aiottuun k\u00e4ytt\u00f6tarkoitukseen ja ett\u00e4 se soveltuu aiottuun paikkaan (esim. ymp\u00e4rivuotinen k\u00e4ytt\u00f6 toimistona jne.).<\/li>\n<li>Takuu alkaa siit\u00e4, kun tuote on toimitettu ostajalle l\u00e4hetysasiakirjojen allekirjoittamisen j\u00e4lkeen. Takuun voimassaolon edellytyksen\u00e4 on, ett\u00e4 k\u00e4ytt\u00f6ohjeita noudatetaan tarkasti. Tuotteeseen tai sen osiin teht\u00e4vist\u00e4 muutoksista on sovittava etuk\u00e4teen myyj\u00e4n kanssa.  <\/li>\n<li>Takuuvaatimuksena pidet\u00e4\u00e4n tuotteen rakenteessa mahdollisesti esiintyv\u00e4\u00e4 vikaa, vikaa ja\/tai komponenttien puuttumista, joita ei ole suljettu pois takuuvaatimuksina kohdan 2 mukaisesti.<\/li>\n<li>Myyj\u00e4lle on ilmoitettava v\u00e4litt\u00f6m\u00e4sti ja viimeist\u00e4\u00e4n viiden ty\u00f6p\u00e4iv\u00e4n kuluessa vian havaitsemisesta kaikista tuotteessa ilmenevist\u00e4 vioista, jotka ilmenev\u00e4t takuuaikana. Reklamaation perustana ovat valokuva(t), vian kuvaus, tuotteen tuotenumero ja valmistajan sarjanumero (numero on merkitty tarkastuslomakkeeseen ja pakkauksen etikettiin). <\/li>\n<li>Takuuvahinko kattaa vain sen viallisen osan, joka vaihdetaan takuun puitteissa. Ostaja ja myyj\u00e4 sopivat l\u00e4himm\u00e4st\u00e4 mahdollisesta toimitusajasta ja -paikasta. Takuu ei kata kuljetus-, asennus-, aika- tai viestint\u00e4kustannuksia, jotka aiheutuvat vian tunnistamisesta ja asentamisesta. Myyj\u00e4 ei ole vastuussa ostajalle tai kolmannelle osapuolelle mist\u00e4\u00e4n satunnaisista tai v\u00e4lillisist\u00e4 vahingoista, jotka johtuvat tuotteen viasta.   <\/li>\n<\/ul>\n<\/li>\n<\/ol>\n<p>1.7 Ep\u00e4selviss\u00e4 tapauksissa Myyj\u00e4 pid\u00e4tt\u00e4\u00e4 itsell\u00e4\u00e4n oikeuden k\u00e4sitell\u00e4 asiaa yli 14 ty\u00f6p\u00e4iv\u00e4n ajan ja ottaa mukaan valitsemiaan asiantuntijoita asian selvitt\u00e4miseksi: <\/p>\n<ul>\n<li>onko tuote asennettu toimitettujen ohjeiden mukaisesti;<\/li>\n<li>onko olemassa olosuhteita, jotka sulkevat pois 2 kohdassa kuvatun takuun mukaisen vastuun.<\/li>\n<\/ul>\n<p>1.8 Myyj\u00e4ll\u00e4 on oikeus vaatia ostajalta takaisin perusteettoman reklamaation k\u00e4sittelyst\u00e4 aiheutuneet kulut. <\/p>\n<ol start=\"2\">\n<li><strong>Ei takuuta:<\/strong><\/li>\n<\/ol>\n<p>2.1 Vahingot, jotka johtuvat tuotteen virheellisest\u00e4 varastoinnista sen j\u00e4lkeen, kun tuote on toimitettu ostajalle (varastointi alttiina s\u00e4\u00e4olosuhteille, kosketuksissa maahan, l\u00e4mmitetyiss\u00e4 tiloissa) tai kuljetuksen ja asennuksen aikana aiheutuneista vahingoista. Kuljetuksen aikana tapahtuneet vauriot (jos tuotteen toimitus tapahtuu ostajan asuin- tai toimipaikassa), jotka voidaan tunnistaa ennen tavaran haltuunottoa (ennen kuorma-autosta purkamista), on kirjattava valokuvalla ja ilmoitettava myyj\u00e4lle.  <\/p>\n<p>2.2. Tuotteen valmistuksessa tehdyt virheet: <\/p>\n<ul>\n<li>asennusta ei ole suoritettu asennusohjeiden mukaisesti;<\/li>\n<li>pystytysty\u00f6ss\u00e4 ei ole otettu huomioon vallitsevia s\u00e4\u00e4olosuhteita (voimakas tuuli, lumi, j\u00e4\u00e4, sade), jotka voivat vahingoittaa tuotetta;<\/li>\n<li>perustuksen tai talon ensimm\u00e4isen sein\u00e4n yl\u00e4reunan ja maanpinnan v\u00e4lill\u00e4 on alle 45 mm:n rako;<\/li>\n<li>alemman sein\u00e4alueen ulkoreunaa ei aseteta perustuksen ulkoreunaa ulommaksi (vaadittu 5 mm);<\/li>\n<li>alakehys ei ole vuorovesi- ja kulmavaihteleva;<\/li>\n<li>perustuksen ja rakenteen v\u00e4liss\u00e4 ei k\u00e4ytet\u00e4 kosteussulkua;<\/li>\n<li>jos kyseess\u00e4 on Fibo-harkkopohja, takuu ei kata harkkopohjan j\u00e4\u00e4tymisest\u00e4 ja sulamisesta johtuvia vajoamisia ja kohoamisia;<\/li>\n<li>tuotetta ei ole k\u00e4sitelty puunsuoja-aineella v\u00e4litt\u00f6m\u00e4sti pystytyksen j\u00e4lkeen, lukuun ottamatta ovia ja ikkunoita, jotka on k\u00e4sitelt\u00e4v\u00e4 molemmin puolin (v\u00e4rimuutosten, v\u00e4\u00e4ntymisen ja turvotuksen est\u00e4miseksi). Konsultoi asiantuntijaa\/maalikauppiaita puunsuoja-aineiden valinnassa; <\/li>\n<li>tuotetta ei ole riitt\u00e4v\u00e4sti suojattu s\u00e4\u00e4lt\u00e4 esimerkiksi katto- ja kiinnityslistojen, ankkureiden, myrskysuojien tai vastaavien avulla, vaikka niit\u00e4 ei toimitettaisikaan puutarhavajan mukana;<\/li>\n<li>seiniss\u00e4 on j\u00e4yk\u00e4sti kiinnitettyj\u00e4 esineit\u00e4, jotka est\u00e4v\u00e4t talon normaalin kuivumisen, kutistumisen, vajoamisen tai laajenemisen (t\u00e4m\u00e4 on otettava huomioon my\u00f6s myrskysuojamutteria kiinnitett\u00e4ess\u00e4);<\/li>\n<li>kattolevyjen asennuksessa ei oteta huomioon laajenemisvaraa (1-2 mm tarvitaan);<\/li>\n<li>kattohuopaa (jos se sis\u00e4ltyy puutarhavajapakkaukseen), joka on tarkoitettu k\u00e4ytett\u00e4v\u00e4ksi kattopinnoitteena.<\/li>\n<\/ul>\n<p>2.3. Puun ominaisuudet luonnonmateriaalina: <\/p>\n<ul>\n<li>turvotus, kutistuminen (alle 5 % leveydess\u00e4 tai paksuudessa), s\u00e4vyerot ja osien v\u00e4\u00e4ntyminen, jotka eiv\u00e4t est\u00e4 asennusta;<\/li>\n<li>tuotteen osissa on ehji\u00e4 \/ sis\u00e4\u00e4n kasvaneita oksia, jotka eiv\u00e4t vaikuta tuotteen vakauteen;<\/li>\n<li>lattia- ja kattolautojen h\u00f6yl\u00e4\u00e4m\u00e4tt\u00f6m\u00e4t pinnat, v\u00e4\u00e4ntym\u00e4t ja oksat, jos laudat on mahdollista asentaa siten, ett\u00e4 n\u00e4m\u00e4 puutteet j\u00e4\u00e4v\u00e4t lopullisen pinnan alle (esim. k\u00e4\u00e4nt\u00e4m\u00e4ll\u00e4 laudat yl\u00f6salaisin);<\/li>\n<li>halkaisijaltaan enint\u00e4\u00e4n 20 mm:n suuruiset oksat tuotteen osissa, my\u00f6s silloin, kun niit\u00e4 esiintyy tuotteen osien reunoilla, mutta ne j\u00e4\u00e4v\u00e4t rakenteen lopullisen viimeistelyn peittoon;<\/li>\n<li>tuotteen osien pienet aukot tai halkeamat (kuivumisen vuoksi), jotka eiv\u00e4t ole l\u00e4p\u00e4isevi\u00e4 ja jotka eiv\u00e4t vaaranna tuotteen rakenteellista vakautta;<\/li>\n<li>hartsitaskujen esiintyminen tuotteen osissa.<\/li>\n<\/ul>\n<p>2.4. Tuotteessa on sormijatkettua puuta.<\/p>\n<p>2.5. Tuotteen luonnollisen kulumisen aiheuttamat vauriot (esim. lattialautojen tai kynnysten kuluminen).<\/p>\n<p>2.6. Ostajan mekaanisesti vahingoittama, rikkoma tai termisesti pirstoutunut lasipaketti\/lasi (lasin terminen pirstoutuminen voi tapahtua, jos lasin tai lasipaketin keskikohdan ja peitetyn reunan v\u00e4linen l\u00e4mp\u00f6tilaero ylitt\u00e4\u00e4 kriittisen rajan).<\/p>\n<p>2.7. Normaaleihin fysikaalisiin ilmi\u00f6ihin liittyv\u00e4t syyt (esim. ikkunoiden tiivistyminen).<\/p>\n<p>2.8. Tuotteen vahingoittuminen ennakoimattomissa olosuhteissa (kuten ilkivalta, tulva, salama tai tornado).<\/p>\n<p><strong>Ostaja menett\u00e4\u00e4 oikeutensa tuotetakuuseen, jos:<\/strong><\/p>\n<ul>\n<li>Ostaja ei ole tarkastanut tuotteen ja sen osien m\u00e4\u00e4r\u00e4\u00e4, t\u00e4ydellisyytt\u00e4 ja laatua vastaanotettaessa kohtuullisen ajan kuluessa tuotteen vastaanottamisesta ja varmasti ennen asennuksen aloittamista.<\/li>\n<li>Vialliset osat on jo asennettu tai maalattu, mutta tuotteen vika olisi voitu havaita tarkastuksen aikana. Puute olisi korjattava kohdassa 1.5 kuvatulla tavalla.<\/li>\n<li>Ostaja on antanut Myyj\u00e4lle v\u00e4\u00e4ri\u00e4 tai riitt\u00e4m\u00e4tt\u00f6mi\u00e4 tietoja tai puuttuvia ostotositteita tuotteeseen tai takuuvaatimukseen liittyen.<\/li>\n<\/ul>\n<\/div><\/section>\n","protected":false},"excerpt":{"rendered":"","protected":false},"author":1,"featured_media":0,"parent":40317,"menu_order":17,"comment_status":"closed","ping_status":"closed","template":"","meta":{"footnotes":""},"class_list":["post-40304","page","type-page","status-publish","hentry"],"_links":{"self":[{"href":"https:\/\/baltichouse.eu\/fi\/wp-json\/wp\/v2\/pages\/40304","targetHints":{"allow":["GET"]}}],"collection":[{"href":"https:\/\/baltichouse.eu\/fi\/wp-json\/wp\/v2\/pages"}],"about":[{"href":"https:\/\/baltichouse.eu\/fi\/wp-json\/wp\/v2\/types\/page"}],"author":[{"embeddable":true,"href":"https:\/\/baltichouse.eu\/fi\/wp-json\/wp\/v2\/users\/1"}],"replies":[{"embeddable":true,"href":"https:\/\/baltichouse.eu\/fi\/wp-json\/wp\/v2\/comments?post=40304"}],"version-history":[{"count":1,"href":"https:\/\/baltichouse.eu\/fi\/wp-json\/wp\/v2\/pages\/40304\/revisions"}],"predecessor-version":[{"id":40310,"href":"https:\/\/baltichouse.eu\/fi\/wp-json\/wp\/v2\/pages\/40304\/revisions\/40310"}],"up":[{"embeddable":true,"href":"https:\/\/baltichouse.eu\/fi\/wp-json\/wp\/v2\/pages\/40317"}],"wp:attachment":[{"href":"https:\/\/baltichouse.eu\/fi\/wp-json\/wp\/v2\/media?parent=40304"}],"curies":[{"name":"wp","href":"https:\/\/api.w.org\/{rel}","templated":true}]}}