{"id":40223,"date":"2025-02-17T08:59:31","date_gmt":"2025-02-17T06:59:31","guid":{"rendered":"https:\/\/baltichouse.eu\/ota-yhteytta\/tietoa-yrityksesta\/"},"modified":"2026-03-23T19:12:56","modified_gmt":"2026-03-23T17:12:56","slug":"tietoa-yrityksesta","status":"publish","type":"page","link":"https:\/\/baltichouse.eu\/fi\/ota-yhteytta\/tietoa-yrityksesta\/","title":{"rendered":"Tietoa yrityksest\u00e4"},"content":{"rendered":"\n<style type=\"text\/css\" data-created_by=\"avia_inline_auto\" id=\"style-css-av-eajrkg-683c3e38be17d5168ea2cf1df70dc949\">\n#top .av-special-heading.av-eajrkg-683c3e38be17d5168ea2cf1df70dc949{\npadding-bottom:10px;\nfont-size:26px;\n}\nbody .av-special-heading.av-eajrkg-683c3e38be17d5168ea2cf1df70dc949 .av-special-heading-tag .heading-char{\nfont-size:25px;\n}\n#top #wrap_all .av-special-heading.av-eajrkg-683c3e38be17d5168ea2cf1df70dc949 .av-special-heading-tag{\nfont-size:26px;\n}\n.av-special-heading.av-eajrkg-683c3e38be17d5168ea2cf1df70dc949 .av-subheading{\nfont-size:20px;\n}\n\n@media only screen and (min-width: 480px) and (max-width: 767px){ \n#top #wrap_all .av-special-heading.av-eajrkg-683c3e38be17d5168ea2cf1df70dc949 .av-special-heading-tag{\nfont-size:0.8em;\n}\n}\n\n@media only screen and (max-width: 479px){ \n#top #wrap_all .av-special-heading.av-eajrkg-683c3e38be17d5168ea2cf1df70dc949 .av-special-heading-tag{\nfont-size:0.8em;\n}\n}\n<\/style>\n<div  class='av-special-heading av-eajrkg-683c3e38be17d5168ea2cf1df70dc949 av-special-heading-h1 blockquote modern-quote  avia-builder-el-0  el_before_av_textblock  avia-builder-el-first  av-inherit-size'><h1 class='av-special-heading-tag '  itemprop=\"headline\"  >Baltichouse Production<\/h1><div class='av-subheading av-subheading_below'><p>kokemusta vuodesta 2005<\/p>\n<\/div><div class=\"special-heading-border\"><div class=\"special-heading-inner-border\"><\/div><\/div><\/div>\n<section  class='av_textblock_section av-me8k2ao7-87193d095dd1cc583d90636d3980e396 '   itemscope=\"itemscope\" itemtype=\"https:\/\/schema.org\/CreativeWork\" ><div class='avia_textblock'  itemprop=\"text\" ><h4>Elementtitalojen, piharakennusten ja muiden hirsirakennusten valmistus, myynti sek\u00e4 asennus.<\/h4>\n<section class=\"av_textblock_section\">\n<div class=\"avia_textblock \">\n<p>Baltichouse Production aloitti elementtitalojen (asuintalot, kes\u00e4m\u00f6kit, varastot, teollisuusrakennukset) valmistuksen vuonna 2012, mutta olemme toimineet myynnin ja asennuksen parissa jo viimeiset 9 vuotta. Talojemme tyytyv\u00e4iset asiakkaat asuvat p\u00e4\u00e4asiassa Virossa, Latviassa ja Suomessa. Tarjoamme t\u00e4\u00e4ll\u00e4 tietysti haluttaessa t\u00e4yden palvelun \u2013 hoidamme kaiken suunnittelusta ja rakennusluvista aina \u201davaimet k\u00e4teen\u201d -ratkaisuun asti.  <\/p>\n<p>Maaliskuusta 2010 l\u00e4htien Baltichouse Production on ollut Lasita Maja AS:n ainoa valtuutettu myyntiedustaja Virossa. Asiakkaillemme t\u00e4m\u00e4 tarkoittaa ennen kaikkea nopeita toimituksia, huomattavasti kilpailijoita suurempaa varastovalikoimaa sek\u00e4 tuotteiden korkeaa laatua \u2013 valmistajalle on my\u00f6nnetty ISO 9001 -laadunhallintasertifikaatti vuoden 2007 lopussa.  <\/p>\n<p>Suurin osa verkkosivujemme vakiomalleista on jatkuvasti varastossa. T\u00e4m\u00e4 tarkoittaa, ett\u00e4 meid\u00e4n on pidett\u00e4v\u00e4 varastossa jatkuvasti yli tuhatta piharakennusta, mutta asiakkaillemme se on mukavin ja paras ratkaisu.<\/p>\n<\/div>\n<\/section>\n<\/div><\/section>\n<section  class='av_textblock_section av-me8jx5gf-f61a24b61382efda12545a828783f3c2 '   itemscope=\"itemscope\" itemtype=\"https:\/\/schema.org\/CreativeWork\" ><div class='avia_textblock'  itemprop=\"text\" ><p><img loading=\"lazy\" decoding=\"async\" class=\"size-medium wp-image-38829 alignnone\" src=\"https:\/\/baltichouse.eu\/wp-content\/uploads\/2024\/03\/BHP_EEE_2018_2022-155x220.jpg\" alt=\"EEE-sertifikaatti Eng\" width=\"155\" height=\"220\" srcset=\"https:\/\/baltichouse.eu\/wp-content\/uploads\/2024\/03\/BHP_EEE_2018_2022-155x220.jpg 155w, https:\/\/baltichouse.eu\/wp-content\/uploads\/2024\/03\/BHP_EEE_2018_2022-450x637.jpg 450w, https:\/\/baltichouse.eu\/wp-content\/uploads\/2024\/03\/BHP_EEE_2018_2022-728x1030.jpg 728w, https:\/\/baltichouse.eu\/wp-content\/uploads\/2024\/03\/BHP_EEE_2018_2022-498x705.jpg 498w, https:\/\/baltichouse.eu\/wp-content\/uploads\/2024\/03\/BHP_EEE_2018_2022.jpg 848w\" sizes=\"auto, (max-width: 155px) 100vw, 155px\" \/> <img loading=\"lazy\" decoding=\"async\" class=\"size-medium wp-image-38825 alignnone\" src=\"https:\/\/baltichouse.eu\/wp-content\/uploads\/2024\/03\/BHP_EEE_2023-155x220.jpg\" alt=\"EEE-sertifikaatti\" width=\"155\" height=\"220\" srcset=\"https:\/\/baltichouse.eu\/wp-content\/uploads\/2024\/03\/BHP_EEE_2023-155x220.jpg 155w, https:\/\/baltichouse.eu\/wp-content\/uploads\/2024\/03\/BHP_EEE_2023-450x637.jpg 450w, https:\/\/baltichouse.eu\/wp-content\/uploads\/2024\/03\/BHP_EEE_2023-728x1030.jpg 728w, https:\/\/baltichouse.eu\/wp-content\/uploads\/2024\/03\/BHP_EEE_2023-498x705.jpg 498w, https:\/\/baltichouse.eu\/wp-content\/uploads\/2024\/03\/BHP_EEE_2023.jpg 848w\" sizes=\"auto, (max-width: 155px) 100vw, 155px\" \/> <img loading=\"lazy\" decoding=\"async\" class=\"size-medium wp-image-47033 alignnone\" src=\"https:\/\/baltichouse.eu\/wp-content\/uploads\/2025\/08\/baltichouse_reiting_sert_2024-156x220.jpg\" alt=\"Luokitussertifikaatti 2024\" width=\"156\" height=\"220\" srcset=\"https:\/\/baltichouse.eu\/wp-content\/uploads\/2025\/08\/baltichouse_reiting_sert_2024-156x220.jpg 156w, https:\/\/baltichouse.eu\/wp-content\/uploads\/2025\/08\/baltichouse_reiting_sert_2024-728x1030.jpg 728w, https:\/\/baltichouse.eu\/wp-content\/uploads\/2025\/08\/baltichouse_reiting_sert_2024-498x705.jpg 498w, https:\/\/baltichouse.eu\/wp-content\/uploads\/2025\/08\/baltichouse_reiting_sert_2024-450x636.jpg 450w, https:\/\/baltichouse.eu\/wp-content\/uploads\/2025\/08\/baltichouse_reiting_sert_2024-scaled.jpg 1810w\" sizes=\"auto, (max-width: 156px) 100vw, 156px\" \/><img loading=\"lazy\" decoding=\"async\" class=\"size-medium wp-image-47027 alignnone\" src=\"https:\/\/baltichouse.eu\/wp-content\/uploads\/2025\/08\/baltichouse_reiting_sert_2025-156x220.jpg\" alt=\"Luokitussertifikaatti 2025\" width=\"156\" height=\"220\" srcset=\"https:\/\/baltichouse.eu\/wp-content\/uploads\/2025\/08\/baltichouse_reiting_sert_2025-156x220.jpg 156w, https:\/\/baltichouse.eu\/wp-content\/uploads\/2025\/08\/baltichouse_reiting_sert_2025-728x1030.jpg 728w, https:\/\/baltichouse.eu\/wp-content\/uploads\/2025\/08\/baltichouse_reiting_sert_2025-498x705.jpg 498w, https:\/\/baltichouse.eu\/wp-content\/uploads\/2025\/08\/baltichouse_reiting_sert_2025-450x636.jpg 450w, https:\/\/baltichouse.eu\/wp-content\/uploads\/2025\/08\/baltichouse_reiting_sert_2025-scaled.jpg 1810w\" sizes=\"auto, (max-width: 156px) 100vw, 156px\" \/><\/p>\n<\/div><\/section>\n<section  class='av_textblock_section av-bjcy6o-1db852c3f00a0b9126bf09d70905c352 '   itemscope=\"itemscope\" itemtype=\"https:\/\/schema.org\/CreativeWork\" ><div class='avia_textblock'  itemprop=\"text\" ><h3 class=\"av-special-heading-tag\">Baltichouse Production tarjoaa laajan valikoiman erilaisia jyrsint\u00e4suihkupuutarham\u00f6kkej\u00e4.<\/h3>\n<h4 class=\"av-special-heading-tag\">Tuotetut sein\u00e4m\u00e4npaksuudet ovat:<\/h4>\n<\/div><\/section>\n<div  class='avia-icon-list-container av-9pmwps-693fa643958aa60104b77fa2e49b10b3  avia-builder-el-4  el_after_av_textblock  el_before_av_textblock '><ul class='avia-icon-list avia_animate_when_almost_visible avia-icon-list-left av-iconlist-big av-9pmwps-693fa643958aa60104b77fa2e49b10b3 avia-iconlist-animate'>\n<li><div class='iconlist_icon av-85avgg-d8bd1d83dcc57993332e37f31bca508a avia-font-entypo-fontello'><span class='iconlist-char' aria-hidden='true' data-av_icon='\ue812' data-av_iconfont='entypo-fontello'><\/span><\/div><article class=\"article-icon-entry \"  itemscope=\"itemscope\" itemtype=\"https:\/\/schema.org\/CreativeWork\" ><div class=\"iconlist_content_wrap\"><header class=\"entry-content-header\" aria-label=\"Icon: \"><\/header><div class='iconlist_content '  itemprop=\"text\" ><p>19mm, 28mm, 34mm, 40mm, 44mm, 50mm, 70mm, 92mm ja 94mm.<\/p>\n<\/div><\/div><footer class=\"entry-footer\"><\/footer><\/article><div class=\"iconlist-timeline\"><\/div><\/li>\n<li><div class='iconlist_icon av-59z3f4-681c0aac52923e9213b850320e7ae04c avia-font-entypo-fontello'><span class='iconlist-char' aria-hidden='true' data-av_icon='\ue812' data-av_iconfont='entypo-fontello'><\/span><\/div><article class=\"article-icon-entry \"  itemscope=\"itemscope\" itemtype=\"https:\/\/schema.org\/CreativeWork\" ><div class=\"iconlist_content_wrap\"><header class=\"entry-content-header\" aria-label=\"Icon: \"><\/header><div class='iconlist_content '  itemprop=\"text\" ><p>Puutarhatalot 28 mm:n sein\u00e4m\u00e4vahvuuteen asti ovat yksiverkkoja, 34 mm:n sein\u00e4m\u00e4vahvuudesta alkaen kaikki sein\u00e4rungot ovat kaksiverkkoja, materiaalina k\u00e4ytet\u00e4\u00e4n kuusta.<\/p>\n<\/div><\/div><footer class=\"entry-footer\"><\/footer><\/article><div class=\"iconlist-timeline\"><\/div><\/li>\n<\/ul><\/div>\n<section  class='av_textblock_section av-3ac074-9b9cede6bbcd27c40ad50d49c4b96e66 '   itemscope=\"itemscope\" itemtype=\"https:\/\/schema.org\/CreativeWork\" ><div class='avia_textblock'  itemprop=\"text\" ><p>Jos et satu l\u00f6yt\u00e4m\u00e4\u00e4n etsim\u00e4\u00e4si tuotetta verkkosivujemme valikoimasta, ilmoita siit\u00e4 meille - voimme varmasti valmistaa sen tilauksesta. Tarjoamme my\u00f6s kuljetuksen pyynn\u00f6st\u00e4 ja asennuksen avaimet k\u00e4teen -valmiuteen asti.<\/p>\n<p>Asennushinnat eiv\u00e4t yleens\u00e4 ylit\u00e4 25 % puutarha- tai loma-asunnon kustannuksista, ja isommissa taloissa ne voivat usein olla alle 10 %, mutta helpoin tapa selvitt\u00e4\u00e4 asia on l\u00e4hett\u00e4\u00e4 meille kysely.<\/p>\n<\/div><\/section>\n","protected":false},"excerpt":{"rendered":"","protected":false},"author":1,"featured_media":40227,"parent":40189,"menu_order":41,"comment_status":"closed","ping_status":"closed","template":"","meta":{"footnotes":""},"class_list":["post-40223","page","type-page","status-publish","has-post-thumbnail","hentry"],"_links":{"self":[{"href":"https:\/\/baltichouse.eu\/fi\/wp-json\/wp\/v2\/pages\/40223","targetHints":{"allow":["GET"]}}],"collection":[{"href":"https:\/\/baltichouse.eu\/fi\/wp-json\/wp\/v2\/pages"}],"about":[{"href":"https:\/\/baltichouse.eu\/fi\/wp-json\/wp\/v2\/types\/page"}],"author":[{"embeddable":true,"href":"https:\/\/baltichouse.eu\/fi\/wp-json\/wp\/v2\/users\/1"}],"replies":[{"embeddable":true,"href":"https:\/\/baltichouse.eu\/fi\/wp-json\/wp\/v2\/comments?post=40223"}],"version-history":[{"count":12,"href":"https:\/\/baltichouse.eu\/fi\/wp-json\/wp\/v2\/pages\/40223\/revisions"}],"predecessor-version":[{"id":50136,"href":"https:\/\/baltichouse.eu\/fi\/wp-json\/wp\/v2\/pages\/40223\/revisions\/50136"}],"up":[{"embeddable":true,"href":"https:\/\/baltichouse.eu\/fi\/wp-json\/wp\/v2\/pages\/40189"}],"wp:featuredmedia":[{"embeddable":true,"href":"https:\/\/baltichouse.eu\/fi\/wp-json\/wp\/v2\/media\/40227"}],"wp:attachment":[{"href":"https:\/\/baltichouse.eu\/fi\/wp-json\/wp\/v2\/media?parent=40223"}],"curies":[{"name":"wp","href":"https:\/\/api.w.org\/{rel}","templated":true}]}}