{"id":43340,"date":"2025-02-20T07:43:19","date_gmt":"2025-02-20T05:43:19","guid":{"rendered":"https:\/\/baltichouse.eu\/contacts\/representations\/"},"modified":"2025-02-20T07:44:13","modified_gmt":"2025-02-20T05:44:13","slug":"representations","status":"publish","type":"page","link":"https:\/\/baltichouse.eu\/en\/contacts\/representations\/","title":{"rendered":"Representations"},"content":{"rendered":"\n<style type=\"text\/css\" data-created_by=\"avia_inline_auto\" id=\"style-css-av-6ir7je-50608c3f2881fadcfb68d4e7df31f900\">\n.flex_column.av-6ir7je-50608c3f2881fadcfb68d4e7df31f900{\nborder-radius:0px 0px 0px 0px;\npadding:0px 0px 0px 0px;\n}\n<\/style>\n<div  class='flex_column av-6ir7je-50608c3f2881fadcfb68d4e7df31f900 av_one_full  avia-builder-el-0  el_before_av_one_half  avia-builder-el-first  first flex_column_div av-zero-column-padding  '     ><style type=\"text\/css\" data-created_by=\"avia_inline_auto\" id=\"style-css-av-kc4q7knj-db0dc05d2558f18125ac977cde9272d3\">\n#top .av-special-heading.av-kc4q7knj-db0dc05d2558f18125ac977cde9272d3{\npadding-bottom:10px;\n}\nbody .av-special-heading.av-kc4q7knj-db0dc05d2558f18125ac977cde9272d3 .av-special-heading-tag .heading-char{\nfont-size:25px;\n}\n.av-special-heading.av-kc4q7knj-db0dc05d2558f18125ac977cde9272d3 .av-subheading{\nfont-size:15px;\n}\n<\/style>\n<div  class='av-special-heading av-kc4q7knj-db0dc05d2558f18125ac977cde9272d3 av-special-heading-h3  avia-builder-el-1  avia-builder-el-no-sibling '><h3 class='av-special-heading-tag '  itemprop=\"headline\"  >Baltichouse Production O\u00dc<\/h3><div class=\"special-heading-border\"><div class=\"special-heading-inner-border\"><\/div><\/div><\/div><\/div>\n\n<style type=\"text\/css\" data-created_by=\"avia_inline_auto\" id=\"style-css-av-690eoi-b589b99b6407e50ccf7770c4a1110946\">\n#top .flex_column.av-690eoi-b589b99b6407e50ccf7770c4a1110946{\nmargin-top:0px;\nmargin-bottom:0px;\n}\n.flex_column.av-690eoi-b589b99b6407e50ccf7770c4a1110946{\nborder-radius:0px 0px 0px 0px;\npadding:0px 0px 0px 0px;\n}\n.responsive #top #wrap_all .flex_column.av-690eoi-b589b99b6407e50ccf7770c4a1110946{\nmargin-top:0px;\nmargin-bottom:0px;\n}\n<\/style>\n<div  class='flex_column av-690eoi-b589b99b6407e50ccf7770c4a1110946 av_one_half  avia-builder-el-2  el_after_av_one_full  el_before_av_one_half  first flex_column_div av-zero-column-padding  column-top-margin'     ><p><section  class='av_textblock_section av-lpsdknfu-0104752997bfc5a65ed061b4acc2f0bf '   itemscope=\"itemscope\" itemtype=\"https:\/\/schema.org\/CreativeWork\" ><div class='avia_textblock'  itemprop=\"text\" ><p>Registration number: 11669568<\/p>\n<p>KMKR: EE101615802<\/p>\n<\/div><\/section><br \/>\n<section  class='av_textblock_section av-60pr4y-32d876ad43b11d6c38499673276f9b94 '   itemscope=\"itemscope\" itemtype=\"https:\/\/schema.org\/CreativeWork\" ><div class='avia_textblock'  itemprop=\"text\" ><table style=\"border-collapse: collapse; width: 100%;\" border=\"0\">\n<tbody>\n<tr style=\"height: 23px;\">\n<td style=\"width: 50%; height: 23px;\">\n<style type=\"text\/css\" data-created_by=\"avia_inline_auto\" id=\"style-css-av-lad7u-7d8d4d635b876770e5dd0cf82fe5d14d\">\n.av_font_icon.av-lad7u-7d8d4d635b876770e5dd0cf82fe5d14d{\ncolor:#f96400;\nborder-color:#f96400;\n}\n.av_font_icon.av-lad7u-7d8d4d635b876770e5dd0cf82fe5d14d .av-icon-char{\nfont-size:40px;\nline-height:40px;\n}\n<\/style>\n<span  class='av_font_icon av-lad7u-7d8d4d635b876770e5dd0cf82fe5d14d avia_animate_when_visible av-icon-style- avia-icon-pos-center avia-icon-animate'><a href='tel:+372 53 456 476'   class='av-icon-char' aria-hidden='false' data-av_icon='\ue8ac' data-av_iconfont='entypo-fontello' data-avia-icon-tooltip=\"&lt;br \/&gt;\nClick icon to call&lt;br \/&gt;\n\"><\/a><\/span><\/p>\n<p style=\"text-align: center;\">+372 53 456 476<\/p>\n<\/td>\n<td style=\"width: 50%; height: 23px;\">\n<style type=\"text\/css\" data-created_by=\"avia_inline_auto\" id=\"style-css-av-kh8lu-116b620ccfd72e539f2f80aafcd8a5c9\">\n.av_font_icon.av-kh8lu-116b620ccfd72e539f2f80aafcd8a5c9{\ncolor:#f96400;\nborder-color:#f96400;\n}\n.av_font_icon.av-kh8lu-116b620ccfd72e539f2f80aafcd8a5c9 .av-icon-char{\nfont-size:40px;\nline-height:40px;\n}\n<\/style>\n<span  class='av_font_icon av-kh8lu-116b620ccfd72e539f2f80aafcd8a5c9 avia_animate_when_visible av-icon-style- avia-icon-pos-center avia-icon-animate'><a href='mailto:myyk@baltichouse.eu'   class='av-icon-char' aria-hidden='false' data-av_icon='\ue805' data-av_iconfont='entypo-fontello' ><\/a><\/span><\/p>\n<p style=\"text-align: center;\">myyk@baltichouse.eu<\/p>\n<\/td>\n<\/tr>\n<\/tbody>\n<\/table>\n<\/div><\/section><br \/>\n<section  class='av_textblock_section av-kdehkr06-b41ebb956c9f689e40f2c13d414e395d '   itemscope=\"itemscope\" itemtype=\"https:\/\/schema.org\/CreativeWork\" ><div class='avia_textblock top-47'  itemprop=\"text\" ><p>Please arrange a time for a consultation in advance.<\/p>\n<\/div><\/section><br \/>\n<div  class='togglecontainer av-kdehfhre-872b6fa9e0c81c0d9d35dca1509dfe04  avia-builder-el-8  el_after_av_textblock  avia-builder-el-last  toggle_close_all' >\n<section class='av_toggle_section av-6d9khy7-72de3511d1932034726e0e8b51685e9a'  itemscope=\"itemscope\" itemtype=\"https:\/\/schema.org\/CreativeWork\" ><div role=\"tablist\" class=\"single_toggle\" data-tags=\"{All} \"  ><p id='toggle-toggle-id-1' data-fake-id='#toggle-id-1' class='toggler  av-title-above '  itemprop=\"headline\"  role='tab' tabindex='0' aria-controls='toggle-id-1' data-slide-speed=\"200\" data-title=\"Book a time or ask a question\" data-title-open=\"\" data-aria_collapsed=\"Click to expand: Book a time or ask a question\" data-aria_expanded=\"Click to collapse: Book a time or ask a question\">Book a time or ask a question<span class=\"toggle_icon\"><span class=\"vert_icon\"><\/span><span class=\"hor_icon\"><\/span><\/span><\/p><div id='toggle-id-1' aria-labelledby='toggle-toggle-id-1' role='region' class='toggle_wrap  av-title-above'  ><div class='toggle_content invers-color '  itemprop=\"text\" >\n<div class=\"wpcf7 no-js\" id=\"wpcf7-f6169-o1\" lang=\"et\" dir=\"ltr\" data-wpcf7-id=\"6169\">\n<div class=\"screen-reader-response\"><p role=\"status\" aria-live=\"polite\" aria-atomic=\"true\"><\/p> <ul><\/ul><\/div>\n<form action=\"\/en\/wp-json\/wp\/v2\/pages\/43340#wpcf7-f6169-o1\" method=\"post\" class=\"wpcf7-form init\" aria-label=\"Contact form\" novalidate=\"novalidate\" data-status=\"init\">\n<fieldset class=\"hidden-fields-container\"><input type=\"hidden\" name=\"_wpcf7\" value=\"6169\" \/><input type=\"hidden\" name=\"_wpcf7_version\" value=\"6.1.5\" \/><input type=\"hidden\" name=\"_wpcf7_locale\" value=\"et\" \/><input type=\"hidden\" name=\"_wpcf7_unit_tag\" value=\"wpcf7-f6169-o1\" \/><input type=\"hidden\" name=\"_wpcf7_container_post\" value=\"0\" \/><input type=\"hidden\" name=\"_wpcf7_posted_data_hash\" value=\"\" \/>\n<\/fieldset>\n<div class=\"wpcf7-turnstile cf-turnstile\" data-sitekey=\"0x4AAAAAABXF_5hy_h_eZJ6v\" data-response-field-name=\"_wpcf7_turnstile_response\"><\/div>\n\n<h3>Infop\u00e4ring\n<\/h3>\n<p><span class=\"wpcf7-form-control-wrap\" data-name=\"your-name\"><input size=\"40\" maxlength=\"400\" class=\"wpcf7-form-control wpcf7-text wpcf7-validates-as-required\" aria-required=\"true\" aria-invalid=\"false\" placeholder=\"Nimi\" value=\"\" type=\"text\" name=\"your-name\" \/><\/span><br \/>\n<span class=\"wpcf7-form-control-wrap\" data-name=\"your-email\"><input size=\"40\" maxlength=\"400\" class=\"wpcf7-form-control wpcf7-email wpcf7-validates-as-required wpcf7-text wpcf7-validates-as-email\" aria-required=\"true\" aria-invalid=\"false\" placeholder=\"Email\" value=\"\" type=\"email\" name=\"your-email\" \/><\/span><br \/>\n<span class=\"wpcf7-form-control-wrap\" data-name=\"tel-440\"><input size=\"40\" maxlength=\"400\" class=\"wpcf7-form-control wpcf7-text\" aria-invalid=\"false\" placeholder=\"Telefon\" value=\"\" type=\"text\" name=\"tel-440\" \/><\/span><br \/>\n<span class=\"wpcf7-form-control-wrap\" data-name=\"kysimused\"><textarea cols=\"40\" rows=\"10\" maxlength=\"2000\" class=\"wpcf7-form-control wpcf7-textarea wpcf7-validates-as-required\" aria-required=\"true\" aria-invalid=\"false\" placeholder=\"K\u00fcsimused\" name=\"kysimused\"><\/textarea><\/span><br \/>\n<input class=\"wpcf7-form-control wpcf7-submit has-spinner\" type=\"submit\" value=\"Saada\" \/>\n<\/p><div class=\"wpcf7-response-output\" aria-hidden=\"true\"><\/div>\n<\/form>\n<\/div>\n\n<\/div><\/div><\/div><\/section>\n<\/div><\/p><\/div>\n\n<style type=\"text\/css\" data-created_by=\"avia_inline_auto\" id=\"style-css-av-5c9gju-d7fa6a2b69b47b76d17927c6f04a018d\">\n#top .flex_column.av-5c9gju-d7fa6a2b69b47b76d17927c6f04a018d{\nmargin-top:0px;\nmargin-bottom:0px;\n}\n.flex_column.av-5c9gju-d7fa6a2b69b47b76d17927c6f04a018d{\nborder-radius:0px 0px 0px 0px;\npadding:0px 0px 0px 0px;\n}\n.responsive #top #wrap_all .flex_column.av-5c9gju-d7fa6a2b69b47b76d17927c6f04a018d{\nmargin-top:0px;\nmargin-bottom:0px;\n}\n<\/style>\n<div  class='flex_column av-5c9gju-d7fa6a2b69b47b76d17927c6f04a018d av_one_half  avia-builder-el-9  el_after_av_one_half  el_before_av_one_full  flex_column_div av-zero-column-padding  column-top-margin'     ><div class='avia-data-table-wrap av-5749vu-a076896f77c53ce6ed642ae83b049bb2 avia_responsive_table avia-table-1'><table  class='avia-table avia-data-table avia_pricing_default  avia-builder-el-10  avia-builder-el-no-sibling '  itemscope=\"itemscope\" itemtype=\"https:\/\/schema.org\/Table\" ><tbody><tr class=''><td class=''>Tartu office:<\/td><td class=''>Kassisilma 6, R\u00e4ni alevik, \u00dclenurme rural municipality, Tartuumaa<br \/>\n<\/td><\/tr><tr class=''><td class=''>Viljandi representation:<\/td><td class=''>Lossi 42, Viljandi, Viljandimaa<\/td><\/tr><tr class=''><td class=''>Tallinn office:<\/td><td class=''>Sepise 1, Tallinn (\u00dclemiste), Harjumaa<\/td><\/tr><tr class=''><td class=''>Renting out houses:<\/td><td class=''>Risu tee 2, Pihva k\u00fcla, 61407 Tartumaa<br \/>\nMon-Fri 8:00-14:30<\/td><\/tr><tr class=''><td class=''>Latvian representative:<\/td><td class=''>\u0100da\u017ei, \u0100da\u017eu pagasts, \u0100da\u017eu novads, Latvia<\/td><\/tr><\/tbody><\/table><\/div><\/div>\n\n<style type=\"text\/css\" data-created_by=\"avia_inline_auto\" id=\"style-css-av-y9hkq-88f31be3ee5f8c9d3f2b111c3f294955\">\n.flex_column.av-y9hkq-88f31be3ee5f8c9d3f2b111c3f294955{\nborder-radius:0px 0px 0px 0px;\npadding:0px 0px 0px 0px;\n}\n<\/style>\n<div  class='flex_column av-y9hkq-88f31be3ee5f8c9d3f2b111c3f294955 av_one_full  avia-builder-el-11  el_after_av_one_half  avia-builder-el-last  first flex_column_div av-zero-column-padding  column-top-margin'     ><div  class='av_gmaps_sc_main_wrap av_gmaps_main_wrap '><div id='av_gmap_0' class='avia-google-map-container avia-google-map-sc av_gmaps_show_unconditionally av-no-fallback-img ' data-mapid='av_gmap_0'  style='height: 600px;'><a class=\"av_gmaps_browser_disabled av_text_confirm_link av_text_confirm_link_visible\" href=\"https:\/\/www.google.com\/maps\/search\/?api=1&#038;query=Sepise%201%20%20Tallinn%20%20Estonia\" target=\"_blank\">Maps were disabled by the visitor on this site. Click to open the map in a new window.<\/a><\/div><\/div><\/div>\n","protected":false},"excerpt":{"rendered":"","protected":false},"author":1,"featured_media":0,"parent":13224,"menu_order":38,"comment_status":"closed","ping_status":"closed","template":"","meta":{"footnotes":""},"class_list":["post-43340","page","type-page","status-publish","hentry"],"_links":{"self":[{"href":"https:\/\/baltichouse.eu\/en\/wp-json\/wp\/v2\/pages\/43340","targetHints":{"allow":["GET"]}}],"collection":[{"href":"https:\/\/baltichouse.eu\/en\/wp-json\/wp\/v2\/pages"}],"about":[{"href":"https:\/\/baltichouse.eu\/en\/wp-json\/wp\/v2\/types\/page"}],"author":[{"embeddable":true,"href":"https:\/\/baltichouse.eu\/en\/wp-json\/wp\/v2\/users\/1"}],"replies":[{"embeddable":true,"href":"https:\/\/baltichouse.eu\/en\/wp-json\/wp\/v2\/comments?post=43340"}],"version-history":[{"count":4,"href":"https:\/\/baltichouse.eu\/en\/wp-json\/wp\/v2\/pages\/43340\/revisions"}],"predecessor-version":[{"id":43345,"href":"https:\/\/baltichouse.eu\/en\/wp-json\/wp\/v2\/pages\/43340\/revisions\/43345"}],"up":[{"embeddable":true,"href":"https:\/\/baltichouse.eu\/en\/wp-json\/wp\/v2\/pages\/13224"}],"wp:attachment":[{"href":"https:\/\/baltichouse.eu\/en\/wp-json\/wp\/v2\/media?parent=43340"}],"curies":[{"name":"wp","href":"https:\/\/api.w.org\/{rel}","templated":true}]}}